{"id":4779,"date":"2025-09-16T13:59:24","date_gmt":"2025-09-16T13:59:24","guid":{"rendered":"https:\/\/www.brikaelektrik.al\/?post_type=product&#038;p=4779"},"modified":"2025-09-16T13:59:24","modified_gmt":"2025-09-16T13:59:24","slug":"kanaline-e-zinguar-me-vrima-300x75-elf30z3-2-5m","status":"publish","type":"product","link":"https:\/\/www.brikaelektrik.al\/al\/produkt\/kanaline-e-zinguar-me-vrima-300x75-elf30z3-2-5m\/","title":{"rendered":"KANALINE E ZINGUAR ME VRIMA 300X75 ELF30Z3 (2.5m)"},"content":{"rendered":"<div>\n<div>\n<div>\n<p><strong>Lart\u00ebsia (H):<\/strong> 75 mm<\/p>\n<\/div>\n<div>\n<p><strong>Gjer\u00ebsia (B):<\/strong> 300 mm<\/p>\n<\/div>\n<div>\n<p><strong>L:<\/strong> 3 mm<\/p>\n<\/div>\n<div>\n<p><strong>Trash\u00ebsia e materialit (s):<\/strong> 1 mm<\/p>\n<\/div>\n<div>\n<p><strong>Pesha:<\/strong> 10,52 kg<\/p>\n<\/div>\n<div>\n<p><strong>Sip\u00ebrfaqe e seksionit (su):<\/strong> 11,250 mm\u00b2<\/p>\n<\/div>\n<\/div>\n<\/div>","protected":false},"excerpt":{"rendered":"<p>Lart\u00ebsia (H): 75 mm Gjer\u00ebsia (B): 300 mm L: 3 mm Trash\u00ebsia e materialit (s): 1 mm Pesha: 10,52 kg Sip\u00ebrfaqe e seksionit (su): 11,250 mm\u00b2<\/p>","protected":false},"featured_media":4778,"comment_status":"open","ping_status":"closed","template":"","meta":{"_acf_changed":false},"product_brand":[],"product_cat":[94,46],"product_tag":[],"class_list":{"0":"post-4779","1":"product","2":"type-product","3":"status-publish","4":"has-post-thumbnail","6":"product_cat-kanaline-e-birezuar","7":"product_cat-sisteme-kanalina-metalike","9":"first","10":"instock","11":"shipping-taxable","12":"product-type-simple"},"acf":[],"_links":{"self":[{"href":"https:\/\/www.brikaelektrik.al\/al\/wp-json\/wp\/v2\/product\/4779","targetHints":{"allow":["GET"]}}],"collection":[{"href":"https:\/\/www.brikaelektrik.al\/al\/wp-json\/wp\/v2\/product"}],"about":[{"href":"https:\/\/www.brikaelektrik.al\/al\/wp-json\/wp\/v2\/types\/product"}],"replies":[{"embeddable":true,"href":"https:\/\/www.brikaelektrik.al\/al\/wp-json\/wp\/v2\/comments?post=4779"}],"wp:featuredmedia":[{"embeddable":true,"href":"https:\/\/www.brikaelektrik.al\/al\/wp-json\/wp\/v2\/media\/4778"}],"wp:attachment":[{"href":"https:\/\/www.brikaelektrik.al\/al\/wp-json\/wp\/v2\/media?parent=4779"}],"wp:term":[{"taxonomy":"product_brand","embeddable":true,"href":"https:\/\/www.brikaelektrik.al\/al\/wp-json\/wp\/v2\/product_brand?post=4779"},{"taxonomy":"product_cat","embeddable":true,"href":"https:\/\/www.brikaelektrik.al\/al\/wp-json\/wp\/v2\/product_cat?post=4779"},{"taxonomy":"product_tag","embeddable":true,"href":"https:\/\/www.brikaelektrik.al\/al\/wp-json\/wp\/v2\/product_tag?post=4779"}],"curies":[{"name":"wp","href":"https:\/\/api.w.org\/{rel}","templated":true}]}}