{"id":4783,"date":"2025-09-16T14:05:27","date_gmt":"2025-09-16T14:05:27","guid":{"rendered":"https:\/\/www.brikaelektrik.al\/?post_type=product&#038;p=4783"},"modified":"2025-09-16T14:05:27","modified_gmt":"2025-09-16T14:05:27","slug":"kanaline-e-zinguar-me-vrima-100x75-rus-elf10z3-2-5m","status":"publish","type":"product","link":"https:\/\/www.brikaelektrik.al\/al\/produkt\/kanaline-e-zinguar-me-vrima-100x75-rus-elf10z3-2-5m\/","title":{"rendered":"KANALINE E ZINGUAR ME VRIMA 100X75 RUS-ELF10Z3 (2.5m)"},"content":{"rendered":"<div>\n<div>\n<div>\n<p><strong>Lart\u00ebsia (H):<\/strong> 75 mm<\/p>\n<\/div>\n<div>\n<p><strong>Gjer\u00ebsia (B):<\/strong> 100 mm<\/p>\n<\/div>\n<div>\n<p><strong>L:<\/strong> 3 mm<\/p>\n<\/div>\n<div>\n<p><strong>Trash\u00ebsia e materialit (s):<\/strong> 0,8 mm<\/p>\n<\/div>\n<div>\n<p><strong>Pesha:<\/strong> 4,57 kg<\/p>\n<\/div>\n<div>\n<p><strong>Sip\u00ebrfaqe e seksionit (su):<\/strong> 3,750 mm\u00b2<\/p>\n<\/div>\n<\/div>\n<\/div>","protected":false},"excerpt":{"rendered":"<p>Lart\u00ebsia (H): 75 mm Gjer\u00ebsia (B): 100 mm L: 3 mm Trash\u00ebsia e materialit (s): 0,8 mm Pesha: 4,57 kg Sip\u00ebrfaqe e seksionit (su): 3,750 mm\u00b2<\/p>","protected":false},"featured_media":4778,"comment_status":"open","ping_status":"closed","template":"","meta":{"_acf_changed":false},"product_brand":[],"product_cat":[94,46],"product_tag":[],"class_list":{"0":"post-4783","1":"product","2":"type-product","3":"status-publish","4":"has-post-thumbnail","6":"product_cat-kanaline-e-birezuar","7":"product_cat-sisteme-kanalina-metalike","9":"first","10":"instock","11":"shipping-taxable","12":"product-type-simple"},"acf":[],"_links":{"self":[{"href":"https:\/\/www.brikaelektrik.al\/al\/wp-json\/wp\/v2\/product\/4783","targetHints":{"allow":["GET"]}}],"collection":[{"href":"https:\/\/www.brikaelektrik.al\/al\/wp-json\/wp\/v2\/product"}],"about":[{"href":"https:\/\/www.brikaelektrik.al\/al\/wp-json\/wp\/v2\/types\/product"}],"replies":[{"embeddable":true,"href":"https:\/\/www.brikaelektrik.al\/al\/wp-json\/wp\/v2\/comments?post=4783"}],"wp:featuredmedia":[{"embeddable":true,"href":"https:\/\/www.brikaelektrik.al\/al\/wp-json\/wp\/v2\/media\/4778"}],"wp:attachment":[{"href":"https:\/\/www.brikaelektrik.al\/al\/wp-json\/wp\/v2\/media?parent=4783"}],"wp:term":[{"taxonomy":"product_brand","embeddable":true,"href":"https:\/\/www.brikaelektrik.al\/al\/wp-json\/wp\/v2\/product_brand?post=4783"},{"taxonomy":"product_cat","embeddable":true,"href":"https:\/\/www.brikaelektrik.al\/al\/wp-json\/wp\/v2\/product_cat?post=4783"},{"taxonomy":"product_tag","embeddable":true,"href":"https:\/\/www.brikaelektrik.al\/al\/wp-json\/wp\/v2\/product_tag?post=4783"}],"curies":[{"name":"wp","href":"https:\/\/api.w.org\/{rel}","templated":true}]}}