{"id":4792,"date":"2025-09-16T14:27:15","date_gmt":"2025-09-16T14:27:15","guid":{"rendered":"https:\/\/www.brikaelektrik.al\/?post_type=product&#038;p=4792"},"modified":"2025-09-16T14:27:15","modified_gmt":"2025-09-16T14:27:15","slug":"kapak-per-devijues-t-ne-plan-400x75","status":"publish","type":"product","link":"https:\/\/www.brikaelektrik.al\/al\/produkt\/kapak-per-devijues-t-ne-plan-400x75\/","title":{"rendered":"KAPAK PER DEVIJUES T NE PLAN 400X75"},"content":{"rendered":"<div>\n<div>\n<div>\n<p><strong>Lart\u00ebsia (H):<\/strong> 10 mm<\/p>\n<\/div>\n<div>\n<p><strong>Gjer\u00ebsia (B):<\/strong> 400 mm<\/p>\n<\/div>\n<div>\n<p><strong>L1:<\/strong> 662 mm<\/p>\n<\/div>\n<div>\n<p><strong>L2:<\/strong> 537mm<\/p>\n<\/div>\n<div>\n<p><strong>Trash\u00ebsia e materialit (s):<\/strong> 1 mm<\/p>\n<\/div>\n<div>\n<p><strong>Rrezja (r):<\/strong> 130 mm<\/p>\n<\/div>\n<div>\n<p><strong>Pesha:<\/strong> 2.71 kg<\/p>\n<\/div>\n<\/div>\n<\/div>","protected":false},"excerpt":{"rendered":"<p>Lart\u00ebsia (H): 10 mm Gjer\u00ebsia (B): 400 mm L1: 662 mm L2: 537mm Trash\u00ebsia e materialit (s): 1 mm Rrezja (r): 130 mm Pesha: 2.71 kg<\/p>","protected":false},"featured_media":4788,"comment_status":"open","ping_status":"closed","template":"","meta":{"_acf_changed":false},"product_brand":[],"product_cat":[96,46],"product_tag":[],"class_list":{"0":"post-4792","1":"product","2":"type-product","3":"status-publish","4":"has-post-thumbnail","6":"product_cat-aksesore-montimi","7":"product_cat-sisteme-kanalina-metalike","9":"first","10":"instock","11":"shipping-taxable","12":"product-type-simple"},"acf":[],"_links":{"self":[{"href":"https:\/\/www.brikaelektrik.al\/al\/wp-json\/wp\/v2\/product\/4792","targetHints":{"allow":["GET"]}}],"collection":[{"href":"https:\/\/www.brikaelektrik.al\/al\/wp-json\/wp\/v2\/product"}],"about":[{"href":"https:\/\/www.brikaelektrik.al\/al\/wp-json\/wp\/v2\/types\/product"}],"replies":[{"embeddable":true,"href":"https:\/\/www.brikaelektrik.al\/al\/wp-json\/wp\/v2\/comments?post=4792"}],"wp:featuredmedia":[{"embeddable":true,"href":"https:\/\/www.brikaelektrik.al\/al\/wp-json\/wp\/v2\/media\/4788"}],"wp:attachment":[{"href":"https:\/\/www.brikaelektrik.al\/al\/wp-json\/wp\/v2\/media?parent=4792"}],"wp:term":[{"taxonomy":"product_brand","embeddable":true,"href":"https:\/\/www.brikaelektrik.al\/al\/wp-json\/wp\/v2\/product_brand?post=4792"},{"taxonomy":"product_cat","embeddable":true,"href":"https:\/\/www.brikaelektrik.al\/al\/wp-json\/wp\/v2\/product_cat?post=4792"},{"taxonomy":"product_tag","embeddable":true,"href":"https:\/\/www.brikaelektrik.al\/al\/wp-json\/wp\/v2\/product_tag?post=4792"}],"curies":[{"name":"wp","href":"https:\/\/api.w.org\/{rel}","templated":true}]}}