{"id":4793,"date":"2025-09-17T12:17:19","date_gmt":"2025-09-17T12:17:19","guid":{"rendered":"https:\/\/www.brikaelektrik.al\/?post_type=product&#038;p=4793"},"modified":"2025-09-17T12:17:19","modified_gmt":"2025-09-17T12:17:19","slug":"pulsant-qepeni-0-1-2-i-bardhe-i-zi-sabbia","status":"publish","type":"product","link":"https:\/\/www.brikaelektrik.al\/al\/produkt\/pulsant-qepeni-0-1-2-i-bardhe-i-zi-sabbia\/","title":{"rendered":"PULSANT QEPENI 0-1-2 (I BARDH\u00cb  I ZI  SABBIA)"},"content":{"rendered":"<p><strong>Seria:<\/strong> Living Now<br \/>\n<strong>Lloji:<\/strong> Buton i dyfisht\u00eb (double pushbutton)<br \/>\n<strong>Lidhja:<\/strong> Me nd\u00ebrprerje (interlocked) \u2013 nuk mund t\u00eb shtypen nj\u00ebkoh\u00ebsisht<br \/>\n<strong>Rryma maksimale:<\/strong> 10 A<br \/>\n<strong>Tensioni i operimit:<\/strong> 250 Vac<br \/>\n<strong>P\u00ebrdorimi:<\/strong> &#8211; P\u00ebrdoret p\u00ebr kontrollin e grilave elektrike, perdeve automatike (shutters)<br \/>\n&#8211; Ndalohet ndezja e nj\u00ebkohshme e drejtimit \u201cngjitje\u201d dhe \u201czbritje\u201d<br \/>\n<strong>Ndri\u00e7imi:<\/strong> I p\u00ebrgatitur p\u00ebr ndri\u00e7im (me LED ose neon, var\u00ebsisht modelit)<br \/>\n<strong>Kap\u00ebset:<\/strong> Lidhje me vida (screw clamps) dhe\/ose plate<br \/>\n<strong>Moduli:<\/strong> 1<br \/>\n<strong>Materiali:<\/strong> Technopolymer<br \/>\n<strong>Ngjyra:<\/strong> E bardh\u00eb \/ sipas seris\u00eb<br \/>\n<strong>Mbrojtja:<\/strong> IP20<br \/>\n<strong>Temperatura e pun\u00ebs:<\/strong> \u20135 \u00b0C deri +45 \u00b0C<br \/>\n<strong>Temperatura e magazinimit:<\/strong> \u201310 \u00b0C deri +70 \u00b0C<br \/>\n<strong>Montimi:<\/strong> Flush-mounted, n\u00eb kuti modulare<br \/>\n<strong>Halogjen free:<\/strong> Po<br \/>\n<strong>Standardet:<\/strong> EN 60669-1, EN 60669-2-1<\/p>","protected":false},"excerpt":{"rendered":"<p>Seria: Living Now Lloji: Buton i dyfisht\u00eb (double pushbutton) Lidhja: Me nd\u00ebrprerje (interlocked) \u2013 nuk mund t\u00eb shtypen nj\u00ebkoh\u00ebsisht Rryma maksimale: 10 A Tensioni i operimit: 250 Vac P\u00ebrdorimi: &#8211; P\u00ebrdoret p\u00ebr kontrollin e grilave elektrike, perdeve automatike (shutters) &#8211; Ndalohet ndezja e nj\u00ebkohshme e drejtimit \u201cngjitje\u201d dhe \u201czbritje\u201d Ndri\u00e7imi: I p\u00ebrgatitur p\u00ebr ndri\u00e7im (me [&hellip;]<\/p>","protected":false},"featured_media":4794,"comment_status":"open","ping_status":"closed","template":"","meta":{"_acf_changed":false},"product_brand":[],"product_cat":[40,64],"product_tag":[],"class_list":{"0":"post-4793","1":"product","2":"type-product","3":"status-publish","4":"has-post-thumbnail","6":"product_cat-serite-civile","7":"product_cat-living-now","9":"first","10":"instock","11":"shipping-taxable","12":"product-type-simple"},"acf":[],"_links":{"self":[{"href":"https:\/\/www.brikaelektrik.al\/al\/wp-json\/wp\/v2\/product\/4793","targetHints":{"allow":["GET"]}}],"collection":[{"href":"https:\/\/www.brikaelektrik.al\/al\/wp-json\/wp\/v2\/product"}],"about":[{"href":"https:\/\/www.brikaelektrik.al\/al\/wp-json\/wp\/v2\/types\/product"}],"replies":[{"embeddable":true,"href":"https:\/\/www.brikaelektrik.al\/al\/wp-json\/wp\/v2\/comments?post=4793"}],"wp:featuredmedia":[{"embeddable":true,"href":"https:\/\/www.brikaelektrik.al\/al\/wp-json\/wp\/v2\/media\/4794"}],"wp:attachment":[{"href":"https:\/\/www.brikaelektrik.al\/al\/wp-json\/wp\/v2\/media?parent=4793"}],"wp:term":[{"taxonomy":"product_brand","embeddable":true,"href":"https:\/\/www.brikaelektrik.al\/al\/wp-json\/wp\/v2\/product_brand?post=4793"},{"taxonomy":"product_cat","embeddable":true,"href":"https:\/\/www.brikaelektrik.al\/al\/wp-json\/wp\/v2\/product_cat?post=4793"},{"taxonomy":"product_tag","embeddable":true,"href":"https:\/\/www.brikaelektrik.al\/al\/wp-json\/wp\/v2\/product_tag?post=4793"}],"curies":[{"name":"wp","href":"https:\/\/api.w.org\/{rel}","templated":true}]}}