{"id":4795,"date":"2025-09-17T13:32:08","date_gmt":"2025-09-17T13:32:08","guid":{"rendered":"https:\/\/www.brikaelektrik.al\/?post_type=product&#038;p=4795"},"modified":"2025-09-23T13:50:00","modified_gmt":"2025-09-23T13:50:00","slug":"reostat-1-post-push-push-i-bardhei-zisabbia","status":"publish","type":"product","link":"https:\/\/www.brikaelektrik.al\/al\/produkt\/reostat-1-post-push-push-i-bardhei-zisabbia\/","title":{"rendered":"REOSTAT 1 POST PUSH PUSH (I BARDH\u00cb+I ZI+SABBIA)"},"content":{"rendered":"<p><strong data-start=\"129\" data-end=\"138\">Seria<\/strong>: Living Now BTicino (me funksionalitet t\u00eb zgjuar \u2013 Smart)<br data-start=\"158\" data-end=\"161\" \/><strong data-start=\"161\" data-end=\"170\" data-is-only-node=\"\">Lloji<\/strong>: Dimmer i lidhur \/ nd\u00ebrprer\u00ebs inteligjent<br data-start=\"200\" data-end=\"203\" \/><strong data-start=\"203\" data-end=\"216\">P\u00ebrdorimi<\/strong>: Kontroll ndri\u00e7imi lokal ose n\u00eb distanc\u00eb<br data-start=\"424\" data-end=\"427\" \/><strong data-start=\"427\" data-end=\"440\">Materiali<\/strong>: Plastik\u00eb termoplastike pa halogjen, sip\u00ebrfaqe mat, pa trajtim t\u00eb sip\u00ebrfaqes, pa trajtim antimikrobial<br data-start=\"543\" data-end=\"546\" \/><strong data-start=\"546\" data-end=\"556\">Ngjyra<\/strong>: E bardh\u00eb, e zez\u00eb, ngjyre R\u00ebre<br \/>\n<strong data-start=\"606\" data-end=\"618\">Mbrojtja<\/strong>: IP20<br \/>\n<strong>Fuqia maksimale: <\/strong>150 W @ 230 Vac, 75 W @ 110 Vac<br \/>\n<strong>Tensioni i furnizimit:<\/strong> 110\u2013230 V a.c.<br \/>\n<strong>Moduli:<\/strong> 1<br data-start=\"701\" data-end=\"704\" \/><strong data-start=\"704\" data-end=\"727\">Temperatura e pun\u00ebs<\/strong>: \u20135\u202f\u00b0C deri +50\u202f\u00b0C<br data-start=\"798\" data-end=\"801\" \/><strong data-start=\"801\" data-end=\"812\">Montimi<\/strong>: N\u00eb mur, montim modular (flush-mounted)<br \/>\n<strong>Funksione:<\/strong><br \/>\n&#8211; Ndri\u00e7im i rregulluesh\u00ebm (dimmer)<br \/>\n&#8211; Mund t\u00eb p\u00ebrdoret si nd\u00ebrprer\u00ebs klasik<br \/>\n&#8211; Komandim nga aplikacioni Home+Control<br \/>\n&#8211; Kompatibil me butona tradicional\u00eb ose telekomanda wireless<br \/>\n<strong>Halogjen free:<\/strong> Po<br \/>\n<strong>Standardet:<\/strong> EN 60669-2-1, EN 50428<\/p>","protected":false},"excerpt":{"rendered":"<p>Seria: Living Now BTicino (me funksionalitet t\u00eb zgjuar \u2013 Smart)Lloji: Dimmer i lidhur \/ nd\u00ebrprer\u00ebs inteligjentP\u00ebrdorimi: Kontroll ndri\u00e7imi lokal ose n\u00eb distanc\u00ebMateriali: Plastik\u00eb termoplastike pa halogjen, sip\u00ebrfaqe mat, pa trajtim t\u00eb sip\u00ebrfaqes, pa trajtim antimikrobialNgjyra: E bardh\u00eb, e zez\u00eb, ngjyre R\u00ebre Mbrojtja: IP20 Fuqia maksimale: 150 W @ 230 Vac, 75 W @ 110 Vac [&hellip;]<\/p>","protected":false},"featured_media":4796,"comment_status":"open","ping_status":"closed","template":"","meta":{"_acf_changed":false},"product_brand":[],"product_cat":[40,64],"product_tag":[],"class_list":{"0":"post-4795","1":"product","2":"type-product","3":"status-publish","4":"has-post-thumbnail","6":"product_cat-serite-civile","7":"product_cat-living-now","9":"first","10":"instock","11":"shipping-taxable","12":"product-type-simple"},"acf":[],"_links":{"self":[{"href":"https:\/\/www.brikaelektrik.al\/al\/wp-json\/wp\/v2\/product\/4795","targetHints":{"allow":["GET"]}}],"collection":[{"href":"https:\/\/www.brikaelektrik.al\/al\/wp-json\/wp\/v2\/product"}],"about":[{"href":"https:\/\/www.brikaelektrik.al\/al\/wp-json\/wp\/v2\/types\/product"}],"replies":[{"embeddable":true,"href":"https:\/\/www.brikaelektrik.al\/al\/wp-json\/wp\/v2\/comments?post=4795"}],"wp:featuredmedia":[{"embeddable":true,"href":"https:\/\/www.brikaelektrik.al\/al\/wp-json\/wp\/v2\/media\/4796"}],"wp:attachment":[{"href":"https:\/\/www.brikaelektrik.al\/al\/wp-json\/wp\/v2\/media?parent=4795"}],"wp:term":[{"taxonomy":"product_brand","embeddable":true,"href":"https:\/\/www.brikaelektrik.al\/al\/wp-json\/wp\/v2\/product_brand?post=4795"},{"taxonomy":"product_cat","embeddable":true,"href":"https:\/\/www.brikaelektrik.al\/al\/wp-json\/wp\/v2\/product_cat?post=4795"},{"taxonomy":"product_tag","embeddable":true,"href":"https:\/\/www.brikaelektrik.al\/al\/wp-json\/wp\/v2\/product_tag?post=4795"}],"curies":[{"name":"wp","href":"https:\/\/api.w.org\/{rel}","templated":true}]}}