{"id":4824,"date":"2025-09-23T13:50:08","date_gmt":"2025-09-23T13:50:08","guid":{"rendered":"https:\/\/www.brikaelektrik.al\/?post_type=product&#038;p=4824"},"modified":"2025-09-23T14:00:06","modified_gmt":"2025-09-23T14:00:06","slug":"reostat-2poste-push-push-i-bardhei-zisabbia","status":"publish","type":"product","link":"https:\/\/www.brikaelektrik.al\/al\/produkt\/reostat-2poste-push-push-i-bardhei-zisabbia\/","title":{"rendered":"REOSTAT 2POSTE PUSH PUSH (I BARDH\u00cb+I ZI+SABBIA)"},"content":{"rendered":"<p><strong data-start=\"129\" data-end=\"138\">Seria<\/strong>: Living Now BTicino<br data-start=\"158\" data-end=\"161\" \/><strong data-start=\"161\" data-end=\"170\" data-is-only-node=\"\">Lloji<\/strong>: Universal pushbutton dimmer<br data-start=\"200\" data-end=\"203\" \/><strong data-start=\"203\" data-end=\"216\">P\u00ebrdorimi<\/strong>: Rregullim ndri\u00e7imi p\u00ebr tipe t\u00eb ndryshme ngarkesash<br data-start=\"424\" data-end=\"427\" \/><strong data-start=\"427\" data-end=\"440\">Materiali<\/strong>: Plastik\u00eb termoplastike pa halogjen, sip\u00ebrfaqe mat, pa trajtim t\u00eb sip\u00ebrfaqes, pa trajtim antimikrobial<br data-start=\"543\" data-end=\"546\" \/><strong data-start=\"546\" data-end=\"556\">Ngjyra<\/strong>: E bardh\u00eb, e zez\u00eb, ngjyre R\u00ebre<br data-start=\"603\" data-end=\"606\" \/><strong data-start=\"606\" data-end=\"618\">Mbrojtja<\/strong>: IP20<br \/>\n<strong>Tensioni i furnizimit:<\/strong> 100\u2013240 V a.c. \u2013 50\/60 Hz<br \/>\n<strong>Moduli:<\/strong> 2<br data-start=\"701\" data-end=\"704\" \/><strong data-start=\"704\" data-end=\"727\">Temperatura e pun\u00ebs<\/strong>: \u20135\u202f\u00b0C deri +45\u202f\u00b0C<br data-start=\"798\" data-end=\"801\" \/><strong data-start=\"801\" data-end=\"812\">Montimi<\/strong>: N\u00eb mur, montim modular (flush-mounted)<br \/>\n<strong>Komandim: <\/strong>&#8211; Me buton shtyp\u00ebs (pushbutton)<br \/>\n&#8211; Mund t\u00eb instalohet n\u00eb sistemet ekzistuese n\u00eb vend t\u00eb nj\u00eb nd\u00ebrprer\u00ebsi klasik<br \/>\n<strong>Halogjen free:<\/strong> Po<br \/>\n<strong>Standardet:<\/strong> EN 60669-2-1<\/p>","protected":false},"excerpt":{"rendered":"<p>Seria: Living Now BTicinoLloji: Universal pushbutton dimmerP\u00ebrdorimi: Rregullim ndri\u00e7imi p\u00ebr tipe t\u00eb ndryshme ngarkesashMateriali: Plastik\u00eb termoplastike pa halogjen, sip\u00ebrfaqe mat, pa trajtim t\u00eb sip\u00ebrfaqes, pa trajtim antimikrobialNgjyra: E bardh\u00eb, e zez\u00eb, ngjyre R\u00ebreMbrojtja: IP20 Tensioni i furnizimit: 100\u2013240 V a.c. \u2013 50\/60 Hz Moduli: 2Temperatura e pun\u00ebs: \u20135\u202f\u00b0C deri +45\u202f\u00b0CMontimi: N\u00eb mur, montim modular (flush-mounted) [&hellip;]<\/p>","protected":false},"featured_media":4825,"comment_status":"open","ping_status":"closed","template":"","meta":{"_acf_changed":false},"product_brand":[],"product_cat":[40,64],"product_tag":[],"class_list":{"0":"post-4824","1":"product","2":"type-product","3":"status-publish","4":"has-post-thumbnail","6":"product_cat-serite-civile","7":"product_cat-living-now","9":"first","10":"instock","11":"shipping-taxable","12":"product-type-simple"},"acf":[],"_links":{"self":[{"href":"https:\/\/www.brikaelektrik.al\/al\/wp-json\/wp\/v2\/product\/4824","targetHints":{"allow":["GET"]}}],"collection":[{"href":"https:\/\/www.brikaelektrik.al\/al\/wp-json\/wp\/v2\/product"}],"about":[{"href":"https:\/\/www.brikaelektrik.al\/al\/wp-json\/wp\/v2\/types\/product"}],"replies":[{"embeddable":true,"href":"https:\/\/www.brikaelektrik.al\/al\/wp-json\/wp\/v2\/comments?post=4824"}],"wp:featuredmedia":[{"embeddable":true,"href":"https:\/\/www.brikaelektrik.al\/al\/wp-json\/wp\/v2\/media\/4825"}],"wp:attachment":[{"href":"https:\/\/www.brikaelektrik.al\/al\/wp-json\/wp\/v2\/media?parent=4824"}],"wp:term":[{"taxonomy":"product_brand","embeddable":true,"href":"https:\/\/www.brikaelektrik.al\/al\/wp-json\/wp\/v2\/product_brand?post=4824"},{"taxonomy":"product_cat","embeddable":true,"href":"https:\/\/www.brikaelektrik.al\/al\/wp-json\/wp\/v2\/product_cat?post=4824"},{"taxonomy":"product_tag","embeddable":true,"href":"https:\/\/www.brikaelektrik.al\/al\/wp-json\/wp\/v2\/product_tag?post=4824"}],"curies":[{"name":"wp","href":"https:\/\/api.w.org\/{rel}","templated":true}]}}