{"id":4827,"date":"2025-09-23T13:56:14","date_gmt":"2025-09-23T13:56:14","guid":{"rendered":"https:\/\/www.brikaelektrik.al\/?post_type=product&#038;p=4827"},"modified":"2025-09-23T14:00:28","modified_gmt":"2025-09-23T14:00:28","slug":"sensore-levizje-modular-1m-i-bardhe-i-zi-sabbia","status":"publish","type":"product","link":"https:\/\/www.brikaelektrik.al\/al\/produkt\/sensore-levizje-modular-1m-i-bardhe-i-zi-sabbia\/","title":{"rendered":"SENSORE L\u00cbVIZJE MODULAR 1M (I BARDH\u00cb  I ZI  SABBIA)"},"content":{"rendered":"<p><strong>Seria:<\/strong> Living Now<br \/>\n<strong>Lloji:<\/strong> Nd\u00ebrprer\u00ebs me sensor l\u00ebvizjeje pasiv (PIR)<br \/>\n<strong>Teknologjia:<\/strong> Infra t\u00eb kuqe pasive (PIR)<br \/>\n<strong>P\u00ebrdorimi: <\/strong>&#8211; Aktivizim automatik i ndri\u00e7imit ose pajisjeve elektrike n\u00eb prani t\u00eb l\u00ebvizjes<br \/>\n&#8211; I p\u00ebrshtatsh\u00ebm p\u00ebr t\u00eb gjitha llojet e ngarkesave, p\u00ebrfshir\u00eb llambat LED<br \/>\n<strong>Karakteristika kryesore:<\/strong><br \/>\n&#8211; Lidhje me 3 tela (faz\u00eb, neutral, ngarkes\u00eb)<br \/>\n&#8211; Sensori zmbraps\u00ebs i muzgut (twilight sensor), me prag t\u00eb rregulluesh\u00ebm ose mund\u00ebsi \u00e7aktivizimi<br \/>\n&#8211; Koh\u00ebzgjatja e ndezjes: rregullueshme nga 30 sekonda deri n\u00eb 10 minuta pas detektimit<br \/>\n&#8211; P\u00ebrshtatsh\u00ebm p\u00ebr montim n\u00eb ambiente t\u00eb brendshme<br \/>\n&#8211; Fuqia e furnizimit: 230 V a.c. \u2013 50\/60 Hz<br \/>\n<strong data-start=\"546\" data-end=\"556\">Ngjyra<\/strong>: E bardh\u00eb, e zez\u00eb, ngjyre R\u00ebre<br \/>\n<strong>Moduli:<\/strong> 1<br \/>\n<strong>Montimi:<\/strong> Flush-mounted n\u00eb kuti moduli<br \/>\n<strong>Materiali:<\/strong> Technopolymer<br \/>\n<strong>Mbrojtja:<\/strong> IP20<br \/>\n<strong>Temperatura e pun\u00ebs:<\/strong> \u20135 \u00b0C deri +45 \u00b0C<br \/>\n<strong>Halogjen free:<\/strong> Po<br \/>\n<strong>Standardet:<\/strong> EN 60669-2-1<\/p>","protected":false},"excerpt":{"rendered":"<p>Seria: Living Now Lloji: Nd\u00ebrprer\u00ebs me sensor l\u00ebvizjeje pasiv (PIR) Teknologjia: Infra t\u00eb kuqe pasive (PIR) P\u00ebrdorimi: &#8211; Aktivizim automatik i ndri\u00e7imit ose pajisjeve elektrike n\u00eb prani t\u00eb l\u00ebvizjes &#8211; I p\u00ebrshtatsh\u00ebm p\u00ebr t\u00eb gjitha llojet e ngarkesave, p\u00ebrfshir\u00eb llambat LED Karakteristika kryesore: &#8211; Lidhje me 3 tela (faz\u00eb, neutral, ngarkes\u00eb) &#8211; Sensori zmbraps\u00ebs i [&hellip;]<\/p>","protected":false},"featured_media":4828,"comment_status":"open","ping_status":"closed","template":"","meta":{"_acf_changed":false},"product_brand":[],"product_cat":[40,64],"product_tag":[],"class_list":{"0":"post-4827","1":"product","2":"type-product","3":"status-publish","4":"has-post-thumbnail","6":"product_cat-serite-civile","7":"product_cat-living-now","9":"first","10":"instock","11":"shipping-taxable","12":"product-type-simple"},"acf":[],"_links":{"self":[{"href":"https:\/\/www.brikaelektrik.al\/al\/wp-json\/wp\/v2\/product\/4827","targetHints":{"allow":["GET"]}}],"collection":[{"href":"https:\/\/www.brikaelektrik.al\/al\/wp-json\/wp\/v2\/product"}],"about":[{"href":"https:\/\/www.brikaelektrik.al\/al\/wp-json\/wp\/v2\/types\/product"}],"replies":[{"embeddable":true,"href":"https:\/\/www.brikaelektrik.al\/al\/wp-json\/wp\/v2\/comments?post=4827"}],"wp:featuredmedia":[{"embeddable":true,"href":"https:\/\/www.brikaelektrik.al\/al\/wp-json\/wp\/v2\/media\/4828"}],"wp:attachment":[{"href":"https:\/\/www.brikaelektrik.al\/al\/wp-json\/wp\/v2\/media?parent=4827"}],"wp:term":[{"taxonomy":"product_brand","embeddable":true,"href":"https:\/\/www.brikaelektrik.al\/al\/wp-json\/wp\/v2\/product_brand?post=4827"},{"taxonomy":"product_cat","embeddable":true,"href":"https:\/\/www.brikaelektrik.al\/al\/wp-json\/wp\/v2\/product_cat?post=4827"},{"taxonomy":"product_tag","embeddable":true,"href":"https:\/\/www.brikaelektrik.al\/al\/wp-json\/wp\/v2\/product_tag?post=4827"}],"curies":[{"name":"wp","href":"https:\/\/api.w.org\/{rel}","templated":true}]}}