{"id":4829,"date":"2025-09-23T14:04:23","date_gmt":"2025-09-23T14:04:23","guid":{"rendered":"https:\/\/www.brikaelektrik.al\/?post_type=product&#038;p=4829"},"modified":"2025-09-23T14:04:23","modified_gmt":"2025-09-23T14:04:23","slug":"shuko-e-sheshte-16a-e-bardhe","status":"publish","type":"product","link":"https:\/\/www.brikaelektrik.al\/al\/produkt\/shuko-e-sheshte-16a-e-bardhe\/","title":{"rendered":"SHUKO E SHESHT\u00cb 16A E BARDH\u00cb"},"content":{"rendered":"<p data-start=\"834\" data-end=\"1190\"><strong>Seria:<\/strong> Living Now<br \/>\n<strong>Lloji:<\/strong> Priz\u00eb e shesht\u00eb P40 \u2013 standard italian<br \/>\n<strong>Moduli:<\/strong> 2<br \/>\n<strong>Tensioni i furnizimit:<\/strong> 250 V a.c.<br \/>\n<strong>Rryma e hyrjes:<\/strong> 16 A<br \/>\n<strong>Polaritete:<\/strong> 2P+E (me tok\u00eb)<br \/>\n<strong>Lloji i lidhjes: <\/strong>&#8211; Kontak tulipan t\u00eb mbrojtur<br \/>\n&#8211; Kontakt an\u00ebsor toke p\u00ebr fole gjermane<br \/>\n<strong>Standardet e mb\u00ebshtetura:<\/strong><br \/>\n&#8211; Priza italiane 2P dhe 2P+E 10\/16 A<br \/>\n&#8211; Priza italiane 16 A (me distanc\u00eb qendrore 26 mm)<br \/>\n&#8211; Priza gjermane 2P+E 16 A (Schuko)<br \/>\n<strong>Distanca e kontakteve:\u00a0<\/strong>19 mm dhe 26 mm n\u00eb konfigurim me 2 qendra<br \/>\n<strong>Karakteristik\u00eb:<\/strong>\u00a0Sip\u00ebrfaqja e priz\u00ebs rr\u00ebshqet brenda korpusit kur futet spinoti<br \/>\n&#8211; Rikthehet automatikisht n\u00eb pozicionin fillestar kur spinoti hiqet<br \/>\n<strong>Ngjyra:<\/strong> E bardh\u00eb<br \/>\n<strong>Montimi:<\/strong> Flush-mounted<br \/>\n<strong>Materiali:<\/strong> Technopolymer<br \/>\n<strong>Mbrojtja:<\/strong> IP20<br \/>\n<strong>Halogjen free:<\/strong> Po<br \/>\n<strong>Temperatura e funksionimit:<\/strong> \u20135 \u00b0C deri +45 \u00b0C<\/p>","protected":false},"excerpt":{"rendered":"<p>Seria: Living Now Lloji: Priz\u00eb e shesht\u00eb P40 \u2013 standard italian Moduli: 2 Tensioni i furnizimit: 250 V a.c. Rryma e hyrjes: 16 A Polaritete: 2P+E (me tok\u00eb) Lloji i lidhjes: &#8211; Kontak tulipan t\u00eb mbrojtur &#8211; Kontakt an\u00ebsor toke p\u00ebr fole gjermane Standardet e mb\u00ebshtetura: &#8211; Priza italiane 2P dhe 2P+E 10\/16 A &#8211; [&hellip;]<\/p>","protected":false},"featured_media":4830,"comment_status":"open","ping_status":"closed","template":"","meta":{"_acf_changed":false},"product_brand":[],"product_cat":[40,64],"product_tag":[],"class_list":{"0":"post-4829","1":"product","2":"type-product","3":"status-publish","4":"has-post-thumbnail","6":"product_cat-serite-civile","7":"product_cat-living-now","9":"first","10":"instock","11":"shipping-taxable","12":"product-type-simple"},"acf":[],"_links":{"self":[{"href":"https:\/\/www.brikaelektrik.al\/al\/wp-json\/wp\/v2\/product\/4829","targetHints":{"allow":["GET"]}}],"collection":[{"href":"https:\/\/www.brikaelektrik.al\/al\/wp-json\/wp\/v2\/product"}],"about":[{"href":"https:\/\/www.brikaelektrik.al\/al\/wp-json\/wp\/v2\/types\/product"}],"replies":[{"embeddable":true,"href":"https:\/\/www.brikaelektrik.al\/al\/wp-json\/wp\/v2\/comments?post=4829"}],"wp:featuredmedia":[{"embeddable":true,"href":"https:\/\/www.brikaelektrik.al\/al\/wp-json\/wp\/v2\/media\/4830"}],"wp:attachment":[{"href":"https:\/\/www.brikaelektrik.al\/al\/wp-json\/wp\/v2\/media?parent=4829"}],"wp:term":[{"taxonomy":"product_brand","embeddable":true,"href":"https:\/\/www.brikaelektrik.al\/al\/wp-json\/wp\/v2\/product_brand?post=4829"},{"taxonomy":"product_cat","embeddable":true,"href":"https:\/\/www.brikaelektrik.al\/al\/wp-json\/wp\/v2\/product_cat?post=4829"},{"taxonomy":"product_tag","embeddable":true,"href":"https:\/\/www.brikaelektrik.al\/al\/wp-json\/wp\/v2\/product_tag?post=4829"}],"curies":[{"name":"wp","href":"https:\/\/api.w.org\/{rel}","templated":true}]}}