{"id":4835,"date":"2025-09-23T14:21:13","date_gmt":"2025-09-23T14:21:13","guid":{"rendered":"https:\/\/www.brikaelektrik.al\/?post_type=product&#038;p=4835"},"modified":"2025-09-23T14:21:13","modified_gmt":"2025-09-23T14:21:13","slug":"smart-cover-black-gatewayhome-away","status":"publish","type":"product","link":"https:\/\/www.brikaelektrik.al\/al\/produkt\/smart-cover-black-gatewayhome-away\/","title":{"rendered":"Smart Cover Black Gateway+Home\/Away"},"content":{"rendered":"<p><strong>Seria:<\/strong> Living Now<br \/>\n<strong>Lloji:<\/strong> Mbules\u00eb p\u00ebr pajisje Gateway<br \/>\n<strong>P\u00ebrdorimi:<\/strong> P\u00ebrdoret p\u00ebr t\u00eb mbuluar dhe p\u00ebrshtatur estetikisht Gateway-n e sistemit t\u00eb nd\u00ebrtes\u00ebs smart (artikulli K4500C) me pjes\u00ebn tjet\u00ebr t\u00eb instalimit<br \/>\n<strong>Moduli:<\/strong> 2<br \/>\n<strong>Ngjyra:<\/strong> E zez\u00eb<br \/>\n<strong>Materiali:<\/strong> Technopolymer \/ plastik\u00eb cil\u00ebsore<br \/>\n<strong>Montimi:<\/strong> Flush-mounted (n\u00eb mur)<br \/>\n<strong>P\u00ebrputhshm\u00ebri:<\/strong> Vet\u00ebm me Gateway K4500C<br \/>\n<strong>Karakteristika t\u00eb tjera:<\/strong><br \/>\n&#8211; Dizajn modern dhe minimalist<br \/>\n&#8211; Sip\u00ebrfaqe rezistente ndaj g\u00ebrvishtjeve t\u00eb lehta<br \/>\n&#8211; Montim i thjesht\u00eb me kapje (snap-on)<\/p>","protected":false},"excerpt":{"rendered":"<p>Seria: Living Now Lloji: Mbules\u00eb p\u00ebr pajisje Gateway P\u00ebrdorimi: P\u00ebrdoret p\u00ebr t\u00eb mbuluar dhe p\u00ebrshtatur estetikisht Gateway-n e sistemit t\u00eb nd\u00ebrtes\u00ebs smart (artikulli K4500C) me pjes\u00ebn tjet\u00ebr t\u00eb instalimit Moduli: 2 Ngjyra: E zez\u00eb Materiali: Technopolymer \/ plastik\u00eb cil\u00ebsore Montimi: Flush-mounted (n\u00eb mur) P\u00ebrputhshm\u00ebri: Vet\u00ebm me Gateway K4500C Karakteristika t\u00eb tjera: &#8211; Dizajn modern dhe [&hellip;]<\/p>","protected":false},"featured_media":4836,"comment_status":"open","ping_status":"closed","template":"","meta":{"_acf_changed":false},"product_brand":[],"product_cat":[40,64],"product_tag":[],"class_list":{"0":"post-4835","1":"product","2":"type-product","3":"status-publish","4":"has-post-thumbnail","6":"product_cat-serite-civile","7":"product_cat-living-now","9":"first","10":"instock","11":"shipping-taxable","12":"product-type-simple"},"acf":[],"_links":{"self":[{"href":"https:\/\/www.brikaelektrik.al\/al\/wp-json\/wp\/v2\/product\/4835","targetHints":{"allow":["GET"]}}],"collection":[{"href":"https:\/\/www.brikaelektrik.al\/al\/wp-json\/wp\/v2\/product"}],"about":[{"href":"https:\/\/www.brikaelektrik.al\/al\/wp-json\/wp\/v2\/types\/product"}],"replies":[{"embeddable":true,"href":"https:\/\/www.brikaelektrik.al\/al\/wp-json\/wp\/v2\/comments?post=4835"}],"wp:featuredmedia":[{"embeddable":true,"href":"https:\/\/www.brikaelektrik.al\/al\/wp-json\/wp\/v2\/media\/4836"}],"wp:attachment":[{"href":"https:\/\/www.brikaelektrik.al\/al\/wp-json\/wp\/v2\/media?parent=4835"}],"wp:term":[{"taxonomy":"product_brand","embeddable":true,"href":"https:\/\/www.brikaelektrik.al\/al\/wp-json\/wp\/v2\/product_brand?post=4835"},{"taxonomy":"product_cat","embeddable":true,"href":"https:\/\/www.brikaelektrik.al\/al\/wp-json\/wp\/v2\/product_cat?post=4835"},{"taxonomy":"product_tag","embeddable":true,"href":"https:\/\/www.brikaelektrik.al\/al\/wp-json\/wp\/v2\/product_tag?post=4835"}],"curies":[{"name":"wp","href":"https:\/\/api.w.org\/{rel}","templated":true}]}}