{"id":4837,"date":"2025-09-23T14:27:33","date_gmt":"2025-09-23T14:27:33","guid":{"rendered":"https:\/\/www.brikaelektrik.al\/?post_type=product&#038;p=4837"},"modified":"2025-09-23T14:27:33","modified_gmt":"2025-09-23T14:27:33","slug":"smart-gatewayhome-away","status":"publish","type":"product","link":"https:\/\/www.brikaelektrik.al\/al\/produkt\/smart-gatewayhome-away\/","title":{"rendered":"Smart Gateway+Home\/Away"},"content":{"rendered":"<p><strong>Seria:<\/strong> Living Now<br \/>\n<strong>Lloji:<\/strong> Gateway (modul komunikimi p\u00ebr pajisje t\u00eb lidhura)<br \/>\n<strong>P\u00ebrdorimi:<\/strong><br \/>\nLejon kontrollin n\u00eb distanc\u00eb t\u00eb dritave, prizave dhe grilave t\u00eb sht\u00ebpis\u00eb n\u00ebp\u00ebrmjet:<br \/>\n&#8211; Aplikacionit Home + Control n\u00eb smartphone<br \/>\n&#8211; Komandave zanore (me asistent z\u00ebri si Alexa, Google Assistant, Siri)<br \/>\n<strong>Moduli:<\/strong> 2<br \/>\n<strong>Fuqia hyr\u00ebse:<\/strong> 100\u2013240 V a.c.<br \/>\n<strong>Frekueca:<\/strong> 50\u201360 Hz<br \/>\n<strong>Komunikimi:<\/strong><br \/>\n&#8211; Me t\u00eb gjitha pajisjet e lidhura t\u00eb seris\u00eb p\u00ebrmes rrjetit<br \/>\n&#8211; P\u00ebrfshin kontrolluesin skenarik wireless IN&amp;OUT, i domosdosh\u00ebm p\u00ebr lidhjen e t\u00eb gjitha pajisjeve smart<br \/>\n<strong>Montimi:<\/strong> N\u00eb mur (flush-mounted)<br \/>\n<strong>Aplikacioni i k\u00ebrkuar:<\/strong> Home + Control (BTicino \/ Legrand)<br \/>\n<strong>Karakteristika t\u00eb tjera:<\/strong><br \/>\n&#8211; Pajisja qendrore e sistemit t\u00eb nd\u00ebrtesave smart<br \/>\n&#8211; Mund\u00ebson automatizime dhe skenar\u00eb p\u00ebr komoditet dhe kursim energjie<br \/>\n&#8211; Mb\u00ebshtet azhurnime t\u00eb softuerit p\u00ebr funksione t\u00eb reja<\/p>","protected":false},"excerpt":{"rendered":"<p>Seria: Living Now Lloji: Gateway (modul komunikimi p\u00ebr pajisje t\u00eb lidhura) P\u00ebrdorimi: Lejon kontrollin n\u00eb distanc\u00eb t\u00eb dritave, prizave dhe grilave t\u00eb sht\u00ebpis\u00eb n\u00ebp\u00ebrmjet: &#8211; Aplikacionit Home + Control n\u00eb smartphone &#8211; Komandave zanore (me asistent z\u00ebri si Alexa, Google Assistant, Siri) Moduli: 2 Fuqia hyr\u00ebse: 100\u2013240 V a.c. Frekueca: 50\u201360 Hz Komunikimi: &#8211; Me [&hellip;]<\/p>","protected":false},"featured_media":4838,"comment_status":"open","ping_status":"closed","template":"","meta":{"_acf_changed":false},"product_brand":[],"product_cat":[40,64],"product_tag":[],"class_list":{"0":"post-4837","1":"product","2":"type-product","3":"status-publish","4":"has-post-thumbnail","6":"product_cat-serite-civile","7":"product_cat-living-now","9":"first","10":"instock","11":"shipping-taxable","12":"product-type-simple"},"acf":[],"_links":{"self":[{"href":"https:\/\/www.brikaelektrik.al\/al\/wp-json\/wp\/v2\/product\/4837","targetHints":{"allow":["GET"]}}],"collection":[{"href":"https:\/\/www.brikaelektrik.al\/al\/wp-json\/wp\/v2\/product"}],"about":[{"href":"https:\/\/www.brikaelektrik.al\/al\/wp-json\/wp\/v2\/types\/product"}],"replies":[{"embeddable":true,"href":"https:\/\/www.brikaelektrik.al\/al\/wp-json\/wp\/v2\/comments?post=4837"}],"wp:featuredmedia":[{"embeddable":true,"href":"https:\/\/www.brikaelektrik.al\/al\/wp-json\/wp\/v2\/media\/4838"}],"wp:attachment":[{"href":"https:\/\/www.brikaelektrik.al\/al\/wp-json\/wp\/v2\/media?parent=4837"}],"wp:term":[{"taxonomy":"product_brand","embeddable":true,"href":"https:\/\/www.brikaelektrik.al\/al\/wp-json\/wp\/v2\/product_brand?post=4837"},{"taxonomy":"product_cat","embeddable":true,"href":"https:\/\/www.brikaelektrik.al\/al\/wp-json\/wp\/v2\/product_cat?post=4837"},{"taxonomy":"product_tag","embeddable":true,"href":"https:\/\/www.brikaelektrik.al\/al\/wp-json\/wp\/v2\/product_tag?post=4837"}],"curies":[{"name":"wp","href":"https:\/\/api.w.org\/{rel}","templated":true}]}}