{"id":4841,"date":"2025-09-24T11:17:44","date_gmt":"2025-09-24T11:17:44","guid":{"rendered":"https:\/\/www.brikaelektrik.al\/?post_type=product&#038;p=4841"},"modified":"2025-09-24T11:17:44","modified_gmt":"2025-09-24T11:17:44","slug":"suport-2m","status":"publish","type":"product","link":"https:\/\/www.brikaelektrik.al\/al\/produkt\/suport-2m\/","title":{"rendered":"SUPORT 2M"},"content":{"rendered":"<p><strong>Seria:<\/strong> Living Now &#8211; Now BTicino<br \/>\n<strong>Lloji:<\/strong> Mbajt\u00ebse p\u00ebr 2 module<br \/>\n<strong>P\u00ebrdorimi:<\/strong> P\u00ebrdoret p\u00ebr t\u00eb mbajtur dhe montuar mekanizmat funksional\u00eb (si presa, \u00e7el\u00ebsa etj.) n\u00eb kutin\u00eb p\u00ebrkat\u00ebse t\u00eb murit<br \/>\n<strong>Moduli:<\/strong> 2<br \/>\n<strong>Materiali:<\/strong> Technopolymer \/ plastik\u00eb rezistente<br \/>\n<strong>Montimi:<\/strong> Snap-on, n\u00eb kuti murale standarde, Pa vida montimi (no fixing screws)<br \/>\n<strong>Mbrojtja:<\/strong> Siguron mbrojtje gjat\u00eb montimit dhe instalimit<br \/>\n<strong>Ngjyra:<\/strong> Zakonisht e zez\u00eb ose e err\u00ebt (e fshehur pas pllak\u00ebs s\u00eb jashtme)<br \/>\n<strong>Pajisur me:<\/strong> Kapak mbrojt\u00ebs (protective shell)<\/p>\n<p>&nbsp;<\/p>","protected":false},"excerpt":{"rendered":"<p>Seria: Living Now &#8211; Now BTicino Lloji: Mbajt\u00ebse p\u00ebr 2 module P\u00ebrdorimi: P\u00ebrdoret p\u00ebr t\u00eb mbajtur dhe montuar mekanizmat funksional\u00eb (si presa, \u00e7el\u00ebsa etj.) n\u00eb kutin\u00eb p\u00ebrkat\u00ebse t\u00eb murit Moduli: 2 Materiali: Technopolymer \/ plastik\u00eb rezistente Montimi: Snap-on, n\u00eb kuti murale standarde, Pa vida montimi (no fixing screws) Mbrojtja: Siguron mbrojtje gjat\u00eb montimit dhe instalimit [&hellip;]<\/p>","protected":false},"featured_media":4842,"comment_status":"open","ping_status":"closed","template":"","meta":{"_acf_changed":false},"product_brand":[],"product_cat":[40,64],"product_tag":[],"class_list":{"0":"post-4841","1":"product","2":"type-product","3":"status-publish","4":"has-post-thumbnail","6":"product_cat-serite-civile","7":"product_cat-living-now","9":"first","10":"instock","11":"shipping-taxable","12":"product-type-simple"},"acf":[],"_links":{"self":[{"href":"https:\/\/www.brikaelektrik.al\/al\/wp-json\/wp\/v2\/product\/4841","targetHints":{"allow":["GET"]}}],"collection":[{"href":"https:\/\/www.brikaelektrik.al\/al\/wp-json\/wp\/v2\/product"}],"about":[{"href":"https:\/\/www.brikaelektrik.al\/al\/wp-json\/wp\/v2\/types\/product"}],"replies":[{"embeddable":true,"href":"https:\/\/www.brikaelektrik.al\/al\/wp-json\/wp\/v2\/comments?post=4841"}],"wp:featuredmedia":[{"embeddable":true,"href":"https:\/\/www.brikaelektrik.al\/al\/wp-json\/wp\/v2\/media\/4842"}],"wp:attachment":[{"href":"https:\/\/www.brikaelektrik.al\/al\/wp-json\/wp\/v2\/media?parent=4841"}],"wp:term":[{"taxonomy":"product_brand","embeddable":true,"href":"https:\/\/www.brikaelektrik.al\/al\/wp-json\/wp\/v2\/product_brand?post=4841"},{"taxonomy":"product_cat","embeddable":true,"href":"https:\/\/www.brikaelektrik.al\/al\/wp-json\/wp\/v2\/product_cat?post=4841"},{"taxonomy":"product_tag","embeddable":true,"href":"https:\/\/www.brikaelektrik.al\/al\/wp-json\/wp\/v2\/product_tag?post=4841"}],"curies":[{"name":"wp","href":"https:\/\/api.w.org\/{rel}","templated":true}]}}