{"id":4849,"date":"2025-09-24T13:40:30","date_gmt":"2025-09-24T13:40:30","guid":{"rendered":"https:\/\/www.brikaelektrik.al\/?post_type=product&#038;p=4849"},"modified":"2025-09-24T13:40:30","modified_gmt":"2025-09-24T13:40:30","slug":"tape-fallco-i-bardhe-i-zi-sabbia","status":"publish","type":"product","link":"https:\/\/www.brikaelektrik.al\/al\/produkt\/tape-fallco-i-bardhe-i-zi-sabbia\/","title":{"rendered":"TAP\u00cb FALLCO (I BARDH\u00cb  I ZI  SABBIA)"},"content":{"rendered":"<p><strong>Seria<\/strong>: Living Now &#8211; Now BTicino<br data-start=\"125\" data-end=\"128\" \/><strong>Lloji:<\/strong> Kapak mbush\u00ebs (blank plate) p\u00ebr 1 modul<br data-start=\"228\" data-end=\"231\" \/><strong>Montimi:<\/strong> Flush-mounted (mural) p\u00ebr korniza modulare Living Now<br data-start=\"294\" data-end=\"297\" data-is-only-node=\"\" \/><strong>Ngjyra:<\/strong> E bardh\u00eb, e zez\u00eb, ngjyre R\u00ebre<br data-start=\"411\" data-end=\"414\" \/><strong>Mbrojtje:<\/strong> IP20 (standard p\u00ebr ambient t\u00eb brendsh\u00ebm)<br data-start=\"506\" data-end=\"509\" \/><strong>Materiali:<\/strong> Plastic ABS pa halogjen<br data-start=\"585\" data-end=\"588\" \/><strong>Formati i priz\u00ebs:<\/strong> Italian standard, p\u00ebr 1 modul\u00a0<br data-start=\"760\" data-end=\"763\" \/><strong>Certifikime:<\/strong> CE; p\u00ebrputhet me direktivat LVD\u202f2014\/35\/EU dhe EMC\u202f2014\/30\/EU; standardet IEC; CB-scheme\u00a0<br data-start=\"906\" data-end=\"909\" \/>Ideale p\u00ebr mbulimin e moduleve t\u00eb pap\u00ebrdorura p\u00ebr nj\u00eb pamje t\u00eb past\u00ebr dhe t\u00eb strukturuar n\u00eb instalime Living Now<\/p>","protected":false},"excerpt":{"rendered":"<p>Seria: Living Now &#8211; Now BTicinoLloji: Kapak mbush\u00ebs (blank plate) p\u00ebr 1 modulMontimi: Flush-mounted (mural) p\u00ebr korniza modulare Living NowNgjyra: E bardh\u00eb, e zez\u00eb, ngjyre R\u00ebreMbrojtje: IP20 (standard p\u00ebr ambient t\u00eb brendsh\u00ebm)Materiali: Plastic ABS pa halogjenFormati i priz\u00ebs: Italian standard, p\u00ebr 1 modul\u00a0Certifikime: CE; p\u00ebrputhet me direktivat LVD\u202f2014\/35\/EU dhe EMC\u202f2014\/30\/EU; standardet IEC; CB-scheme\u00a0Ideale p\u00ebr mbulimin [&hellip;]<\/p>","protected":false},"featured_media":4850,"comment_status":"open","ping_status":"closed","template":"","meta":{"_acf_changed":false},"product_brand":[],"product_cat":[40,64],"product_tag":[],"class_list":{"0":"post-4849","1":"product","2":"type-product","3":"status-publish","4":"has-post-thumbnail","6":"product_cat-serite-civile","7":"product_cat-living-now","9":"first","10":"instock","11":"shipping-taxable","12":"product-type-simple"},"acf":[],"_links":{"self":[{"href":"https:\/\/www.brikaelektrik.al\/al\/wp-json\/wp\/v2\/product\/4849","targetHints":{"allow":["GET"]}}],"collection":[{"href":"https:\/\/www.brikaelektrik.al\/al\/wp-json\/wp\/v2\/product"}],"about":[{"href":"https:\/\/www.brikaelektrik.al\/al\/wp-json\/wp\/v2\/types\/product"}],"replies":[{"embeddable":true,"href":"https:\/\/www.brikaelektrik.al\/al\/wp-json\/wp\/v2\/comments?post=4849"}],"wp:featuredmedia":[{"embeddable":true,"href":"https:\/\/www.brikaelektrik.al\/al\/wp-json\/wp\/v2\/media\/4850"}],"wp:attachment":[{"href":"https:\/\/www.brikaelektrik.al\/al\/wp-json\/wp\/v2\/media?parent=4849"}],"wp:term":[{"taxonomy":"product_brand","embeddable":true,"href":"https:\/\/www.brikaelektrik.al\/al\/wp-json\/wp\/v2\/product_brand?post=4849"},{"taxonomy":"product_cat","embeddable":true,"href":"https:\/\/www.brikaelektrik.al\/al\/wp-json\/wp\/v2\/product_cat?post=4849"},{"taxonomy":"product_tag","embeddable":true,"href":"https:\/\/www.brikaelektrik.al\/al\/wp-json\/wp\/v2\/product_tag?post=4849"}],"curies":[{"name":"wp","href":"https:\/\/api.w.org\/{rel}","templated":true}]}}