{"id":4853,"date":"2025-09-24T13:59:11","date_gmt":"2025-09-24T13:59:11","guid":{"rendered":"https:\/\/www.brikaelektrik.al\/?post_type=product&#038;p=4853"},"modified":"2025-09-24T14:02:48","modified_gmt":"2025-09-24T14:02:48","slug":"zile-230v-i-bardhe-i-zi-sabbia","status":"publish","type":"product","link":"https:\/\/www.brikaelektrik.al\/al\/produkt\/zile-230v-i-bardhe-i-zi-sabbia\/","title":{"rendered":"ZILE 230V (I BARDH\u00cb  I ZI  SABBIA)"},"content":{"rendered":"<p><strong data-start=\"123\" data-end=\"133\">Seria:<\/strong> Living Now &#8211; BTicino<br data-start=\"146\" data-end=\"149\" \/><strong data-start=\"149\" data-end=\"159\">Lloji:<\/strong> Zhurmues (bell) p\u00ebr p\u00ebrdorim n\u00eb ambiente t\u00eb brendshme<br data-start=\"213\" data-end=\"216\" \/><strong data-start=\"216\" data-end=\"227\">Ngjyra:<\/strong> E bardh\u00eb, e zez\u00eb, ngjyre R\u00ebre<br data-start=\"245\" data-end=\"248\" \/><strong data-start=\"248\" data-end=\"262\" data-is-only-node=\"\">Materiali:<\/strong> Plastik\u00eb termoplastike pa halogjen, sip\u00ebrfaqe mat, pa trajtim sip\u00ebrfaq\u00ebsor, pa trajtim antimikrobial<br \/>\n<strong data-start=\"898\" data-end=\"909\">Montimi: <\/strong>Montim me kapje (snap\u2011on) \u2014 nuk k\u00ebrkon vid\u00eb apo mekaniz\u00ebm montimi t\u00eb komplikuar<br \/>\n<strong data-start=\"898\" data-end=\"909\">Moduli: <\/strong>1<strong data-start=\"898\" data-end=\"909\"><br \/>\n<\/strong><strong data-start=\"381\" data-end=\"405\">Temperatura e pun\u00ebs:<\/strong> \u201325\u202f\u00b0C deri +60\u202f\u00b0C<br \/>\n<strong data-start=\"846\" data-end=\"875\">Temperatura e magazinimit<\/strong>: \u201310\u202f\u00b0C deri +70\u202f\u00b0C<br \/>\n<strong data-start=\"703\" data-end=\"715\">Mbrojtja<\/strong>: IP20 (mbrojtje nga pluhuri dhe objekte t\u00eb m\u00ebdha), IK00 (pa mbrojtje nga goditjet)<br data-start=\"424\" data-end=\"427\" \/><strong data-start=\"427\" data-end=\"450\">Rezistenca ndaj UV:<\/strong> Po<\/p>","protected":false},"excerpt":{"rendered":"<p>Seria: Living Now &#8211; BTicinoLloji: Zhurmues (bell) p\u00ebr p\u00ebrdorim n\u00eb ambiente t\u00eb brendshmeNgjyra: E bardh\u00eb, e zez\u00eb, ngjyre R\u00ebreMateriali: Plastik\u00eb termoplastike pa halogjen, sip\u00ebrfaqe mat, pa trajtim sip\u00ebrfaq\u00ebsor, pa trajtim antimikrobial Montimi: Montim me kapje (snap\u2011on) \u2014 nuk k\u00ebrkon vid\u00eb apo mekaniz\u00ebm montimi t\u00eb komplikuar Moduli: 1 Temperatura e pun\u00ebs: \u201325\u202f\u00b0C deri +60\u202f\u00b0C Temperatura e [&hellip;]<\/p>","protected":false},"featured_media":4854,"comment_status":"open","ping_status":"closed","template":"","meta":{"_acf_changed":false},"product_brand":[],"product_cat":[40,64],"product_tag":[],"class_list":{"0":"post-4853","1":"product","2":"type-product","3":"status-publish","4":"has-post-thumbnail","6":"product_cat-serite-civile","7":"product_cat-living-now","9":"first","10":"instock","11":"shipping-taxable","12":"product-type-simple"},"acf":[],"_links":{"self":[{"href":"https:\/\/www.brikaelektrik.al\/al\/wp-json\/wp\/v2\/product\/4853","targetHints":{"allow":["GET"]}}],"collection":[{"href":"https:\/\/www.brikaelektrik.al\/al\/wp-json\/wp\/v2\/product"}],"about":[{"href":"https:\/\/www.brikaelektrik.al\/al\/wp-json\/wp\/v2\/types\/product"}],"replies":[{"embeddable":true,"href":"https:\/\/www.brikaelektrik.al\/al\/wp-json\/wp\/v2\/comments?post=4853"}],"wp:featuredmedia":[{"embeddable":true,"href":"https:\/\/www.brikaelektrik.al\/al\/wp-json\/wp\/v2\/media\/4854"}],"wp:attachment":[{"href":"https:\/\/www.brikaelektrik.al\/al\/wp-json\/wp\/v2\/media?parent=4853"}],"wp:term":[{"taxonomy":"product_brand","embeddable":true,"href":"https:\/\/www.brikaelektrik.al\/al\/wp-json\/wp\/v2\/product_brand?post=4853"},{"taxonomy":"product_cat","embeddable":true,"href":"https:\/\/www.brikaelektrik.al\/al\/wp-json\/wp\/v2\/product_cat?post=4853"},{"taxonomy":"product_tag","embeddable":true,"href":"https:\/\/www.brikaelektrik.al\/al\/wp-json\/wp\/v2\/product_tag?post=4853"}],"curies":[{"name":"wp","href":"https:\/\/api.w.org\/{rel}","templated":true}]}}