{"id":4855,"date":"2025-09-25T09:19:16","date_gmt":"2025-09-25T09:19:16","guid":{"rendered":"https:\/\/www.brikaelektrik.al\/?post_type=product&#038;p=4855"},"modified":"2025-09-25T09:19:16","modified_gmt":"2025-09-25T09:19:16","slug":"comando-2m","status":"publish","type":"product","link":"https:\/\/www.brikaelektrik.al\/al\/produkt\/comando-2m\/","title":{"rendered":"COMANDO 2M"},"content":{"rendered":"<p><strong data-start=\"123\" data-end=\"133\">Seria:<\/strong> Living Now &#8211; BTicino<br \/>\n<strong>Lloji:<\/strong> Kontrollues p\u00ebr menaxhimin e nj\u00eb ose dy aktuator\u00ebve<br \/>\nKontroll p\u00ebr menaxhimin e nj\u00eb ose dy funksioneve ON\/OFF, funksionit t\u00eb grilave LART\/POSHT\u00cb (shutter), si dhe rregullimit t\u00eb ngarkesave me dimer.<br \/>\nMund t\u00eb p\u00ebrdoret gjithashtu si komand\u00eb skenari (scenario control) dhe p\u00ebr funksione t\u00eb tilla si:<br \/>\n&#8211; thirrje n\u00eb kat<br \/>\n&#8211; ndezje e ndri\u00e7imit t\u00eb shkall\u00ebve<br \/>\n&#8211; aktivizim i brav\u00ebs s\u00eb der\u00ebs<br \/>\nMund\u00ebson edhe menaxhimin e funksioneve t\u00eb avancuara t\u00eb grilave.<br \/>\n<strong data-start=\"248\" data-end=\"262\" data-is-only-node=\"\">Materiali: <\/strong>Technopolymer \/ plastik\u00eb rezistente<br \/>\n<strong>Moduli:<\/strong> 2 module<br \/>\n<strong>P\u00ebrfundim:<\/strong> Plot\u00ebsohet me kapak (cover plate) me 1 ose 2 module, sipas nevoj\u00ebs.<\/p>","protected":false},"excerpt":{"rendered":"<p>Seria: Living Now &#8211; BTicino Lloji: Kontrollues p\u00ebr menaxhimin e nj\u00eb ose dy aktuator\u00ebve Kontroll p\u00ebr menaxhimin e nj\u00eb ose dy funksioneve ON\/OFF, funksionit t\u00eb grilave LART\/POSHT\u00cb (shutter), si dhe rregullimit t\u00eb ngarkesave me dimer. Mund t\u00eb p\u00ebrdoret gjithashtu si komand\u00eb skenari (scenario control) dhe p\u00ebr funksione t\u00eb tilla si: &#8211; thirrje n\u00eb kat &#8211; [&hellip;]<\/p>","protected":false},"featured_media":4859,"comment_status":"open","ping_status":"closed","template":"","meta":{"_acf_changed":false},"product_brand":[],"product_cat":[40,64],"product_tag":[],"class_list":{"0":"post-4855","1":"product","2":"type-product","3":"status-publish","4":"has-post-thumbnail","6":"product_cat-serite-civile","7":"product_cat-living-now","9":"first","10":"instock","11":"shipping-taxable","12":"product-type-simple"},"acf":[],"_links":{"self":[{"href":"https:\/\/www.brikaelektrik.al\/al\/wp-json\/wp\/v2\/product\/4855","targetHints":{"allow":["GET"]}}],"collection":[{"href":"https:\/\/www.brikaelektrik.al\/al\/wp-json\/wp\/v2\/product"}],"about":[{"href":"https:\/\/www.brikaelektrik.al\/al\/wp-json\/wp\/v2\/types\/product"}],"replies":[{"embeddable":true,"href":"https:\/\/www.brikaelektrik.al\/al\/wp-json\/wp\/v2\/comments?post=4855"}],"wp:featuredmedia":[{"embeddable":true,"href":"https:\/\/www.brikaelektrik.al\/al\/wp-json\/wp\/v2\/media\/4859"}],"wp:attachment":[{"href":"https:\/\/www.brikaelektrik.al\/al\/wp-json\/wp\/v2\/media?parent=4855"}],"wp:term":[{"taxonomy":"product_brand","embeddable":true,"href":"https:\/\/www.brikaelektrik.al\/al\/wp-json\/wp\/v2\/product_brand?post=4855"},{"taxonomy":"product_cat","embeddable":true,"href":"https:\/\/www.brikaelektrik.al\/al\/wp-json\/wp\/v2\/product_cat?post=4855"},{"taxonomy":"product_tag","embeddable":true,"href":"https:\/\/www.brikaelektrik.al\/al\/wp-json\/wp\/v2\/product_tag?post=4855"}],"curies":[{"name":"wp","href":"https:\/\/api.w.org\/{rel}","templated":true}]}}