{"id":4857,"date":"2025-09-25T09:22:11","date_gmt":"2025-09-25T09:22:11","guid":{"rendered":"https:\/\/www.brikaelektrik.al\/?post_type=product&#038;p=4857"},"modified":"2025-09-25T09:23:20","modified_gmt":"2025-09-25T09:23:20","slug":"comando-3m","status":"publish","type":"product","link":"https:\/\/www.brikaelektrik.al\/al\/produkt\/comando-3m\/","title":{"rendered":"COMANDO 3M"},"content":{"rendered":"<p><strong data-start=\"123\" data-end=\"133\">Seria:<\/strong> Living Now &#8211; BTicino<br \/>\n<strong>Lloji: <\/strong>Kontrollues p\u00ebr menaxhimin e tre aktuator\u00ebve<br \/>\nKontroll p\u00ebr menaxhimin e deri n\u00eb tre funksione t\u00eb ndara ON\/OFF, funksionit t\u00eb grilave LART\/POSHT\u00cb (shutter) dhe rregullimit t\u00eb ngarkesave me dimer.<br \/>\nMund t\u00eb p\u00ebrdoret gjithashtu p\u00ebr:<br \/>\n&#8211; Komand\u00eb skenari (scenario control)<br \/>\n&#8211; Thirrje n\u00eb kat<br \/>\n&#8211; Ndezje t\u00eb ndri\u00e7imit t\u00eb shkall\u00ebve<br \/>\n&#8211; Aktivizim t\u00eb brav\u00ebs s\u00eb der\u00ebs<br \/>\nMb\u00ebshtet funksione t\u00eb avancuara p\u00ebr grilat (shutters)<br \/>\n<strong data-start=\"248\" data-end=\"262\" data-is-only-node=\"\">Materiali: <\/strong>Technopolymer \/ plastik\u00eb rezistente<br \/>\n<strong>Moduli:<\/strong> 3 module<br \/>\n<strong>P\u00ebrfundim:<\/strong> Plot\u00ebsohet me kapak (cover plate) me 1 ose 2 module, sipas konfigurimit t\u00eb instaluar.<\/p>","protected":false},"excerpt":{"rendered":"<p>Seria: Living Now &#8211; BTicino Lloji: Kontrollues p\u00ebr menaxhimin e tre aktuator\u00ebve Kontroll p\u00ebr menaxhimin e deri n\u00eb tre funksione t\u00eb ndara ON\/OFF, funksionit t\u00eb grilave LART\/POSHT\u00cb (shutter) dhe rregullimit t\u00eb ngarkesave me dimer. Mund t\u00eb p\u00ebrdoret gjithashtu p\u00ebr: &#8211; Komand\u00eb skenari (scenario control) &#8211; Thirrje n\u00eb kat &#8211; Ndezje t\u00eb ndri\u00e7imit t\u00eb shkall\u00ebve &#8211; [&hellip;]<\/p>","protected":false},"featured_media":4860,"comment_status":"open","ping_status":"closed","template":"","meta":{"_acf_changed":false},"product_brand":[],"product_cat":[40,64],"product_tag":[],"class_list":{"0":"post-4857","1":"product","2":"type-product","3":"status-publish","4":"has-post-thumbnail","6":"product_cat-serite-civile","7":"product_cat-living-now","9":"first","10":"instock","11":"shipping-taxable","12":"product-type-simple"},"acf":[],"_links":{"self":[{"href":"https:\/\/www.brikaelektrik.al\/al\/wp-json\/wp\/v2\/product\/4857","targetHints":{"allow":["GET"]}}],"collection":[{"href":"https:\/\/www.brikaelektrik.al\/al\/wp-json\/wp\/v2\/product"}],"about":[{"href":"https:\/\/www.brikaelektrik.al\/al\/wp-json\/wp\/v2\/types\/product"}],"replies":[{"embeddable":true,"href":"https:\/\/www.brikaelektrik.al\/al\/wp-json\/wp\/v2\/comments?post=4857"}],"wp:featuredmedia":[{"embeddable":true,"href":"https:\/\/www.brikaelektrik.al\/al\/wp-json\/wp\/v2\/media\/4860"}],"wp:attachment":[{"href":"https:\/\/www.brikaelektrik.al\/al\/wp-json\/wp\/v2\/media?parent=4857"}],"wp:term":[{"taxonomy":"product_brand","embeddable":true,"href":"https:\/\/www.brikaelektrik.al\/al\/wp-json\/wp\/v2\/product_brand?post=4857"},{"taxonomy":"product_cat","embeddable":true,"href":"https:\/\/www.brikaelektrik.al\/al\/wp-json\/wp\/v2\/product_cat?post=4857"},{"taxonomy":"product_tag","embeddable":true,"href":"https:\/\/www.brikaelektrik.al\/al\/wp-json\/wp\/v2\/product_tag?post=4857"}],"curies":[{"name":"wp","href":"https:\/\/api.w.org\/{rel}","templated":true}]}}