{"id":4935,"date":"2025-10-09T09:29:08","date_gmt":"2025-10-09T09:29:08","guid":{"rendered":"https:\/\/www.brikaelektrik.al\/?post_type=product&#038;p=4935"},"modified":"2025-10-09T09:29:09","modified_gmt":"2025-10-09T09:29:09","slug":"amplifikator-mural-i-zi-tuyazigbee","status":"publish","type":"product","link":"https:\/\/www.brikaelektrik.al\/al\/produkt\/amplifikator-mural-i-zi-tuyazigbee\/","title":{"rendered":"AMPLIFIKATOR MURAL I ZI TUYA+ZIGBEE"},"content":{"rendered":"<p><strong>Seria:<\/strong> LUCKY &#8211; Amplifikator Mural i Zi Tuya + Zigbee<br \/>\n<strong>Lloji:<\/strong> Amplifikator inteligjent mural me dizajn modern dhe teknologji t\u00eb integruar Tuya + Zigbee, i p\u00ebrshtatsh\u00ebm p\u00ebr p\u00ebrdorim n\u00eb ambiente sht\u00ebpiake apo komerciale.<br \/>\n<strong>Karakteristika kryesore:<\/strong><br \/>\n&#8211; Kontroll n\u00eb 2 zona t\u00eb pavarura me ekran prekje 7 in\u00e7 p\u00ebr akses dhe menaxhim t\u00eb leht\u00eb t\u00eb sistemit.<br \/>\n&#8211; Mb\u00ebshtet shum\u00eb protokolle p\u00ebr smart home: RS485, ZIGBEE, WIFI, etj.<br \/>\n&#8211; Mund t\u00eb instalohen aplikacione muzikore si Spotify, Pandora p\u00ebr d\u00ebgjim t\u00eb muzik\u00ebs live p\u00ebrmes WiFi.<br \/>\n&#8211; Mb\u00ebshtet lidhje Bluetooth p\u00ebr pajisje t\u00eb jashtme (p.sh., telefonat celular\u00eb) p\u00ebr riprodhim audio me kontroll dyansh\u00ebm.<br \/>\n&#8211; Mb\u00ebshtet mikrofon\u00eb wireless dhe funksion familjar karaoke (opsional).<br \/>\n&#8211; Funksione hyrje dhe dalje audio, p\u00ebrfshir\u00eb lidhje p\u00ebr subwoofer.<br \/>\n&#8211; Mb\u00ebshtet kart\u00eb TF dhe USB OTG 2.0 p\u00ebr lidhje me disqe t\u00eb jasht\u00ebm.<br \/>\n&#8211; I p\u00ebrshtatsh\u00ebm p\u00ebr sht\u00ebpi, ambiente komerciale, dhoma f\u00ebmij\u00ebsh, etj.<br \/>\n&#8211; Kontroll me protokoll RS485.<br \/>\n<strong>Ngjyra:<\/strong> E zez\u00eb<br \/>\n<strong>Montimi:<\/strong> Mural (me kas\u00eb standarde\u00a086)<\/p>","protected":false},"excerpt":{"rendered":"<p>Seria: LUCKY &#8211; Amplifikator Mural i Zi Tuya + Zigbee Lloji: Amplifikator inteligjent mural me dizajn modern dhe teknologji t\u00eb integruar Tuya + Zigbee, i p\u00ebrshtatsh\u00ebm p\u00ebr p\u00ebrdorim n\u00eb ambiente sht\u00ebpiake apo komerciale. Karakteristika kryesore: &#8211; Kontroll n\u00eb 2 zona t\u00eb pavarura me ekran prekje 7 in\u00e7 p\u00ebr akses dhe menaxhim t\u00eb leht\u00eb t\u00eb sistemit. [&hellip;]<\/p>","protected":false},"featured_media":4937,"comment_status":"open","ping_status":"closed","template":"","meta":{"_acf_changed":false},"product_brand":[],"product_cat":[103,50],"product_tag":[],"class_list":{"0":"post-4935","1":"product","2":"type-product","3":"status-publish","4":"has-post-thumbnail","6":"product_cat-smart-wall-amplifikator","7":"product_cat-sisteme-audio","9":"first","10":"instock","11":"shipping-taxable","12":"product-type-simple"},"acf":[],"_links":{"self":[{"href":"https:\/\/www.brikaelektrik.al\/al\/wp-json\/wp\/v2\/product\/4935","targetHints":{"allow":["GET"]}}],"collection":[{"href":"https:\/\/www.brikaelektrik.al\/al\/wp-json\/wp\/v2\/product"}],"about":[{"href":"https:\/\/www.brikaelektrik.al\/al\/wp-json\/wp\/v2\/types\/product"}],"replies":[{"embeddable":true,"href":"https:\/\/www.brikaelektrik.al\/al\/wp-json\/wp\/v2\/comments?post=4935"}],"wp:featuredmedia":[{"embeddable":true,"href":"https:\/\/www.brikaelektrik.al\/al\/wp-json\/wp\/v2\/media\/4937"}],"wp:attachment":[{"href":"https:\/\/www.brikaelektrik.al\/al\/wp-json\/wp\/v2\/media?parent=4935"}],"wp:term":[{"taxonomy":"product_brand","embeddable":true,"href":"https:\/\/www.brikaelektrik.al\/al\/wp-json\/wp\/v2\/product_brand?post=4935"},{"taxonomy":"product_cat","embeddable":true,"href":"https:\/\/www.brikaelektrik.al\/al\/wp-json\/wp\/v2\/product_cat?post=4935"},{"taxonomy":"product_tag","embeddable":true,"href":"https:\/\/www.brikaelektrik.al\/al\/wp-json\/wp\/v2\/product_tag?post=4935"}],"curies":[{"name":"wp","href":"https:\/\/api.w.org\/{rel}","templated":true}]}}