{"id":4941,"date":"2025-10-09T09:45:58","date_gmt":"2025-10-09T09:45:58","guid":{"rendered":"https:\/\/www.brikaelektrik.al\/?post_type=product&#038;p=4941"},"modified":"2025-10-09T09:45:58","modified_gmt":"2025-10-09T09:45:58","slug":"amplifikator-mural-425w-me-bluetooth-usb-tf-android-11-4-inch-touch-screen-me-tuya-zigbee-gateway","status":"publish","type":"product","link":"https:\/\/www.brikaelektrik.al\/al\/produkt\/amplifikator-mural-425w-me-bluetooth-usb-tf-android-11-4-inch-touch-screen-me-tuya-zigbee-gateway\/","title":{"rendered":"AMPLIFIKATOR MURAL 4*25W ME BLUETOOTH USB\/TF ANDROID 11 4 INCH TOUCH SCREEN ME TUYA ZIGBEE GATEWAY"},"content":{"rendered":"<p><strong>Seria:<\/strong> LUCKY &#8211; Amplifikator Mural<br \/>\n<strong>Lloji:<\/strong> Amplifikator Mural Bluetooth\u00a0 4-Kanale me Tuya<br \/>\n<strong>Karakteristika kryesore:<br \/>\n<\/strong>&#8211; Amplifikator me kontroll kat\u00ebr kanale p\u00ebr riprodhim muzikor t\u00eb ndar\u00eb.<br \/>\n&#8211; Integrim i platform\u00ebs Tuya p\u00ebr menaxhim t\u00eb zgjuar dhe lidhje me smart home.<br \/>\n&#8211; Mb\u00ebshtet lidhjen me kabllo t\u00eb fort\u00eb CAT5 ose lidhje WiFi.<br \/>\n&#8211; Integron gateway Tuya ZIGBEE p\u00ebr automatizim t\u00eb zgjuar.<br \/>\n&#8211; Teknologji lidhjeje pa tela Bluetooth dhe WiFi.<br \/>\n&#8211; Kontroll me telekomand\u00eb pa tela p\u00ebr komoditet maksimal.<br \/>\n&#8211; Protokolli RS485 p\u00ebr integrim t\u00eb avancuar (4-kanale).<br \/>\n&#8211; Mund\u00ebsi instalimi t\u00eb aplikacioneve muzikore si Spotify, Pandora etj. p\u00ebr riprodhim t\u00eb muzik\u00ebs direkt nga interneti.<br \/>\n&#8211; Mb\u00ebshtetje funksioni p\u00ebr sinjalizim zile derese.<br \/>\n&#8211; Kontroll nga distanca p\u00ebr ndezje\/fikje (4-kanale).<br \/>\n&#8211; Funksion programimi timer p\u00ebr ndezje\/fikje automatike dhe luajtje t\u00eb k\u00ebng\u00ebve t\u00eb paracaktuara pas ndezjes.<br \/>\n&#8211; Mb\u00ebshtetje hyrje\/dalje audio me lidhje t\u00eb sigurta dhe t\u00eb shpejta p\u00ebrmes konektor\u00ebve Phoenix.<br \/>\n&#8211; Mb\u00ebshtet kartela TF dhe USB OTG 2.0, duke lejuar lidhjen e hard disk-ut p\u00ebr muzik\u00eb.<br \/>\n&#8211; I p\u00ebrshtatsh\u00ebm p\u00ebr ambiente banimi, zona komerciale dhe dhoma f\u00ebmij\u00ebsh.<br \/>\n<strong>Ngjyra:<\/strong> E zez\u00eb<br \/>\n<strong>Montimi:<\/strong> Montim standard 86 n\u00eb mur p\u00ebr p\u00ebrdorim t\u00eb leht\u00eb dhe estetik.<\/p>","protected":false},"excerpt":{"rendered":"<p>Seria: LUCKY &#8211; Amplifikator Mural Lloji: Amplifikator Mural Bluetooth\u00a0 4-Kanale me Tuya Karakteristika kryesore: &#8211; Amplifikator me kontroll kat\u00ebr kanale p\u00ebr riprodhim muzikor t\u00eb ndar\u00eb. &#8211; Integrim i platform\u00ebs Tuya p\u00ebr menaxhim t\u00eb zgjuar dhe lidhje me smart home. &#8211; Mb\u00ebshtet lidhjen me kabllo t\u00eb fort\u00eb CAT5 ose lidhje WiFi. &#8211; Integron gateway Tuya ZIGBEE [&hellip;]<\/p>","protected":false},"featured_media":4942,"comment_status":"open","ping_status":"closed","template":"","meta":{"_acf_changed":false},"product_brand":[],"product_cat":[103,50],"product_tag":[],"class_list":{"0":"post-4941","1":"product","2":"type-product","3":"status-publish","4":"has-post-thumbnail","6":"product_cat-smart-wall-amplifikator","7":"product_cat-sisteme-audio","9":"first","10":"instock","11":"shipping-taxable","12":"product-type-simple"},"acf":[],"_links":{"self":[{"href":"https:\/\/www.brikaelektrik.al\/al\/wp-json\/wp\/v2\/product\/4941","targetHints":{"allow":["GET"]}}],"collection":[{"href":"https:\/\/www.brikaelektrik.al\/al\/wp-json\/wp\/v2\/product"}],"about":[{"href":"https:\/\/www.brikaelektrik.al\/al\/wp-json\/wp\/v2\/types\/product"}],"replies":[{"embeddable":true,"href":"https:\/\/www.brikaelektrik.al\/al\/wp-json\/wp\/v2\/comments?post=4941"}],"wp:featuredmedia":[{"embeddable":true,"href":"https:\/\/www.brikaelektrik.al\/al\/wp-json\/wp\/v2\/media\/4942"}],"wp:attachment":[{"href":"https:\/\/www.brikaelektrik.al\/al\/wp-json\/wp\/v2\/media?parent=4941"}],"wp:term":[{"taxonomy":"product_brand","embeddable":true,"href":"https:\/\/www.brikaelektrik.al\/al\/wp-json\/wp\/v2\/product_brand?post=4941"},{"taxonomy":"product_cat","embeddable":true,"href":"https:\/\/www.brikaelektrik.al\/al\/wp-json\/wp\/v2\/product_cat?post=4941"},{"taxonomy":"product_tag","embeddable":true,"href":"https:\/\/www.brikaelektrik.al\/al\/wp-json\/wp\/v2\/product_tag?post=4941"}],"curies":[{"name":"wp","href":"https:\/\/api.w.org\/{rel}","templated":true}]}}