{"id":4952,"date":"2025-10-09T10:00:02","date_gmt":"2025-10-09T10:00:02","guid":{"rendered":"https:\/\/www.brikaelektrik.al\/?post_type=product&#038;p=4952"},"modified":"2025-10-09T10:00:02","modified_gmt":"2025-10-09T10:00:02","slug":"amplifikator-mural-7-inch-8x25w-tuyazigbee","status":"publish","type":"product","link":"https:\/\/www.brikaelektrik.al\/al\/produkt\/amplifikator-mural-7-inch-8x25w-tuyazigbee\/","title":{"rendered":"AMPLIFIKATOR MURAL  7-INCH 8X25W  TUYA+ZIGBEE"},"content":{"rendered":"<p><strong>Seria: <\/strong>LUCKY &#8211; Amplifikator Mural<strong><br \/>\nLloji: <\/strong>Amplifikator Mural Bluetooth 7-Inch 8\u00d725W me Tuya\/Zigbee<\/p>\n<p>Ky amplifikator inteligjent me ekran me prekje 7&#8243; dhe kontroll me dy zona, ofron nj\u00eb zgjidhje t\u00eb avancuar audio p\u00ebr ambiente rezidenciale apo komerciale. Pajisja mb\u00ebshtet protokolle smart si Tuya dhe Zigbee, duke e b\u00ebr\u00eb at\u00eb t\u00eb p\u00ebrshtatsh\u00ebm p\u00ebr \u00e7do sistem automatizimi modern.<\/p>\n<p><strong>Karakteristikat kryesore:<br \/>\n<\/strong>&#8211; Ekran me prekje 7\u201d me rezolucion 1024\u00d7600 p\u00ebr navigim t\u00eb thjesht\u00eb dhe funksional.<br \/>\n&#8211; Kontroll muzikor me dy zona t\u00eb pavarura.<br \/>\n&#8211; Riprodhim audio: Mb\u00ebshtet formate si MP3, WAV, WMA, FLAC, DTS, APE, AC3, OGG etj.<br \/>\n&#8211; Bluetooth p\u00ebr lidhje direkte me pajisje mobile.<br \/>\n&#8211; Input audio i jasht\u00ebm: Lejon lidhjen e burimeve t\u00eb jashtme audio p\u00ebr amplifikim.<br \/>\n&#8211; Mikrofona pa tela dhe karaoke (funksion opsional).<br \/>\n&#8211; Or\u00eb dhe kalendar t\u00eb integruar n\u00eb ekran.<br \/>\n&#8211; Lexues karte TF: Mb\u00ebshtetje deri n\u00eb 32 GB.<br \/>\n&#8211; Port\u00eb USB: Lidhje me USB Drive apo Hard Disk deri n\u00eb 32 GB.<br \/>\n&#8211; Lidhje me rrjet: P\u00ebrmes WiFi ose kabllit (RJ45).<br \/>\n&#8211; Port\u00eb RS485 p\u00ebr integrim me sisteme t\u00eb tjera automatizimi.<br \/>\n&#8211; P\u00ebrdorim i rekomanduar p\u00ebr: ambiente sht\u00ebpiake, hap\u00ebsira komerciale, dhoma f\u00ebmij\u00ebsh etj.<br \/>\n<strong>Ngjyra:<\/strong> E zez\u00eb<br \/>\n<strong>Montimi:<\/strong> Montim standard 86 n\u00eb mur p\u00ebr p\u00ebrdorim t\u00eb leht\u00eb dhe estetik.<\/p>","protected":false},"excerpt":{"rendered":"<p>Seria: LUCKY &#8211; Amplifikator Mural Lloji: Amplifikator Mural Bluetooth 7-Inch 8\u00d725W me Tuya\/Zigbee Ky amplifikator inteligjent me ekran me prekje 7&#8243; dhe kontroll me dy zona, ofron nj\u00eb zgjidhje t\u00eb avancuar audio p\u00ebr ambiente rezidenciale apo komerciale. Pajisja mb\u00ebshtet protokolle smart si Tuya dhe Zigbee, duke e b\u00ebr\u00eb at\u00eb t\u00eb p\u00ebrshtatsh\u00ebm p\u00ebr \u00e7do sistem automatizimi [&hellip;]<\/p>","protected":false},"featured_media":4953,"comment_status":"open","ping_status":"closed","template":"","meta":{"_acf_changed":false},"product_brand":[],"product_cat":[103,50],"product_tag":[],"class_list":{"0":"post-4952","1":"product","2":"type-product","3":"status-publish","4":"has-post-thumbnail","6":"product_cat-smart-wall-amplifikator","7":"product_cat-sisteme-audio","9":"first","10":"instock","11":"shipping-taxable","12":"product-type-simple"},"acf":[],"_links":{"self":[{"href":"https:\/\/www.brikaelektrik.al\/al\/wp-json\/wp\/v2\/product\/4952","targetHints":{"allow":["GET"]}}],"collection":[{"href":"https:\/\/www.brikaelektrik.al\/al\/wp-json\/wp\/v2\/product"}],"about":[{"href":"https:\/\/www.brikaelektrik.al\/al\/wp-json\/wp\/v2\/types\/product"}],"replies":[{"embeddable":true,"href":"https:\/\/www.brikaelektrik.al\/al\/wp-json\/wp\/v2\/comments?post=4952"}],"wp:featuredmedia":[{"embeddable":true,"href":"https:\/\/www.brikaelektrik.al\/al\/wp-json\/wp\/v2\/media\/4953"}],"wp:attachment":[{"href":"https:\/\/www.brikaelektrik.al\/al\/wp-json\/wp\/v2\/media?parent=4952"}],"wp:term":[{"taxonomy":"product_brand","embeddable":true,"href":"https:\/\/www.brikaelektrik.al\/al\/wp-json\/wp\/v2\/product_brand?post=4952"},{"taxonomy":"product_cat","embeddable":true,"href":"https:\/\/www.brikaelektrik.al\/al\/wp-json\/wp\/v2\/product_cat?post=4952"},{"taxonomy":"product_tag","embeddable":true,"href":"https:\/\/www.brikaelektrik.al\/al\/wp-json\/wp\/v2\/product_tag?post=4952"}],"curies":[{"name":"wp","href":"https:\/\/api.w.org\/{rel}","templated":true}]}}