{"id":4958,"date":"2025-10-09T10:21:03","date_gmt":"2025-10-09T10:21:03","guid":{"rendered":"https:\/\/www.brikaelektrik.al\/?post_type=product&#038;p=4958"},"modified":"2025-10-09T10:21:03","modified_gmt":"2025-10-09T10:21:03","slug":"amplifikator-mural-225w-me-bluetooth-usb-tf-aux-kontroll-volumi-me-ekran","status":"publish","type":"product","link":"https:\/\/www.brikaelektrik.al\/al\/produkt\/amplifikator-mural-225w-me-bluetooth-usb-tf-aux-kontroll-volumi-me-ekran\/","title":{"rendered":"AMPLIFIKATOR MURAL 2*25W ME BLUETOOTH USB\/TF AUX KONTROLL VOLUMI ME EKRAN"},"content":{"rendered":"<p><strong>Seria:<\/strong> LUCKY &#8211; Amplifikator Mural<br \/>\n<strong>Lloji:<\/strong> Kontroll Volumi me Amplifikator dhe Ekran me Ngjyra<\/p>\n<p>Kjo pajisje multifunksionale audio Bluetooth me 2 deri n\u00eb 4 kanale, \u00ebsht\u00eb zgjidhje ideale p\u00ebr ambiente sht\u00ebpiake ose komerciale t\u00eb vogla. Me amplifikator t\u00eb klasit D me efikasitet t\u00eb lart\u00eb, ofron fuqi deri n\u00eb 2\u00d725W ose 4\u00d725W p\u00ebr altoparlant\u00eb me impedanc\u00eb t\u00eb ul\u00ebt (mund t\u00eb furnizoj\u00eb 2 deri n\u00eb 8 altoparlant\u00eb). Ekrani me ngjyra LCD tregon informacione t\u00eb k\u00ebng\u00ebs, nd\u00ebrsa kontrolli i plot\u00eb b\u00ebhet p\u00ebrmes telekomand\u00ebs IR t\u00eb p\u00ebrfshir\u00eb.<\/p>\n<p><strong>Karakteristikat kryesore:<br \/>\n<\/strong>&#8211; Bluetooth p\u00ebr lidhje pa tela dhe riprodhim t\u00eb menj\u00ebhersh\u00ebm pas ndezjes<br \/>\n&#8211; Montim standard 86 n\u00eb mur p\u00ebr kontroll t\u00eb leht\u00eb dhe estetik\u00eb moderne<br \/>\n&#8211; Telekomand\u00eb me infra t\u00eb kuqe p\u00ebr komandim nga distanca<br \/>\n&#8211; Ekran LCD me ngjyra dhe butona me ndri\u00e7im p\u00ebr akses t\u00eb shpejt\u00eb<br \/>\n&#8211; Port\u00eb USB dhe slot p\u00ebr kart\u00eb TF\/SD p\u00ebr ruajtje dhe riprodhim lokal t\u00eb muzik\u00ebs<br \/>\n&#8211; Lidhje audio IN\/OUT me konektor\u00eb phoenix t\u00eb sigurt dhe t\u00eb shpejt\u00eb<br \/>\n&#8211; Funksion lidh\u00ebs p\u00ebr zile dere (doorbell trigger)<br \/>\n&#8211; P\u00ebrshtatsh\u00ebm p\u00ebr: sht\u00ebpi, dyqane, zyra, dhoma f\u00ebmij\u00ebsh, etj.<br \/>\n<strong>Ngjyra:<\/strong> E zez\u00eb<br \/>\n<strong>Montimi:<\/strong> Montim standard 86 n\u00eb mur p\u00ebr p\u00ebrdorim t\u00eb leht\u00eb dhe estetik.<\/p>","protected":false},"excerpt":{"rendered":"<p>Seria: LUCKY &#8211; Amplifikator Mural Lloji: Kontroll Volumi me Amplifikator dhe Ekran me Ngjyra Kjo pajisje multifunksionale audio Bluetooth me 2 deri n\u00eb 4 kanale, \u00ebsht\u00eb zgjidhje ideale p\u00ebr ambiente sht\u00ebpiake ose komerciale t\u00eb vogla. Me amplifikator t\u00eb klasit D me efikasitet t\u00eb lart\u00eb, ofron fuqi deri n\u00eb 2\u00d725W ose 4\u00d725W p\u00ebr altoparlant\u00eb me impedanc\u00eb [&hellip;]<\/p>","protected":false},"featured_media":4959,"comment_status":"open","ping_status":"closed","template":"","meta":{"_acf_changed":false},"product_brand":[],"product_cat":[103,50],"product_tag":[],"class_list":{"0":"post-4958","1":"product","2":"type-product","3":"status-publish","4":"has-post-thumbnail","6":"product_cat-smart-wall-amplifikator","7":"product_cat-sisteme-audio","9":"first","10":"instock","11":"shipping-taxable","12":"product-type-simple"},"acf":[],"_links":{"self":[{"href":"https:\/\/www.brikaelektrik.al\/al\/wp-json\/wp\/v2\/product\/4958","targetHints":{"allow":["GET"]}}],"collection":[{"href":"https:\/\/www.brikaelektrik.al\/al\/wp-json\/wp\/v2\/product"}],"about":[{"href":"https:\/\/www.brikaelektrik.al\/al\/wp-json\/wp\/v2\/types\/product"}],"replies":[{"embeddable":true,"href":"https:\/\/www.brikaelektrik.al\/al\/wp-json\/wp\/v2\/comments?post=4958"}],"wp:featuredmedia":[{"embeddable":true,"href":"https:\/\/www.brikaelektrik.al\/al\/wp-json\/wp\/v2\/media\/4959"}],"wp:attachment":[{"href":"https:\/\/www.brikaelektrik.al\/al\/wp-json\/wp\/v2\/media?parent=4958"}],"wp:term":[{"taxonomy":"product_brand","embeddable":true,"href":"https:\/\/www.brikaelektrik.al\/al\/wp-json\/wp\/v2\/product_brand?post=4958"},{"taxonomy":"product_cat","embeddable":true,"href":"https:\/\/www.brikaelektrik.al\/al\/wp-json\/wp\/v2\/product_cat?post=4958"},{"taxonomy":"product_tag","embeddable":true,"href":"https:\/\/www.brikaelektrik.al\/al\/wp-json\/wp\/v2\/product_tag?post=4958"}],"curies":[{"name":"wp","href":"https:\/\/api.w.org\/{rel}","templated":true}]}}