{"id":4964,"date":"2025-10-09T12:04:42","date_gmt":"2025-10-09T12:04:42","guid":{"rendered":"https:\/\/www.brikaelektrik.al\/?post_type=product&#038;p=4964"},"modified":"2025-10-09T12:04:43","modified_gmt":"2025-10-09T12:04:43","slug":"boks-tavanor-inkaso-i-bardhe-6-5-inch-100v-6w-cut-165mm-92db","status":"publish","type":"product","link":"https:\/\/www.brikaelektrik.al\/al\/produkt\/boks-tavanor-inkaso-i-bardhe-6-5-inch-100v-6w-cut-165mm-92db\/","title":{"rendered":"BOKS TAVANOR INKASO I BARDH\u00cb 6.5 inch  100V 6W (Cut-165mm) 92Db"},"content":{"rendered":"<p><strong>Seria: <\/strong>LUCKY TONE<br \/>\n<strong>Lloji: <\/strong>Boks Tavanor Inkaso 6.5 inch, i Bardh\u00eb<\/p>\n<p>&#8211; Fuqia: 6W<br \/>\n&#8211; Tensioni: 100V<br \/>\n&#8211; Diametri i prerjes: 165 mm<br \/>\n&#8211; Niveli i z\u00ebrit: 92 dB<br \/>\n&#8211; Diametri i altoparlantit: 6.5 inch<\/p>\n<p><strong>Pesha:<\/strong> 0.7 kg<br \/>\n<strong>Materiali i korniz\u00ebs:<\/strong> ABS (Akrilonitril Butadien Stiren)<br \/>\n<strong>Ngjyra:<\/strong> E Bardh\u00eb<br \/>\n<strong>Montimi:<\/strong> Dizajnuar p\u00ebr instalim inkaso n\u00eb tavan<\/p>\n<p>Ideal p\u00ebr ambientet ku k\u00ebrkohet z\u00eb i qart\u00eb dhe performanc\u00eb e q\u00ebndrueshme me dizajn diskret\u00a0n\u00eb\u00a0tavan.<\/p>","protected":false},"excerpt":{"rendered":"<p>Seria: LUCKY TONE Lloji: Boks Tavanor Inkaso 6.5 inch, i Bardh\u00eb &#8211; Fuqia: 6W &#8211; Tensioni: 100V &#8211; Diametri i prerjes: 165 mm &#8211; Niveli i z\u00ebrit: 92 dB &#8211; Diametri i altoparlantit: 6.5 inch Pesha: 0.7 kg Materiali i korniz\u00ebs: ABS (Akrilonitril Butadien Stiren) Ngjyra: E Bardh\u00eb Montimi: Dizajnuar p\u00ebr instalim inkaso n\u00eb tavan [&hellip;]<\/p>","protected":false},"featured_media":4965,"comment_status":"open","ping_status":"closed","template":"","meta":{"_acf_changed":false},"product_brand":[],"product_cat":[108,50],"product_tag":[],"class_list":{"0":"post-4964","1":"product","2":"type-product","3":"status-publish","4":"has-post-thumbnail","6":"product_cat-bokse-tavanor","7":"product_cat-sisteme-audio","9":"first","10":"instock","11":"shipping-taxable","12":"product-type-simple"},"acf":[],"_links":{"self":[{"href":"https:\/\/www.brikaelektrik.al\/al\/wp-json\/wp\/v2\/product\/4964","targetHints":{"allow":["GET"]}}],"collection":[{"href":"https:\/\/www.brikaelektrik.al\/al\/wp-json\/wp\/v2\/product"}],"about":[{"href":"https:\/\/www.brikaelektrik.al\/al\/wp-json\/wp\/v2\/types\/product"}],"replies":[{"embeddable":true,"href":"https:\/\/www.brikaelektrik.al\/al\/wp-json\/wp\/v2\/comments?post=4964"}],"wp:featuredmedia":[{"embeddable":true,"href":"https:\/\/www.brikaelektrik.al\/al\/wp-json\/wp\/v2\/media\/4965"}],"wp:attachment":[{"href":"https:\/\/www.brikaelektrik.al\/al\/wp-json\/wp\/v2\/media?parent=4964"}],"wp:term":[{"taxonomy":"product_brand","embeddable":true,"href":"https:\/\/www.brikaelektrik.al\/al\/wp-json\/wp\/v2\/product_brand?post=4964"},{"taxonomy":"product_cat","embeddable":true,"href":"https:\/\/www.brikaelektrik.al\/al\/wp-json\/wp\/v2\/product_cat?post=4964"},{"taxonomy":"product_tag","embeddable":true,"href":"https:\/\/www.brikaelektrik.al\/al\/wp-json\/wp\/v2\/product_tag?post=4964"}],"curies":[{"name":"wp","href":"https:\/\/api.w.org\/{rel}","templated":true}]}}