{"id":4971,"date":"2025-10-09T12:34:21","date_gmt":"2025-10-09T12:34:21","guid":{"rendered":"https:\/\/www.brikaelektrik.al\/?post_type=product&#038;p=4971"},"modified":"2025-10-09T12:34:21","modified_gmt":"2025-10-09T12:34:21","slug":"boks-tavanor-inkaso-gri-6w-16om-cm-606b","status":"publish","type":"product","link":"https:\/\/www.brikaelektrik.al\/al\/produkt\/boks-tavanor-inkaso-gri-6w-16om-cm-606b\/","title":{"rendered":"BOKS TAVANOR INKASO GRI 6W 16OM  CM-606B"},"content":{"rendered":"<p><strong>Seria: <\/strong>LUCKY TONE<br \/>\n<strong>Lloji: <\/strong>Boks Tavanor Metalik 6\u201d<\/p>\n<p>&#8211; Fuqia: 6W<br \/>\n&#8211; Tensioni: 100V<br \/>\n&#8211; Diametri i prerjes: 152 mm<br \/>\n&#8211; Diametri i altoparlantit: 6 inch<br \/>\n&#8211; I p\u00ebrshtatsh\u00ebm p\u00ebr aplikime t\u00eb ndryshme PA dhe BGM<br \/>\n&#8211; Me transformator\u00a06W<\/p>\n<p><strong>Pesha:<\/strong> 0.7 kg<br \/>\n<strong>Materiali i korniz\u00ebs:<\/strong> Metal<br \/>\n<strong>Ngjyra:<\/strong> Gri<br \/>\n<strong>Montimi:<\/strong> Dizajnuar p\u00ebr instalim inkaso n\u00eb tavan<\/p>\n<p>Ideal p\u00ebr ambientet ku k\u00ebrkohet z\u00eb i qart\u00eb dhe performanc\u00eb e q\u00ebndrueshme me dizajn diskret\u00a0n\u00eb\u00a0tavan.<\/p>","protected":false},"excerpt":{"rendered":"<p>Seria: LUCKY TONE Lloji: Boks Tavanor Metalik 6\u201d &#8211; Fuqia: 6W &#8211; Tensioni: 100V &#8211; Diametri i prerjes: 152 mm &#8211; Diametri i altoparlantit: 6 inch &#8211; I p\u00ebrshtatsh\u00ebm p\u00ebr aplikime t\u00eb ndryshme PA dhe BGM &#8211; Me transformator\u00a06W Pesha: 0.7 kg Materiali i korniz\u00ebs: Metal Ngjyra: Gri Montimi: Dizajnuar p\u00ebr instalim inkaso n\u00eb tavan [&hellip;]<\/p>","protected":false},"featured_media":4972,"comment_status":"open","ping_status":"closed","template":"","meta":{"_acf_changed":false},"product_brand":[],"product_cat":[108,50],"product_tag":[],"class_list":{"0":"post-4971","1":"product","2":"type-product","3":"status-publish","4":"has-post-thumbnail","6":"product_cat-bokse-tavanor","7":"product_cat-sisteme-audio","9":"first","10":"instock","11":"shipping-taxable","12":"product-type-simple"},"acf":[],"_links":{"self":[{"href":"https:\/\/www.brikaelektrik.al\/al\/wp-json\/wp\/v2\/product\/4971","targetHints":{"allow":["GET"]}}],"collection":[{"href":"https:\/\/www.brikaelektrik.al\/al\/wp-json\/wp\/v2\/product"}],"about":[{"href":"https:\/\/www.brikaelektrik.al\/al\/wp-json\/wp\/v2\/types\/product"}],"replies":[{"embeddable":true,"href":"https:\/\/www.brikaelektrik.al\/al\/wp-json\/wp\/v2\/comments?post=4971"}],"wp:featuredmedia":[{"embeddable":true,"href":"https:\/\/www.brikaelektrik.al\/al\/wp-json\/wp\/v2\/media\/4972"}],"wp:attachment":[{"href":"https:\/\/www.brikaelektrik.al\/al\/wp-json\/wp\/v2\/media?parent=4971"}],"wp:term":[{"taxonomy":"product_brand","embeddable":true,"href":"https:\/\/www.brikaelektrik.al\/al\/wp-json\/wp\/v2\/product_brand?post=4971"},{"taxonomy":"product_cat","embeddable":true,"href":"https:\/\/www.brikaelektrik.al\/al\/wp-json\/wp\/v2\/product_cat?post=4971"},{"taxonomy":"product_tag","embeddable":true,"href":"https:\/\/www.brikaelektrik.al\/al\/wp-json\/wp\/v2\/product_tag?post=4971"}],"curies":[{"name":"wp","href":"https:\/\/api.w.org\/{rel}","templated":true}]}}