{"id":4973,"date":"2025-10-09T12:40:43","date_gmt":"2025-10-09T12:40:43","guid":{"rendered":"https:\/\/www.brikaelektrik.al\/?post_type=product&#038;p=4973"},"modified":"2025-10-09T12:43:17","modified_gmt":"2025-10-09T12:43:17","slug":"boks-tavanor-inkaso-ip-poe-8-inch-30w-24v-dc-ipc-830spoe","status":"publish","type":"product","link":"https:\/\/www.brikaelektrik.al\/al\/produkt\/boks-tavanor-inkaso-ip-poe-8-inch-30w-24v-dc-ipc-830spoe\/","title":{"rendered":"BOKS TAVANOR INKASO  IP POE 8-INCH 30W 24V DC IPC-830SPOE"},"content":{"rendered":"<p><strong>Seria:<\/strong> LUCKY TONE<br \/>\n<strong>Lloji:<\/strong> Boks Tavanor Inkaso IP POE 8 inch<\/p>\n<p>&#8211; Fuqia: 30W<br \/>\n&#8211; Tensioni: 24V DC (PoE \u2013 Power over Ethernet)<br \/>\n&#8211; Diametri i prerjes: ~200 mm<br \/>\n&#8211; Niveli i z\u00ebrit: 96dB<br \/>\n&#8211; Diametri i altoparlantit: 8 inch<\/p>\n<p><strong>Karakteristika shtes\u00eb:<\/strong><br \/>\n&#8211; Dekodim p\u00ebr formate si MP3, WMA, WAV etj.<br \/>\n&#8211; Nd\u00ebrfaqe standarde RJ45 p\u00ebr rrjet<br \/>\n&#8211; P\u00ebrdit\u00ebsim i firmware nga distanca<br \/>\n&#8211; \u00c7ip industrial ARM + DSP, nisje m\u00eb pak se 1 sekond\u00eb<br \/>\n&#8211; P\u00ebr audio n\u00eb rrjet dhe amplifikim dixhital\u00a0t\u00eb\u00a0integruar<\/p>\n<p><strong>Pesha:<\/strong> 1.9 kg<br \/>\n<strong>Materiali i korniz\u00ebs:<\/strong> Metal \/ ABS (n\u00eb var\u00ebsi t\u00eb modelit specifik)<br \/>\n<strong>Ngjyra:<\/strong> E Bardh\u00eb<br \/>\n<strong>Montimi:<\/strong> Dizajnuar p\u00ebr instalim inkaso n\u00eb tavan, me lidhje PoE p\u00ebr audio n\u00eb rrjet IP<\/p>","protected":false},"excerpt":{"rendered":"<p>Seria: LUCKY TONE Lloji: Boks Tavanor Inkaso IP POE 8 inch &#8211; Fuqia: 30W &#8211; Tensioni: 24V DC (PoE \u2013 Power over Ethernet) &#8211; Diametri i prerjes: ~200 mm &#8211; Niveli i z\u00ebrit: 96dB &#8211; Diametri i altoparlantit: 8 inch Karakteristika shtes\u00eb: &#8211; Dekodim p\u00ebr formate si MP3, WMA, WAV etj. &#8211; Nd\u00ebrfaqe standarde RJ45 [&hellip;]<\/p>","protected":false},"featured_media":4974,"comment_status":"open","ping_status":"closed","template":"","meta":{"_acf_changed":false},"product_brand":[],"product_cat":[108,50],"product_tag":[],"class_list":{"0":"post-4973","1":"product","2":"type-product","3":"status-publish","4":"has-post-thumbnail","6":"product_cat-bokse-tavanor","7":"product_cat-sisteme-audio","9":"first","10":"instock","11":"shipping-taxable","12":"product-type-simple"},"acf":[],"_links":{"self":[{"href":"https:\/\/www.brikaelektrik.al\/al\/wp-json\/wp\/v2\/product\/4973","targetHints":{"allow":["GET"]}}],"collection":[{"href":"https:\/\/www.brikaelektrik.al\/al\/wp-json\/wp\/v2\/product"}],"about":[{"href":"https:\/\/www.brikaelektrik.al\/al\/wp-json\/wp\/v2\/types\/product"}],"replies":[{"embeddable":true,"href":"https:\/\/www.brikaelektrik.al\/al\/wp-json\/wp\/v2\/comments?post=4973"}],"wp:featuredmedia":[{"embeddable":true,"href":"https:\/\/www.brikaelektrik.al\/al\/wp-json\/wp\/v2\/media\/4974"}],"wp:attachment":[{"href":"https:\/\/www.brikaelektrik.al\/al\/wp-json\/wp\/v2\/media?parent=4973"}],"wp:term":[{"taxonomy":"product_brand","embeddable":true,"href":"https:\/\/www.brikaelektrik.al\/al\/wp-json\/wp\/v2\/product_brand?post=4973"},{"taxonomy":"product_cat","embeddable":true,"href":"https:\/\/www.brikaelektrik.al\/al\/wp-json\/wp\/v2\/product_cat?post=4973"},{"taxonomy":"product_tag","embeddable":true,"href":"https:\/\/www.brikaelektrik.al\/al\/wp-json\/wp\/v2\/product_tag?post=4973"}],"curies":[{"name":"wp","href":"https:\/\/api.w.org\/{rel}","templated":true}]}}