{"id":4978,"date":"2025-10-13T09:07:25","date_gmt":"2025-10-13T09:07:25","guid":{"rendered":"https:\/\/www.brikaelektrik.al\/?post_type=product&#038;p=4978"},"modified":"2025-10-13T09:07:25","modified_gmt":"2025-10-13T09:07:25","slug":"mikrofon-konferencash-me-jack-3-5mm-wm-375","status":"publish","type":"product","link":"https:\/\/www.brikaelektrik.al\/al\/produkt\/mikrofon-konferencash-me-jack-3-5mm-wm-375\/","title":{"rendered":"MIKROFON KONFERENCASH ME JACK 3.5MM WM-375"},"content":{"rendered":"<p><strong>Lloji: <\/strong>Westa WM-375 \u2013 Mikrofon Konferencash me Jack 3.5mm<\/p>\n<p><strong>P\u00ebrshkrim i produktit:<\/strong><br \/>\nMikrofoni Westa WM-375 \u00ebsht\u00eb zgjidhja ideale p\u00ebr konferenca, prezantime, takime dhe p\u00ebrdorim n\u00eb ambiente profesionale. Me dizajn elegant dhe ndri\u00e7im q\u00eb tregon gjendjen aktive t\u00eb mikrofonit, ky model ofron performanc\u00eb t\u00eb lart\u00eb dhe p\u00ebrdorim praktik.<\/p>\n<p><strong>Karakteristikat kryesore:<\/strong><br \/>\n&#8211; Lidhje: Me kabllo, 3.5mm Jack<br \/>\n&#8211; Gjat\u00ebsia e mikrofonit: 45 cm<br \/>\n&#8211; Buton aktivizimi: \u201cShto\/Fik\u201d (Push-to-Talk)<br \/>\n&#8211; Ndri\u00e7im LED: Tregon kur mikrofoni \u00ebsht\u00eb aktiv<br \/>\n&#8211; P\u00ebrdorim i p\u00ebrshtatsh\u00ebm: Konferenca, foltore, prezantime, m\u00ebsimdh\u00ebnie<br \/>\n&#8211; Dizajn profesional: Estetik dhe funksional p\u00ebr ambiente serioze<\/p>\n<p><strong>Specifikime teknike:<\/strong><br \/>\n&#8211; Marka &amp; Modeli: Westa WM-375<br \/>\n&#8211; P\u00ebrmasat e baz\u00ebs: 135 x 110 x 3.5 mm<br \/>\n&#8211; Material i q\u00ebndruesh\u00ebm: Struktur\u00eb solide p\u00ebr p\u00ebrdorim afatgjat\u00eb<br \/>\n&#8211; Pesha: Leht\u00eb p\u00ebr transport dhe montim<\/p>\n<p><strong>Avantazhet:<\/strong><br \/>\n&#8211; Transmetim i qart\u00eb i z\u00ebrit fal\u00eb mikrofonit t\u00eb gjat\u00eb 45 cm<br \/>\n&#8211; Buton praktik p\u00ebr kontroll t\u00eb menj\u00ebhersh\u00ebm<br \/>\n&#8211; Baza e q\u00ebndrueshme siguron stabilitet gjat\u00eb p\u00ebrdorimit<br \/>\n&#8211; Ndri\u00e7im LED p\u00ebr orientim vizual n\u00eb\u00a0\u00e7do\u00a0moment<\/p>","protected":false},"excerpt":{"rendered":"<p>Lloji: Westa WM-375 \u2013 Mikrofon Konferencash me Jack 3.5mm P\u00ebrshkrim i produktit: Mikrofoni Westa WM-375 \u00ebsht\u00eb zgjidhja ideale p\u00ebr konferenca, prezantime, takime dhe p\u00ebrdorim n\u00eb ambiente profesionale. Me dizajn elegant dhe ndri\u00e7im q\u00eb tregon gjendjen aktive t\u00eb mikrofonit, ky model ofron performanc\u00eb t\u00eb lart\u00eb dhe p\u00ebrdorim praktik. Karakteristikat kryesore: &#8211; Lidhje: Me kabllo, 3.5mm Jack [&hellip;]<\/p>","protected":false},"featured_media":4979,"comment_status":"open","ping_status":"closed","template":"","meta":{"_acf_changed":false},"product_brand":[],"product_cat":[106,50],"product_tag":[],"class_list":{"0":"post-4978","1":"product","2":"type-product","3":"status-publish","4":"has-post-thumbnail","6":"product_cat-mikrofon","7":"product_cat-sisteme-audio","9":"first","10":"instock","11":"shipping-taxable","12":"product-type-simple"},"acf":[],"_links":{"self":[{"href":"https:\/\/www.brikaelektrik.al\/al\/wp-json\/wp\/v2\/product\/4978","targetHints":{"allow":["GET"]}}],"collection":[{"href":"https:\/\/www.brikaelektrik.al\/al\/wp-json\/wp\/v2\/product"}],"about":[{"href":"https:\/\/www.brikaelektrik.al\/al\/wp-json\/wp\/v2\/types\/product"}],"replies":[{"embeddable":true,"href":"https:\/\/www.brikaelektrik.al\/al\/wp-json\/wp\/v2\/comments?post=4978"}],"wp:featuredmedia":[{"embeddable":true,"href":"https:\/\/www.brikaelektrik.al\/al\/wp-json\/wp\/v2\/media\/4979"}],"wp:attachment":[{"href":"https:\/\/www.brikaelektrik.al\/al\/wp-json\/wp\/v2\/media?parent=4978"}],"wp:term":[{"taxonomy":"product_brand","embeddable":true,"href":"https:\/\/www.brikaelektrik.al\/al\/wp-json\/wp\/v2\/product_brand?post=4978"},{"taxonomy":"product_cat","embeddable":true,"href":"https:\/\/www.brikaelektrik.al\/al\/wp-json\/wp\/v2\/product_cat?post=4978"},{"taxonomy":"product_tag","embeddable":true,"href":"https:\/\/www.brikaelektrik.al\/al\/wp-json\/wp\/v2\/product_tag?post=4978"}],"curies":[{"name":"wp","href":"https:\/\/api.w.org\/{rel}","templated":true}]}}