{"id":4982,"date":"2025-10-13T09:22:30","date_gmt":"2025-10-13T09:22:30","guid":{"rendered":"https:\/\/www.brikaelektrik.al\/?post_type=product&#038;p=4982"},"modified":"2025-10-13T09:22:31","modified_gmt":"2025-10-13T09:22:31","slug":"mikrofon-2cope-setreceiver-wireless-uhf-wm-89b","status":"publish","type":"product","link":"https:\/\/www.brikaelektrik.al\/al\/produkt\/mikrofon-2cope-setreceiver-wireless-uhf-wm-89b\/","title":{"rendered":"MIKROFON 2COPE SET+RECEIVER WIRELESS UHF WM-89B"},"content":{"rendered":"<p><strong>Lloji: <\/strong>LUCKY MIKROFON 2 COPE SET + RECEIVER WIRELESS UHF WM-89B &#8211; WM-89U<\/p>\n<p><strong>P\u00ebrshkrimi:<\/strong><br \/>\nSet me dy mikrofon\u00eb dore pa tela me teknologji UHF, ideal p\u00ebr p\u00ebrdorim n\u00eb evente, konferenca, performanca muzikore dhe prezantime. Pajisja p\u00ebrfshin nj\u00eb receiver me lidhje t\u00eb q\u00ebndrueshme dhe sinjal t\u00eb past\u00ebr, q\u00eb siguron funksionim pa nd\u00ebrprerje n\u00eb distanca t\u00eb gjata.<\/p>\n<p><strong>Karakteristikat kryesore:<\/strong><br \/>\n&#8211; Teknologji Wireless UHF p\u00ebr lidhje stabile dhe cil\u00ebsi t\u00eb lart\u00eb audio<br \/>\n&#8211; Set me 2 mikrofon\u00eb dore (model WM-89B) dhe receiver (model WM-89U)<br \/>\n&#8211; Frekuenca e gjer\u00eb p\u00ebr p\u00ebrdorim n\u00eb ambiente t\u00eb ndryshme<br \/>\n&#8211; Leht\u00ebsi n\u00eb p\u00ebrdorim dhe instalim<br \/>\n&#8211; Ideale p\u00ebr evente t\u00eb ndryshme: konferenca, skena, prezantime, m\u00ebsimdh\u00ebnie<\/p>\n<p><strong>Avantazhet:<\/strong><br \/>\n&#8211; Liri l\u00ebvizjeje pa tela t\u00eb bezdissh\u00ebm<br \/>\n&#8211; Cil\u00ebsi e qart\u00eb e z\u00ebrit<br \/>\n&#8211; P\u00ebrshtatje p\u00ebr p\u00ebrdorim n\u00eb ambiente t\u00eb brendshme dhe t\u00eb jashtme<br \/>\n&#8211; Dizajn i q\u00ebndruesh\u00ebm dhe ergonomik<\/p>\n<p><strong>P\u00ebrdorimi:<\/strong><br \/>\nI p\u00ebrshtatsh\u00ebm p\u00ebr ngjarje profesionale dhe amatore, ku k\u00ebrkohet nj\u00eb sistem i besuesh\u00ebm dhe efikas mikrofon\u00ebsh wireless.<\/p>","protected":false},"excerpt":{"rendered":"<p>Lloji: LUCKY MIKROFON 2 COPE SET + RECEIVER WIRELESS UHF WM-89B &#8211; WM-89U P\u00ebrshkrimi: Set me dy mikrofon\u00eb dore pa tela me teknologji UHF, ideal p\u00ebr p\u00ebrdorim n\u00eb evente, konferenca, performanca muzikore dhe prezantime. Pajisja p\u00ebrfshin nj\u00eb receiver me lidhje t\u00eb q\u00ebndrueshme dhe sinjal t\u00eb past\u00ebr, q\u00eb siguron funksionim pa nd\u00ebrprerje n\u00eb distanca t\u00eb gjata. [&hellip;]<\/p>","protected":false},"featured_media":4983,"comment_status":"open","ping_status":"closed","template":"","meta":{"_acf_changed":false},"product_brand":[],"product_cat":[106,50],"product_tag":[],"class_list":{"0":"post-4982","1":"product","2":"type-product","3":"status-publish","4":"has-post-thumbnail","6":"product_cat-mikrofon","7":"product_cat-sisteme-audio","9":"first","10":"instock","11":"shipping-taxable","12":"product-type-simple"},"acf":[],"_links":{"self":[{"href":"https:\/\/www.brikaelektrik.al\/al\/wp-json\/wp\/v2\/product\/4982","targetHints":{"allow":["GET"]}}],"collection":[{"href":"https:\/\/www.brikaelektrik.al\/al\/wp-json\/wp\/v2\/product"}],"about":[{"href":"https:\/\/www.brikaelektrik.al\/al\/wp-json\/wp\/v2\/types\/product"}],"replies":[{"embeddable":true,"href":"https:\/\/www.brikaelektrik.al\/al\/wp-json\/wp\/v2\/comments?post=4982"}],"wp:featuredmedia":[{"embeddable":true,"href":"https:\/\/www.brikaelektrik.al\/al\/wp-json\/wp\/v2\/media\/4983"}],"wp:attachment":[{"href":"https:\/\/www.brikaelektrik.al\/al\/wp-json\/wp\/v2\/media?parent=4982"}],"wp:term":[{"taxonomy":"product_brand","embeddable":true,"href":"https:\/\/www.brikaelektrik.al\/al\/wp-json\/wp\/v2\/product_brand?post=4982"},{"taxonomy":"product_cat","embeddable":true,"href":"https:\/\/www.brikaelektrik.al\/al\/wp-json\/wp\/v2\/product_cat?post=4982"},{"taxonomy":"product_tag","embeddable":true,"href":"https:\/\/www.brikaelektrik.al\/al\/wp-json\/wp\/v2\/product_tag?post=4982"}],"curies":[{"name":"wp","href":"https:\/\/api.w.org\/{rel}","templated":true}]}}