{"id":4984,"date":"2025-10-13T09:27:37","date_gmt":"2025-10-13T09:27:37","guid":{"rendered":"https:\/\/www.brikaelektrik.al\/?post_type=product&#038;p=4984"},"modified":"2025-10-13T09:27:37","modified_gmt":"2025-10-13T09:27:37","slug":"mikrofon-trupi-me-wifi-wm-325r","status":"publish","type":"product","link":"https:\/\/www.brikaelektrik.al\/al\/produkt\/mikrofon-trupi-me-wifi-wm-325r\/","title":{"rendered":"MIKROFON TRUPI ME WIFI WM-325R"},"content":{"rendered":"<p><strong>Lloji: <\/strong>WESTA MIKROFON TRUPI ME WIFI WM-325R<\/p>\n<p>P\u00ebrshkrimi:<br \/>\nMikrofoni trupor me teknologji WiFi nga Westa, ideal p\u00ebr prezantime, trajnime, dhe p\u00ebrdorim profesional ku k\u00ebrkohet liri totale n\u00eb l\u00ebvizje. Siguron transmetim t\u00eb q\u00ebndruesh\u00ebm t\u00eb z\u00ebrit pa tela me cil\u00ebsi t\u00eb lart\u00eb audio.<\/p>\n<p><strong>Karakteristikat kryesore:<\/strong><br \/>\n&#8211; Teknologji WiFi p\u00ebr lidhje pa tela dhe sinjal t\u00eb fort\u00eb<br \/>\n&#8211; Dizajn i leht\u00eb dhe i komod p\u00ebr bartje gjat\u00eb p\u00ebrdorimit<br \/>\n&#8211; Frekuenc\u00eb e q\u00ebndrueshme dhe e sigurt p\u00ebr transmetim pa nd\u00ebrprerje<br \/>\n&#8211; P\u00ebrshtatje e thjesht\u00eb me pajisje t\u00eb ndryshme audio<br \/>\n&#8211; Kontroll i leht\u00eb dhe funksionim intuitiv<\/p>\n<p><strong>Avantazhet:<\/strong><br \/>\n&#8211; Liri totale l\u00ebvizjeje pa kufizime tela<br \/>\n&#8211; Cil\u00ebsi e qart\u00eb dhe profesionale e z\u00ebrit<br \/>\n&#8211; P\u00ebrshtatje p\u00ebr prezantime, trajnime, dhe evente t\u00eb ndryshme<br \/>\n&#8211; Dizajn ergonomik dhe rezistent p\u00ebr p\u00ebrdorim t\u00eb vazhduesh\u00ebm<\/p>\n<p><strong>P\u00ebrdorimi:<\/strong><br \/>\nI p\u00ebrshtatsh\u00ebm p\u00ebr m\u00ebsimdh\u00ebnie, konferenca, prezantime n\u00eb ambiente t\u00eb ndryshme profesionale dhe publike.<\/p>\n<p>&nbsp;<\/p>","protected":false},"excerpt":{"rendered":"<p>Lloji: WESTA MIKROFON TRUPI ME WIFI WM-325R P\u00ebrshkrimi: Mikrofoni trupor me teknologji WiFi nga Westa, ideal p\u00ebr prezantime, trajnime, dhe p\u00ebrdorim profesional ku k\u00ebrkohet liri totale n\u00eb l\u00ebvizje. Siguron transmetim t\u00eb q\u00ebndruesh\u00ebm t\u00eb z\u00ebrit pa tela me cil\u00ebsi t\u00eb lart\u00eb audio. Karakteristikat kryesore: &#8211; Teknologji WiFi p\u00ebr lidhje pa tela dhe sinjal t\u00eb fort\u00eb &#8211; [&hellip;]<\/p>","protected":false},"featured_media":4985,"comment_status":"open","ping_status":"closed","template":"","meta":{"_acf_changed":false},"product_brand":[],"product_cat":[106,50],"product_tag":[],"class_list":{"0":"post-4984","1":"product","2":"type-product","3":"status-publish","4":"has-post-thumbnail","6":"product_cat-mikrofon","7":"product_cat-sisteme-audio","9":"first","10":"instock","11":"shipping-taxable","12":"product-type-simple"},"acf":[],"_links":{"self":[{"href":"https:\/\/www.brikaelektrik.al\/al\/wp-json\/wp\/v2\/product\/4984","targetHints":{"allow":["GET"]}}],"collection":[{"href":"https:\/\/www.brikaelektrik.al\/al\/wp-json\/wp\/v2\/product"}],"about":[{"href":"https:\/\/www.brikaelektrik.al\/al\/wp-json\/wp\/v2\/types\/product"}],"replies":[{"embeddable":true,"href":"https:\/\/www.brikaelektrik.al\/al\/wp-json\/wp\/v2\/comments?post=4984"}],"wp:featuredmedia":[{"embeddable":true,"href":"https:\/\/www.brikaelektrik.al\/al\/wp-json\/wp\/v2\/media\/4985"}],"wp:attachment":[{"href":"https:\/\/www.brikaelektrik.al\/al\/wp-json\/wp\/v2\/media?parent=4984"}],"wp:term":[{"taxonomy":"product_brand","embeddable":true,"href":"https:\/\/www.brikaelektrik.al\/al\/wp-json\/wp\/v2\/product_brand?post=4984"},{"taxonomy":"product_cat","embeddable":true,"href":"https:\/\/www.brikaelektrik.al\/al\/wp-json\/wp\/v2\/product_cat?post=4984"},{"taxonomy":"product_tag","embeddable":true,"href":"https:\/\/www.brikaelektrik.al\/al\/wp-json\/wp\/v2\/product_tag?post=4984"}],"curies":[{"name":"wp","href":"https:\/\/api.w.org\/{rel}","templated":true}]}}