{"id":4986,"date":"2025-10-13T09:34:55","date_gmt":"2025-10-13T09:34:55","guid":{"rendered":"https:\/\/www.brikaelektrik.al\/?post_type=product&#038;p=4986"},"modified":"2025-10-13T09:34:55","modified_gmt":"2025-10-13T09:34:55","slug":"mikrofon-evakuimi-12-zona-dp-evac1000rp","status":"publish","type":"product","link":"https:\/\/www.brikaelektrik.al\/al\/produkt\/mikrofon-evakuimi-12-zona-dp-evac1000rp\/","title":{"rendered":"MIKROFON EVAKUIMI 12 ZONA DP-EVAC1000RP"},"content":{"rendered":"<p><strong>Lloji: <\/strong>DECON MIKROFON EVAKUIMI 12 ZONA DP-EVAC1000RP<\/p>\n<p><strong>P\u00ebrshkrimi:<\/strong><br \/>\nMikrofoni i dedikuar p\u00ebr sistemet e evakuimit me mund\u00ebsi kontrolli t\u00eb 12 zonave t\u00eb ndryshme. Ideal p\u00ebr ambiente t\u00eb m\u00ebdha publike dhe komerciale ku k\u00ebrkohet organizim i efektsh\u00ebm i evakuimit dhe komunikim i qart\u00eb gjat\u00eb situatave emergjente.<\/p>\n<p><strong>Karakteristikat kryesore:<\/strong><br \/>\n&#8211; Kontrolli i 12 zonave t\u00eb pavarura p\u00ebr evakuim selektiv<br \/>\n&#8211; Dizajn profesional, i p\u00ebrshtatsh\u00ebm p\u00ebr p\u00ebrdorim n\u00eb ambiente t\u00eb ndryshme<br \/>\n&#8211; Mikrofoni me cil\u00ebsi t\u00eb lart\u00eb audio p\u00ebr komunikim t\u00eb qart\u00eb dhe t\u00eb fuqish\u00ebm<br \/>\n&#8211; Integrim i leht\u00eb me sistemet ekzistuese t\u00eb evakuimit<br \/>\n&#8211; Kontroll i thjesht\u00eb dhe i sigurt p\u00ebr p\u00ebrdorim n\u00eb raste emergjente<\/p>\n<p><strong>Avantazhet:<\/strong><br \/>\n&#8211; Menaxhim efikas i evakuimit n\u00eb ambiente komplekse me shum\u00eb zona<br \/>\n&#8211; P\u00ebrmir\u00ebsim i siguris\u00eb dhe koordinimit gjat\u00eb emergjencave<br \/>\n&#8211; Cil\u00ebsi e shk\u00eblqyer audio p\u00ebr udh\u00ebzime t\u00eb qarta dhe t\u00eb d\u00ebgjueshme<br \/>\n&#8211; Q\u00ebndrueshm\u00ebri dhe besueshm\u00ebri n\u00eb pun\u00eb intensive<\/p>\n<p><strong>P\u00ebrdorimi:<\/strong><br \/>\nI p\u00ebrshtatsh\u00ebm p\u00ebr qendra tregtare, nd\u00ebrtesa publike, aeroporte, spitale dhe \u00e7do ambient ku k\u00ebrkohet nj\u00eb sistem i sofistikuar evakuimi.<\/p>","protected":false},"excerpt":{"rendered":"<p>Lloji: DECON MIKROFON EVAKUIMI 12 ZONA DP-EVAC1000RP P\u00ebrshkrimi: Mikrofoni i dedikuar p\u00ebr sistemet e evakuimit me mund\u00ebsi kontrolli t\u00eb 12 zonave t\u00eb ndryshme. Ideal p\u00ebr ambiente t\u00eb m\u00ebdha publike dhe komerciale ku k\u00ebrkohet organizim i efektsh\u00ebm i evakuimit dhe komunikim i qart\u00eb gjat\u00eb situatave emergjente. Karakteristikat kryesore: &#8211; Kontrolli i 12 zonave t\u00eb pavarura p\u00ebr [&hellip;]<\/p>","protected":false},"featured_media":4987,"comment_status":"open","ping_status":"closed","template":"","meta":{"_acf_changed":false},"product_brand":[],"product_cat":[106,50],"product_tag":[],"class_list":{"0":"post-4986","1":"product","2":"type-product","3":"status-publish","4":"has-post-thumbnail","6":"product_cat-mikrofon","7":"product_cat-sisteme-audio","9":"first","10":"instock","11":"shipping-taxable","12":"product-type-simple"},"acf":[],"_links":{"self":[{"href":"https:\/\/www.brikaelektrik.al\/al\/wp-json\/wp\/v2\/product\/4986","targetHints":{"allow":["GET"]}}],"collection":[{"href":"https:\/\/www.brikaelektrik.al\/al\/wp-json\/wp\/v2\/product"}],"about":[{"href":"https:\/\/www.brikaelektrik.al\/al\/wp-json\/wp\/v2\/types\/product"}],"replies":[{"embeddable":true,"href":"https:\/\/www.brikaelektrik.al\/al\/wp-json\/wp\/v2\/comments?post=4986"}],"wp:featuredmedia":[{"embeddable":true,"href":"https:\/\/www.brikaelektrik.al\/al\/wp-json\/wp\/v2\/media\/4987"}],"wp:attachment":[{"href":"https:\/\/www.brikaelektrik.al\/al\/wp-json\/wp\/v2\/media?parent=4986"}],"wp:term":[{"taxonomy":"product_brand","embeddable":true,"href":"https:\/\/www.brikaelektrik.al\/al\/wp-json\/wp\/v2\/product_brand?post=4986"},{"taxonomy":"product_cat","embeddable":true,"href":"https:\/\/www.brikaelektrik.al\/al\/wp-json\/wp\/v2\/product_cat?post=4986"},{"taxonomy":"product_tag","embeddable":true,"href":"https:\/\/www.brikaelektrik.al\/al\/wp-json\/wp\/v2\/product_tag?post=4986"}],"curies":[{"name":"wp","href":"https:\/\/api.w.org\/{rel}","templated":true}]}}