{"id":4988,"date":"2025-10-13T09:40:05","date_gmt":"2025-10-13T09:40:05","guid":{"rendered":"https:\/\/www.brikaelektrik.al\/?post_type=product&#038;p=4988"},"modified":"2025-10-13T09:40:05","modified_gmt":"2025-10-13T09:40:05","slug":"mikrofon-wi-fi-per-xhamifcm-612","status":"publish","type":"product","link":"https:\/\/www.brikaelektrik.al\/al\/produkt\/mikrofon-wi-fi-per-xhamifcm-612\/","title":{"rendered":"MIKROFON WI-FI PER XHAMIFCM-612"},"content":{"rendered":"<p><strong>Lloji: <\/strong>FONESTAR MIKROFON WI-FI P\u00cbR XHAMI FCM-612<\/p>\n<p><strong>P\u00ebrshkrimi:<\/strong><br \/>\nMikrofon Wi-Fi i dizajnuar p\u00ebr komunikim t\u00eb qart\u00eb dhe t\u00eb leht\u00eb n\u00ebp\u00ebrmjet xhamit. Ideale p\u00ebr zyrat me ndarje xhami, sportelet e bankave, apo ambientet ku k\u00ebrkohet komunikim i sigurt pa nd\u00ebrprerje fizike.<\/p>\n<p><strong>Karakteristikat kryesore:<\/strong><br \/>\n&#8211; Teknologji Wi-Fi p\u00ebr lidhje pa tel dhe komunikim t\u00eb pand\u00ebrprer\u00eb<br \/>\n&#8211; Dizajn i p\u00ebrshtatsh\u00ebm p\u00ebr montim n\u00eb xham apo dritare<br \/>\n&#8211; Cil\u00ebsi e lart\u00eb audio p\u00ebr transmetim t\u00eb qart\u00eb dhe pa zhurma<br \/>\n&#8211; Lidhje e q\u00ebndrueshme dhe e sigurt n\u00eb rrjetin Wi-Fi<br \/>\n&#8211; P\u00ebrdorim i thjesht\u00eb dhe i p\u00ebrshtatsh\u00ebm p\u00ebr ambiente komerciale dhe zyrtare<\/p>\n<p><strong>Avantazhet:<\/strong><br \/>\n&#8211; Komunikim i leht\u00eb dhe pa pengesa n\u00ebp\u00ebrmjet xhamit<br \/>\n&#8211; Reduktim i zhurmave dhe interferencave p\u00ebr nj\u00eb audio t\u00eb past\u00ebr<br \/>\n&#8211; Leht\u00ebsi n\u00eb instalim pa nevoj\u00ebn p\u00ebr kabllo t\u00eb gjat\u00eb<br \/>\n&#8211; Mund\u00ebsi p\u00ebrdorimi n\u00eb sportelet bankare, zyra me ndarje xhami, pika informimi, etj.<\/p>\n<p><strong>P\u00ebrdorimi:<\/strong><br \/>\nI p\u00ebrshtatsh\u00ebm p\u00ebr banka, institucione publike, sportele sh\u00ebrbimi dhe \u00e7do ambient q\u00eb k\u00ebrkon komunikim t\u00eb sigurt n\u00ebp\u00ebrmjet xhamit.<\/p>\n<p>&nbsp;<\/p>","protected":false},"excerpt":{"rendered":"<p>Lloji: FONESTAR MIKROFON WI-FI P\u00cbR XHAMI FCM-612 P\u00ebrshkrimi: Mikrofon Wi-Fi i dizajnuar p\u00ebr komunikim t\u00eb qart\u00eb dhe t\u00eb leht\u00eb n\u00ebp\u00ebrmjet xhamit. Ideale p\u00ebr zyrat me ndarje xhami, sportelet e bankave, apo ambientet ku k\u00ebrkohet komunikim i sigurt pa nd\u00ebrprerje fizike. Karakteristikat kryesore: &#8211; Teknologji Wi-Fi p\u00ebr lidhje pa tel dhe komunikim t\u00eb pand\u00ebrprer\u00eb &#8211; Dizajn [&hellip;]<\/p>","protected":false},"featured_media":4989,"comment_status":"open","ping_status":"closed","template":"","meta":{"_acf_changed":false},"product_brand":[],"product_cat":[106,50],"product_tag":[],"class_list":{"0":"post-4988","1":"product","2":"type-product","3":"status-publish","4":"has-post-thumbnail","6":"product_cat-mikrofon","7":"product_cat-sisteme-audio","9":"first","10":"instock","11":"shipping-taxable","12":"product-type-simple"},"acf":[],"_links":{"self":[{"href":"https:\/\/www.brikaelektrik.al\/al\/wp-json\/wp\/v2\/product\/4988","targetHints":{"allow":["GET"]}}],"collection":[{"href":"https:\/\/www.brikaelektrik.al\/al\/wp-json\/wp\/v2\/product"}],"about":[{"href":"https:\/\/www.brikaelektrik.al\/al\/wp-json\/wp\/v2\/types\/product"}],"replies":[{"embeddable":true,"href":"https:\/\/www.brikaelektrik.al\/al\/wp-json\/wp\/v2\/comments?post=4988"}],"wp:featuredmedia":[{"embeddable":true,"href":"https:\/\/www.brikaelektrik.al\/al\/wp-json\/wp\/v2\/media\/4989"}],"wp:attachment":[{"href":"https:\/\/www.brikaelektrik.al\/al\/wp-json\/wp\/v2\/media?parent=4988"}],"wp:term":[{"taxonomy":"product_brand","embeddable":true,"href":"https:\/\/www.brikaelektrik.al\/al\/wp-json\/wp\/v2\/product_brand?post=4988"},{"taxonomy":"product_cat","embeddable":true,"href":"https:\/\/www.brikaelektrik.al\/al\/wp-json\/wp\/v2\/product_cat?post=4988"},{"taxonomy":"product_tag","embeddable":true,"href":"https:\/\/www.brikaelektrik.al\/al\/wp-json\/wp\/v2\/product_tag?post=4988"}],"curies":[{"name":"wp","href":"https:\/\/api.w.org\/{rel}","templated":true}]}}