{"id":4990,"date":"2025-10-13T09:43:58","date_gmt":"2025-10-13T09:43:58","guid":{"rendered":"https:\/\/www.brikaelektrik.al\/?post_type=product&#038;p=4990"},"modified":"2025-10-13T09:43:58","modified_gmt":"2025-10-13T09:43:58","slug":"set-mikrofonash-3-cop-me-wifi","status":"publish","type":"product","link":"https:\/\/www.brikaelektrik.al\/al\/produkt\/set-mikrofonash-3-cop-me-wifi\/","title":{"rendered":"SET MIKROFONASH 3-COP ME WIFI"},"content":{"rendered":"<p><strong>Lloji: <\/strong>FONESTAR SET MIKROFONASH 3-COP\u00cb ME WIFI MSH-209<\/p>\n<p><strong>P\u00ebrshkrimi:<\/strong><br \/>\nSet me 3 mikrofon\u00eb pa tel, t\u00eb pajisur me teknologji WiFi p\u00ebr komunikim t\u00eb qart\u00eb dhe t\u00eb pand\u00ebrprer\u00eb n\u00eb ambiente t\u00eb ndryshme. I p\u00ebrshtatsh\u00ebm p\u00ebr konferenca, prezantime, evente sportive, m\u00ebsimdh\u00ebnie dhe p\u00ebrdorim profesional n\u00eb ambiente t\u00eb ndryshme.<\/p>\n<p><strong>Karakteristikat kryesore:<\/strong><br \/>\n&#8211; Set prej 3 mikrofon\u00ebsh me lidhje WiFi pa tel<br \/>\n&#8211; Cil\u00ebsi e lart\u00eb audio me reduktim t\u00eb zhurm\u00ebs<br \/>\n&#8211; Lidhje e q\u00ebndrueshme dhe e sigurt n\u00eb rrjetin WiFi<br \/>\n&#8211; Dizajn ergonomik p\u00ebr p\u00ebrdorim t\u00eb rehatsh\u00ebm dhe fleksibilitet maksimal<br \/>\n&#8211; Mund\u00ebsi p\u00ebrdorimi t\u00eb pavarur p\u00ebr \u00e7do mikrofon<br \/>\n&#8211; Shp\u00ebrndarje e leht\u00eb e sinjalit dhe larg\u00ebsi e konsiderueshme veprimi<\/p>\n<p><strong>Avantazhet:<\/strong><br \/>\n&#8211; Komunikim i qart\u00eb dhe i pand\u00ebrprer\u00eb n\u00eb hap\u00ebsira t\u00eb m\u00ebdha<br \/>\n&#8211; Eliminim i zhurmave dhe interferencave p\u00ebr p\u00ebrvoj\u00eb t\u00eb k\u00ebnaqshme d\u00ebgjimi<br \/>\n&#8211; Instalim dhe p\u00ebrdorim i thjesht\u00eb, pa nevoj\u00ebn e kabllove t\u00eb shumta<br \/>\n&#8211; Set i plot\u00eb q\u00eb p\u00ebrfshin gjith\u00e7ka p\u00ebr p\u00ebrdorim profesional dhe t\u00eb besuesh\u00ebm<\/p>\n<p><strong>P\u00ebrdorimi:<\/strong><br \/>\nIdeal p\u00ebr konferenca, takime biznesi, m\u00ebsimdh\u00ebnie, evente kulturore, aktivitete sportive dhe \u00e7do situat\u00eb q\u00eb k\u00ebrkon z\u00eb t\u00eb past\u00ebr dhe komunikim pa\u00a0kufizime.<\/p>","protected":false},"excerpt":{"rendered":"<p>Lloji: FONESTAR SET MIKROFONASH 3-COP\u00cb ME WIFI MSH-209 P\u00ebrshkrimi: Set me 3 mikrofon\u00eb pa tel, t\u00eb pajisur me teknologji WiFi p\u00ebr komunikim t\u00eb qart\u00eb dhe t\u00eb pand\u00ebrprer\u00eb n\u00eb ambiente t\u00eb ndryshme. I p\u00ebrshtatsh\u00ebm p\u00ebr konferenca, prezantime, evente sportive, m\u00ebsimdh\u00ebnie dhe p\u00ebrdorim profesional n\u00eb ambiente t\u00eb ndryshme. Karakteristikat kryesore: &#8211; Set prej 3 mikrofon\u00ebsh me lidhje [&hellip;]<\/p>","protected":false},"featured_media":4991,"comment_status":"open","ping_status":"closed","template":"","meta":{"_acf_changed":false},"product_brand":[],"product_cat":[106,50],"product_tag":[],"class_list":{"0":"post-4990","1":"product","2":"type-product","3":"status-publish","4":"has-post-thumbnail","6":"product_cat-mikrofon","7":"product_cat-sisteme-audio","9":"first","10":"instock","11":"shipping-taxable","12":"product-type-simple"},"acf":[],"_links":{"self":[{"href":"https:\/\/www.brikaelektrik.al\/al\/wp-json\/wp\/v2\/product\/4990","targetHints":{"allow":["GET"]}}],"collection":[{"href":"https:\/\/www.brikaelektrik.al\/al\/wp-json\/wp\/v2\/product"}],"about":[{"href":"https:\/\/www.brikaelektrik.al\/al\/wp-json\/wp\/v2\/types\/product"}],"replies":[{"embeddable":true,"href":"https:\/\/www.brikaelektrik.al\/al\/wp-json\/wp\/v2\/comments?post=4990"}],"wp:featuredmedia":[{"embeddable":true,"href":"https:\/\/www.brikaelektrik.al\/al\/wp-json\/wp\/v2\/media\/4991"}],"wp:attachment":[{"href":"https:\/\/www.brikaelektrik.al\/al\/wp-json\/wp\/v2\/media?parent=4990"}],"wp:term":[{"taxonomy":"product_brand","embeddable":true,"href":"https:\/\/www.brikaelektrik.al\/al\/wp-json\/wp\/v2\/product_brand?post=4990"},{"taxonomy":"product_cat","embeddable":true,"href":"https:\/\/www.brikaelektrik.al\/al\/wp-json\/wp\/v2\/product_cat?post=4990"},{"taxonomy":"product_tag","embeddable":true,"href":"https:\/\/www.brikaelektrik.al\/al\/wp-json\/wp\/v2\/product_tag?post=4990"}],"curies":[{"name":"wp","href":"https:\/\/api.w.org\/{rel}","templated":true}]}}