{"id":4992,"date":"2025-10-13T09:50:56","date_gmt":"2025-10-13T09:50:56","guid":{"rendered":"https:\/\/www.brikaelektrik.al\/?post_type=product&#038;p=4992"},"modified":"2025-10-13T09:53:42","modified_gmt":"2025-10-13T09:53:42","slug":"mikrofon-stativ-me-jack-3-5mm","status":"publish","type":"product","link":"https:\/\/www.brikaelektrik.al\/al\/produkt\/mikrofon-stativ-me-jack-3-5mm\/","title":{"rendered":"MIKROFON STATIV ME JACK 3.5MM"},"content":{"rendered":"<p><strong>Lloji: <\/strong>TRUST MIKROFON STATIV ME JACK 3.5MM 21993<\/p>\n<p><strong>P\u00ebrshkrimi:<\/strong><br \/>\nMikrofon i dizajnuar p\u00ebr p\u00ebrdorim n\u00eb studio, konferenca, dhe ambiente t\u00eb tjera ku k\u00ebrkohet z\u00eb i qart\u00eb dhe i q\u00ebndruesh\u00ebm. Vjen me stativ t\u00eb q\u00ebndruesh\u00ebm dhe lidhje standarde me kabllo Jack 3.5mm p\u00ebr lidhje t\u00eb thjesht\u00eb me pajisjet audio.<\/p>\n<p><strong>Karakteristikat kryesore:<\/strong><br \/>\n&#8211; Lidhje me kabllo Jack 3.5mm p\u00ebr kompatibilitet t\u00eb gjer\u00eb<br \/>\n&#8211; Stativ i rregulluesh\u00ebm dhe i q\u00ebndruesh\u00ebm p\u00ebr pozicionim optimal<br \/>\n&#8211; Mikrofoni me ndjeshm\u00ebri t\u00eb lart\u00eb p\u00ebr kapje t\u00eb z\u00ebrit n\u00eb m\u00ebnyr\u00eb t\u00eb qart\u00eb dhe natyrale<br \/>\n&#8211; Dizajn kompakt dhe praktik p\u00ebr p\u00ebrdorim t\u00eb leht\u00eb n\u00eb \u00e7do ambient<br \/>\n&#8211; Kabllo e integruar me gjat\u00ebsi t\u00eb mjaftueshme p\u00ebr l\u00ebvizje t\u00eb rehatshme<\/p>\n<p><strong>Avantazhet:<\/strong><br \/>\n&#8211; Instalim dhe p\u00ebrdorim i thjesht\u00eb me pajisjet audio me dalje Jack 3.5mm<br \/>\n&#8211; Q\u00ebndrueshm\u00ebri dhe fleksibilitet fal\u00eb stativit t\u00eb rregulluesh\u00ebm<br \/>\n&#8211; Cil\u00ebsi e mir\u00eb audio p\u00ebr biseda, regjistrime, apo prezantime<br \/>\n&#8211; Ideal p\u00ebr p\u00ebrdorues q\u00eb k\u00ebrkojn\u00eb zgjidhje t\u00eb besueshme me buxhet t\u00eb arsyesh\u00ebm<\/p>\n<p><strong>P\u00ebrdorimi:<\/strong><br \/>\nI p\u00ebrshtatsh\u00ebm p\u00ebr p\u00ebrdorim n\u00eb zyre, studio, m\u00ebsimdh\u00ebnie, konferenca dhe p\u00ebrdorim t\u00eb p\u00ebrditsh\u00ebm ku k\u00ebrkohet mikrofon me lidhje t\u00eb thjesht\u00eb dhe stativ\u00a0t\u00eb\u00a0fort\u00eb.<\/p>","protected":false},"excerpt":{"rendered":"<p>Lloji: TRUST MIKROFON STATIV ME JACK 3.5MM 21993 P\u00ebrshkrimi: Mikrofon i dizajnuar p\u00ebr p\u00ebrdorim n\u00eb studio, konferenca, dhe ambiente t\u00eb tjera ku k\u00ebrkohet z\u00eb i qart\u00eb dhe i q\u00ebndruesh\u00ebm. Vjen me stativ t\u00eb q\u00ebndruesh\u00ebm dhe lidhje standarde me kabllo Jack 3.5mm p\u00ebr lidhje t\u00eb thjesht\u00eb me pajisjet audio. Karakteristikat kryesore: &#8211; Lidhje me kabllo Jack [&hellip;]<\/p>","protected":false},"featured_media":4997,"comment_status":"open","ping_status":"closed","template":"","meta":{"_acf_changed":false},"product_brand":[],"product_cat":[106,50],"product_tag":[],"class_list":{"0":"post-4992","1":"product","2":"type-product","3":"status-publish","4":"has-post-thumbnail","6":"product_cat-mikrofon","7":"product_cat-sisteme-audio","9":"first","10":"instock","11":"shipping-taxable","12":"product-type-simple"},"acf":[],"_links":{"self":[{"href":"https:\/\/www.brikaelektrik.al\/al\/wp-json\/wp\/v2\/product\/4992","targetHints":{"allow":["GET"]}}],"collection":[{"href":"https:\/\/www.brikaelektrik.al\/al\/wp-json\/wp\/v2\/product"}],"about":[{"href":"https:\/\/www.brikaelektrik.al\/al\/wp-json\/wp\/v2\/types\/product"}],"replies":[{"embeddable":true,"href":"https:\/\/www.brikaelektrik.al\/al\/wp-json\/wp\/v2\/comments?post=4992"}],"wp:featuredmedia":[{"embeddable":true,"href":"https:\/\/www.brikaelektrik.al\/al\/wp-json\/wp\/v2\/media\/4997"}],"wp:attachment":[{"href":"https:\/\/www.brikaelektrik.al\/al\/wp-json\/wp\/v2\/media?parent=4992"}],"wp:term":[{"taxonomy":"product_brand","embeddable":true,"href":"https:\/\/www.brikaelektrik.al\/al\/wp-json\/wp\/v2\/product_brand?post=4992"},{"taxonomy":"product_cat","embeddable":true,"href":"https:\/\/www.brikaelektrik.al\/al\/wp-json\/wp\/v2\/product_cat?post=4992"},{"taxonomy":"product_tag","embeddable":true,"href":"https:\/\/www.brikaelektrik.al\/al\/wp-json\/wp\/v2\/product_tag?post=4992"}],"curies":[{"name":"wp","href":"https:\/\/api.w.org\/{rel}","templated":true}]}}