{"id":4999,"date":"2025-10-13T12:15:31","date_gmt":"2025-10-13T12:15:31","guid":{"rendered":"https:\/\/www.brikaelektrik.al\/?post_type=product&#038;p=4999"},"modified":"2025-10-13T12:15:31","modified_gmt":"2025-10-13T12:15:31","slug":"boks-i-bardhe-30w-hermetik-ip67-5-inch-100v-10-15-30w-8-ohm","status":"publish","type":"product","link":"https:\/\/www.brikaelektrik.al\/al\/produkt\/boks-i-bardhe-30w-hermetik-ip67-5-inch-100v-10-15-30w-8-ohm\/","title":{"rendered":"BOKS I BARDH\u00cb 30W HERMETIK IP67  5-INCH  100V   10\/15\/30W\/8 ohm"},"content":{"rendered":"<p><strong>Seria:<\/strong> LUCKY TONE<br \/>\n<strong>Modeli:<\/strong> WP-530FW<br \/>\n<strong>Lloji:<\/strong> Boks Outdoor Metalik 6\u201d p\u00ebr Ambient t\u00eb Jasht\u00ebm<\/p>\n<p><strong>Specifikime teknike:<\/strong><br \/>\n&#8211; Fuqia nominale: 6W<br \/>\n&#8211; Tensioni i pun\u00ebs: 100V<br \/>\n&#8211; Diametri i prerjes: 152 mm<br \/>\n&#8211; Diametri i altoparlantit: 6 inch<br \/>\n&#8211; Transformator i integruar: 6W<br \/>\n&#8211; Ndjeshm\u00ebria: ~92 dB<br \/>\n&#8211; Ngjyra: E Bardh\u00eb<br \/>\n&#8211; Pesha: 0.7 kg<br \/>\n&#8211; Materiali: Metal i trajtuar p\u00ebr ambient t\u00eb jasht\u00ebm<br \/>\n&#8211; Montimi: Dizajnuar p\u00ebr instalim outdoor<\/p>\n<p><strong>Karakteristika t\u00eb ve\u00e7anta:<\/strong><br \/>\n&#8211; I p\u00ebrshtatsh\u00ebm p\u00ebr aplikime t\u00eb ndryshme t\u00eb PA dhe BGM<br \/>\n&#8211; Rezistent ndaj kushteve atmosferike \u2013 ideal p\u00ebr p\u00ebrdorim n\u00eb ambiente t\u00eb jashtme si veranda, tarraca, korridore t\u00eb mbuluara, etj.<\/p>","protected":false},"excerpt":{"rendered":"<p>Seria: LUCKY TONE Modeli: WP-530FW Lloji: Boks Outdoor Metalik 6\u201d p\u00ebr Ambient t\u00eb Jasht\u00ebm Specifikime teknike: &#8211; Fuqia nominale: 6W &#8211; Tensioni i pun\u00ebs: 100V &#8211; Diametri i prerjes: 152 mm &#8211; Diametri i altoparlantit: 6 inch &#8211; Transformator i integruar: 6W &#8211; Ndjeshm\u00ebria: ~92 dB &#8211; Ngjyra: E Bardh\u00eb &#8211; Pesha: 0.7 kg &#8211; [&hellip;]<\/p>","protected":false},"featured_media":5000,"comment_status":"open","ping_status":"closed","template":"","meta":{"_acf_changed":false},"product_brand":[],"product_cat":[107,50],"product_tag":[],"class_list":{"0":"post-4999","1":"product","2":"type-product","3":"status-publish","4":"has-post-thumbnail","6":"product_cat-bokse-outdoor","7":"product_cat-sisteme-audio","9":"first","10":"instock","11":"shipping-taxable","12":"product-type-simple"},"acf":[],"_links":{"self":[{"href":"https:\/\/www.brikaelektrik.al\/al\/wp-json\/wp\/v2\/product\/4999","targetHints":{"allow":["GET"]}}],"collection":[{"href":"https:\/\/www.brikaelektrik.al\/al\/wp-json\/wp\/v2\/product"}],"about":[{"href":"https:\/\/www.brikaelektrik.al\/al\/wp-json\/wp\/v2\/types\/product"}],"replies":[{"embeddable":true,"href":"https:\/\/www.brikaelektrik.al\/al\/wp-json\/wp\/v2\/comments?post=4999"}],"wp:featuredmedia":[{"embeddable":true,"href":"https:\/\/www.brikaelektrik.al\/al\/wp-json\/wp\/v2\/media\/5000"}],"wp:attachment":[{"href":"https:\/\/www.brikaelektrik.al\/al\/wp-json\/wp\/v2\/media?parent=4999"}],"wp:term":[{"taxonomy":"product_brand","embeddable":true,"href":"https:\/\/www.brikaelektrik.al\/al\/wp-json\/wp\/v2\/product_brand?post=4999"},{"taxonomy":"product_cat","embeddable":true,"href":"https:\/\/www.brikaelektrik.al\/al\/wp-json\/wp\/v2\/product_cat?post=4999"},{"taxonomy":"product_tag","embeddable":true,"href":"https:\/\/www.brikaelektrik.al\/al\/wp-json\/wp\/v2\/product_tag?post=4999"}],"curies":[{"name":"wp","href":"https:\/\/api.w.org\/{rel}","templated":true}]}}