{"id":5005,"date":"2025-10-13T12:24:54","date_gmt":"2025-10-13T12:24:54","guid":{"rendered":"https:\/\/www.brikaelektrik.al\/?post_type=product&#038;p=5005"},"modified":"2025-10-13T12:24:54","modified_gmt":"2025-10-13T12:24:54","slug":"boks-i-zi-30w-hermetik-ip67-5-inch-100v-bass-black-10-15-30w-8-ohm","status":"publish","type":"product","link":"https:\/\/www.brikaelektrik.al\/al\/produkt\/boks-i-zi-30w-hermetik-ip67-5-inch-100v-bass-black-10-15-30w-8-ohm\/","title":{"rendered":"BOKS I ZI 30W HERMETIK IP67  5-INCH 100V bass BLACK 10\/15\/30W\/8 ohm"},"content":{"rendered":"<p><strong>Seria:<\/strong> LUCKY TONE<br \/>\n<strong>Modeli:<\/strong> WP-530FB<br \/>\n<strong>Lloji:<\/strong> Boks Outdoor Metalik 6\u201d p\u00ebr Ambient t\u00eb Jasht\u00ebm<\/p>\n<p><strong>Specifikime teknike:<\/strong><br \/>\n&#8211; Fuqia: 6W<br \/>\n&#8211; Tensioni i pun\u00ebs: 100V<br \/>\n&#8211; Diametri i prerjes: 152 mm<br \/>\n&#8211; Diametri i altoparlantit: 6 inch<br \/>\n&#8211; Ndjeshm\u00ebria: ~92 dB<br \/>\n&#8211; Ngjyra: Gri e err\u00ebt \/ E zez\u00eb<br \/>\n&#8211; Pesha: ~0.7 kg<br \/>\n&#8211; Materiali i korniz\u00ebs: Metal i trajtuar p\u00ebr p\u00ebrdorim t\u00eb jasht\u00ebm<br \/>\n&#8211; Montimi: Instalimi n\u00eb sip\u00ebrfaqe t\u00eb jashtme (outdoor) \u2013 me bazament t\u00eb q\u00ebndruesh\u00ebm<\/p>\n<p><strong>Karakteristika t\u00eb ve\u00e7anta:<\/strong><br \/>\n&#8211; Projektuar p\u00ebr aplikime PA dhe BGM n\u00eb ambiente t\u00eb jashtme<br \/>\n&#8211; Rezistenc\u00eb ndaj kushteve atmosferike \u2013 i p\u00ebrshtatsh\u00ebm p\u00ebr p\u00ebrdorim n\u00eb \u00e7do mot<br \/>\n&#8211; Me transformator 6W t\u00eb integruar<br \/>\n&#8211; Ideal p\u00ebr parqe, stacione, magazina, fasada dhe mjedise t\u00eb hapura ku nevojitet shp\u00ebrndarje audio e qart\u00eb<\/p>\n<p>&nbsp;<\/p>","protected":false},"excerpt":{"rendered":"<p>Seria: LUCKY TONE Modeli: WP-530FB Lloji: Boks Outdoor Metalik 6\u201d p\u00ebr Ambient t\u00eb Jasht\u00ebm Specifikime teknike: &#8211; Fuqia: 6W &#8211; Tensioni i pun\u00ebs: 100V &#8211; Diametri i prerjes: 152 mm &#8211; Diametri i altoparlantit: 6 inch &#8211; Ndjeshm\u00ebria: ~92 dB &#8211; Ngjyra: Gri e err\u00ebt \/ E zez\u00eb &#8211; Pesha: ~0.7 kg &#8211; Materiali i [&hellip;]<\/p>","protected":false},"featured_media":5006,"comment_status":"open","ping_status":"closed","template":"","meta":{"_acf_changed":false},"product_brand":[],"product_cat":[107,50],"product_tag":[],"class_list":{"0":"post-5005","1":"product","2":"type-product","3":"status-publish","4":"has-post-thumbnail","6":"product_cat-bokse-outdoor","7":"product_cat-sisteme-audio","9":"first","10":"instock","11":"shipping-taxable","12":"product-type-simple"},"acf":[],"_links":{"self":[{"href":"https:\/\/www.brikaelektrik.al\/al\/wp-json\/wp\/v2\/product\/5005","targetHints":{"allow":["GET"]}}],"collection":[{"href":"https:\/\/www.brikaelektrik.al\/al\/wp-json\/wp\/v2\/product"}],"about":[{"href":"https:\/\/www.brikaelektrik.al\/al\/wp-json\/wp\/v2\/types\/product"}],"replies":[{"embeddable":true,"href":"https:\/\/www.brikaelektrik.al\/al\/wp-json\/wp\/v2\/comments?post=5005"}],"wp:featuredmedia":[{"embeddable":true,"href":"https:\/\/www.brikaelektrik.al\/al\/wp-json\/wp\/v2\/media\/5006"}],"wp:attachment":[{"href":"https:\/\/www.brikaelektrik.al\/al\/wp-json\/wp\/v2\/media?parent=5005"}],"wp:term":[{"taxonomy":"product_brand","embeddable":true,"href":"https:\/\/www.brikaelektrik.al\/al\/wp-json\/wp\/v2\/product_brand?post=5005"},{"taxonomy":"product_cat","embeddable":true,"href":"https:\/\/www.brikaelektrik.al\/al\/wp-json\/wp\/v2\/product_cat?post=5005"},{"taxonomy":"product_tag","embeddable":true,"href":"https:\/\/www.brikaelektrik.al\/al\/wp-json\/wp\/v2\/product_tag?post=5005"}],"curies":[{"name":"wp","href":"https:\/\/api.w.org\/{rel}","templated":true}]}}