{"id":5009,"date":"2025-10-13T13:21:18","date_gmt":"2025-10-13T13:21:18","guid":{"rendered":"https:\/\/www.brikaelektrik.al\/?post_type=product&#038;p=5009"},"modified":"2025-10-13T13:21:18","modified_gmt":"2025-10-13T13:21:18","slug":"set-2-bokse-20w-i-zi-hermetik-ip67-4-inch-basstreble-wall-omik-8-om","status":"publish","type":"product","link":"https:\/\/www.brikaelektrik.al\/al\/produkt\/set-2-bokse-20w-i-zi-hermetik-ip67-4-inch-basstreble-wall-omik-8-om\/","title":{"rendered":"SET 2-BOKSE 20W I ZI HERMETIK  IP67 4-INCH bass+treble Wall Omik 8-OM"},"content":{"rendered":"<p><strong>Seria:<\/strong> LUCKY TONE<br \/>\n<strong>Modeli:<\/strong> WP-415LWPB<br \/>\n<strong>Lloji:<\/strong> Boks Outdoor me Mbrojtje nga Uji \u2013 5\u201d me Montim n\u00eb Mur<\/p>\n<p>Specifikime teknike:<br \/>\n&#8211; Fuqia nominale: 15W<br \/>\n&#8211; Tensioni i pun\u00ebs: 100V<br \/>\n&#8211; P\u00ebrmasat e altoparlantit: 5 inch<br \/>\n&#8211; Ndjeshm\u00ebria: ~90 dB<br \/>\n&#8211; Ngjyra: E Bardh\u00eb, e Zez\u00eb<br \/>\n&#8211; Pesha: ~1.4 kg<br \/>\n&#8211; Materiali: Plastik\u00eb rezistente ndaj UV dhe kushteve atmosferike<br \/>\n&#8211; Montimi: N\u00eb mur (me baz\u00eb rrotulluese p\u00ebr orientim)<\/p>\n<p><strong>Karakteristika t\u00eb ve\u00e7anta:<\/strong><br \/>\n&#8211; Projektuar p\u00ebr p\u00ebrdorim outdoor \u2013 rezistent ndaj lag\u00ebshtis\u00eb dhe pluhurit<br \/>\n&#8211; I p\u00ebrshtatsh\u00ebm p\u00ebr sisteme njoftimi (PA) dhe transmetim muzike n\u00eb ambiente t\u00eb hapura<br \/>\n&#8211; Me rrjet\u00eb mbrojt\u00ebse t\u00eb p\u00ebrforcuar dhe dizajn kompakt<br \/>\n&#8211; Ideale p\u00ebr tarraca, shkolla, qendra tregtare, restorante t\u00eb hapura, etj.<\/p>","protected":false},"excerpt":{"rendered":"<p>Seria: LUCKY TONE Modeli: WP-415LWPB Lloji: Boks Outdoor me Mbrojtje nga Uji \u2013 5\u201d me Montim n\u00eb Mur Specifikime teknike: &#8211; Fuqia nominale: 15W &#8211; Tensioni i pun\u00ebs: 100V &#8211; P\u00ebrmasat e altoparlantit: 5 inch &#8211; Ndjeshm\u00ebria: ~90 dB &#8211; Ngjyra: E Bardh\u00eb, e Zez\u00eb &#8211; Pesha: ~1.4 kg &#8211; Materiali: Plastik\u00eb rezistente ndaj UV [&hellip;]<\/p>","protected":false},"featured_media":5010,"comment_status":"open","ping_status":"closed","template":"","meta":{"_acf_changed":false},"product_brand":[],"product_cat":[107,50],"product_tag":[],"class_list":{"0":"post-5009","1":"product","2":"type-product","3":"status-publish","4":"has-post-thumbnail","6":"product_cat-bokse-outdoor","7":"product_cat-sisteme-audio","9":"first","10":"instock","11":"shipping-taxable","12":"product-type-simple"},"acf":[],"_links":{"self":[{"href":"https:\/\/www.brikaelektrik.al\/al\/wp-json\/wp\/v2\/product\/5009","targetHints":{"allow":["GET"]}}],"collection":[{"href":"https:\/\/www.brikaelektrik.al\/al\/wp-json\/wp\/v2\/product"}],"about":[{"href":"https:\/\/www.brikaelektrik.al\/al\/wp-json\/wp\/v2\/types\/product"}],"replies":[{"embeddable":true,"href":"https:\/\/www.brikaelektrik.al\/al\/wp-json\/wp\/v2\/comments?post=5009"}],"wp:featuredmedia":[{"embeddable":true,"href":"https:\/\/www.brikaelektrik.al\/al\/wp-json\/wp\/v2\/media\/5010"}],"wp:attachment":[{"href":"https:\/\/www.brikaelektrik.al\/al\/wp-json\/wp\/v2\/media?parent=5009"}],"wp:term":[{"taxonomy":"product_brand","embeddable":true,"href":"https:\/\/www.brikaelektrik.al\/al\/wp-json\/wp\/v2\/product_brand?post=5009"},{"taxonomy":"product_cat","embeddable":true,"href":"https:\/\/www.brikaelektrik.al\/al\/wp-json\/wp\/v2\/product_cat?post=5009"},{"taxonomy":"product_tag","embeddable":true,"href":"https:\/\/www.brikaelektrik.al\/al\/wp-json\/wp\/v2\/product_tag?post=5009"}],"curies":[{"name":"wp","href":"https:\/\/api.w.org\/{rel}","templated":true}]}}