{"id":5013,"date":"2025-10-15T14:00:50","date_gmt":"2025-10-15T14:00:50","guid":{"rendered":"https:\/\/www.brikaelektrik.al\/?post_type=product&#038;p=5013"},"modified":"2025-10-15T14:00:50","modified_gmt":"2025-10-15T14:00:50","slug":"boks-jm-i-zi-20w-3-5-inch-16om-hw-420b","status":"publish","type":"product","link":"https:\/\/www.brikaelektrik.al\/al\/produkt\/boks-jm-i-zi-20w-3-5-inch-16om-hw-420b\/","title":{"rendered":"BOKS JM I ZI 20W 3.5-INCH 16OM HW-420B"},"content":{"rendered":"<p><strong>Seria:<\/strong> LUCKY TONE<br \/>\n<strong>Modeli:<\/strong> HW-420B<br \/>\n<strong>Lloji:<\/strong> Boks Horn Outdoor p\u00ebr Ambient t\u00eb Jasht\u00ebm \u2013 20W<\/p>\n<p><strong>Specifikime teknike:<\/strong><br \/>\n&#8211; Fuqia: 20W<br \/>\n&#8211; Tensioni i pun\u00ebs: 100V<br \/>\n&#8211; Ndjeshm\u00ebria: ~105 dB<br \/>\n&#8211; Frekuenca e p\u00ebrgjigjes: 300 Hz \u2013 10 kHz<br \/>\n&#8211; Ngjyra: E Zez\u00eb<br \/>\n&#8211; Pesha: ~1.2 kg<br \/>\n&#8211; Materiali i trupit: ABS i p\u00ebrforcuar, rezistent ndaj UV dhe lag\u00ebshtir\u00ebs<br \/>\n&#8211; Montimi: Instalimi n\u00eb mur ose struktur\u00eb metalike \u2013 me mbajt\u00ebse t\u00eb rregullueshme<\/p>\n<p><strong>Karakteristika t\u00eb ve\u00e7anta:<\/strong><br \/>\n&#8211; Projektuar p\u00ebr p\u00ebrdorim n\u00eb ambientet e jashtme (outdoor)<br \/>\n&#8211; Rezistenc\u00eb ndaj kushteve atmosferike dhe UV<br \/>\n&#8211; I p\u00ebrshtatsh\u00ebm p\u00ebr njoftime publike, alarm, komunikim n\u00eb distanc\u00eb<br \/>\n&#8211; Me transformator 20W t\u00eb integruar<br \/>\n&#8211; I p\u00ebrdorur shpesh n\u00eb shkolla, fabrika, magazina, terrene sportive, njoftime emergjente<\/p>","protected":false},"excerpt":{"rendered":"<p>Seria: LUCKY TONE Modeli: HW-420B Lloji: Boks Horn Outdoor p\u00ebr Ambient t\u00eb Jasht\u00ebm \u2013 20W Specifikime teknike: &#8211; Fuqia: 20W &#8211; Tensioni i pun\u00ebs: 100V &#8211; Ndjeshm\u00ebria: ~105 dB &#8211; Frekuenca e p\u00ebrgjigjes: 300 Hz \u2013 10 kHz &#8211; Ngjyra: E Zez\u00eb &#8211; Pesha: ~1.2 kg &#8211; Materiali i trupit: ABS i p\u00ebrforcuar, rezistent ndaj [&hellip;]<\/p>","protected":false},"featured_media":5016,"comment_status":"open","ping_status":"closed","template":"","meta":{"_acf_changed":false},"product_brand":[],"product_cat":[107,50],"product_tag":[],"class_list":{"0":"post-5013","1":"product","2":"type-product","3":"status-publish","4":"has-post-thumbnail","6":"product_cat-bokse-outdoor","7":"product_cat-sisteme-audio","9":"first","10":"instock","11":"shipping-taxable","12":"product-type-simple"},"acf":[],"_links":{"self":[{"href":"https:\/\/www.brikaelektrik.al\/al\/wp-json\/wp\/v2\/product\/5013","targetHints":{"allow":["GET"]}}],"collection":[{"href":"https:\/\/www.brikaelektrik.al\/al\/wp-json\/wp\/v2\/product"}],"about":[{"href":"https:\/\/www.brikaelektrik.al\/al\/wp-json\/wp\/v2\/types\/product"}],"replies":[{"embeddable":true,"href":"https:\/\/www.brikaelektrik.al\/al\/wp-json\/wp\/v2\/comments?post=5013"}],"wp:featuredmedia":[{"embeddable":true,"href":"https:\/\/www.brikaelektrik.al\/al\/wp-json\/wp\/v2\/media\/5016"}],"wp:attachment":[{"href":"https:\/\/www.brikaelektrik.al\/al\/wp-json\/wp\/v2\/media?parent=5013"}],"wp:term":[{"taxonomy":"product_brand","embeddable":true,"href":"https:\/\/www.brikaelektrik.al\/al\/wp-json\/wp\/v2\/product_brand?post=5013"},{"taxonomy":"product_cat","embeddable":true,"href":"https:\/\/www.brikaelektrik.al\/al\/wp-json\/wp\/v2\/product_cat?post=5013"},{"taxonomy":"product_tag","embeddable":true,"href":"https:\/\/www.brikaelektrik.al\/al\/wp-json\/wp\/v2\/product_tag?post=5013"}],"curies":[{"name":"wp","href":"https:\/\/api.w.org\/{rel}","templated":true}]}}