{"id":5014,"date":"2025-10-15T14:06:45","date_gmt":"2025-10-15T14:06:45","guid":{"rendered":"https:\/\/www.brikaelektrik.al\/?post_type=product&#038;p=5014"},"modified":"2025-10-15T14:06:45","modified_gmt":"2025-10-15T14:06:45","slug":"boks-cilinder-bardhe-jashte-muri-6-inch-10-20w-pj-620m","status":"publish","type":"product","link":"https:\/\/www.brikaelektrik.al\/al\/produkt\/boks-cilinder-bardhe-jashte-muri-6-inch-10-20w-pj-620m\/","title":{"rendered":"BOKS CILINDER  BARDHE JASHTE MURI 6-INCH 10\/20W PJ-620M"},"content":{"rendered":"<p><strong>Seria:<\/strong> LUCKY TONE<br \/>\n<strong>Modeli:<\/strong> PJ-620M<br \/>\n<strong>Lloji:<\/strong> Boks Cilindrik p\u00ebr Montim Jasht\u00eb Muri \u2013 6\u201d \u2013 i Bardh\u00eb<\/p>\n<p><strong>Specifikime teknike:<\/strong><br \/>\n&#8211; Fuqia: 10\/20W<br \/>\n&#8211; Tensioni i pun\u00ebs: 100V<br \/>\n&#8211; Diametri i altoparlantit: 6 inch<br \/>\n&#8211; Ndjeshm\u00ebria: ~90 dB<br \/>\n&#8211; Frekuenca e p\u00ebrgjigjes: 100 Hz \u2013 15 kHz<br \/>\n&#8211; Ngjyra: E Bardh\u00eb<br \/>\n&#8211; Pesha: ~1.5 kg<br \/>\n&#8211; Materiali i trupit: Alumini + rrjet\u00eb metalike rezistente<br \/>\n&#8211; Montimi: Jasht\u00eb muri \u2013 me sistem mbajt\u00ebs t\u00eb rregulluesh\u00ebm (cilindrik)<\/p>\n<p><strong>Karakteristika t\u00eb ve\u00e7anta:<\/strong><br \/>\n&#8211; Dizajnuar p\u00ebr p\u00ebrdorim n\u00eb ambiente t\u00eb jashtme<br \/>\n&#8211; Rezistent ndaj kushteve atmosferike (uj\u00eb, pluhur, UV)<br \/>\n&#8211; Cil\u00ebsi e mir\u00eb audio p\u00ebr muzik\u00eb dhe transmetim zanor (PA\/BGM)<br \/>\n&#8211; Pamje moderne cilindrike, p\u00ebrshtatet me \u00e7do ambient<br \/>\n&#8211; Me transformator 10\/20W t\u00eb integruar<\/p>","protected":false},"excerpt":{"rendered":"<p>Seria: LUCKY TONE Modeli: PJ-620M Lloji: Boks Cilindrik p\u00ebr Montim Jasht\u00eb Muri \u2013 6\u201d \u2013 i Bardh\u00eb Specifikime teknike: &#8211; Fuqia: 10\/20W &#8211; Tensioni i pun\u00ebs: 100V &#8211; Diametri i altoparlantit: 6 inch &#8211; Ndjeshm\u00ebria: ~90 dB &#8211; Frekuenca e p\u00ebrgjigjes: 100 Hz \u2013 15 kHz &#8211; Ngjyra: E Bardh\u00eb &#8211; Pesha: ~1.5 kg &#8211; [&hellip;]<\/p>","protected":false},"featured_media":5021,"comment_status":"open","ping_status":"closed","template":"","meta":{"_acf_changed":false},"product_brand":[],"product_cat":[107,50],"product_tag":[],"class_list":{"0":"post-5014","1":"product","2":"type-product","3":"status-publish","4":"has-post-thumbnail","6":"product_cat-bokse-outdoor","7":"product_cat-sisteme-audio","9":"first","10":"instock","11":"shipping-taxable","12":"product-type-simple"},"acf":[],"_links":{"self":[{"href":"https:\/\/www.brikaelektrik.al\/al\/wp-json\/wp\/v2\/product\/5014","targetHints":{"allow":["GET"]}}],"collection":[{"href":"https:\/\/www.brikaelektrik.al\/al\/wp-json\/wp\/v2\/product"}],"about":[{"href":"https:\/\/www.brikaelektrik.al\/al\/wp-json\/wp\/v2\/types\/product"}],"replies":[{"embeddable":true,"href":"https:\/\/www.brikaelektrik.al\/al\/wp-json\/wp\/v2\/comments?post=5014"}],"wp:featuredmedia":[{"embeddable":true,"href":"https:\/\/www.brikaelektrik.al\/al\/wp-json\/wp\/v2\/media\/5021"}],"wp:attachment":[{"href":"https:\/\/www.brikaelektrik.al\/al\/wp-json\/wp\/v2\/media?parent=5014"}],"wp:term":[{"taxonomy":"product_brand","embeddable":true,"href":"https:\/\/www.brikaelektrik.al\/al\/wp-json\/wp\/v2\/product_brand?post=5014"},{"taxonomy":"product_cat","embeddable":true,"href":"https:\/\/www.brikaelektrik.al\/al\/wp-json\/wp\/v2\/product_cat?post=5014"},{"taxonomy":"product_tag","embeddable":true,"href":"https:\/\/www.brikaelektrik.al\/al\/wp-json\/wp\/v2\/product_tag?post=5014"}],"curies":[{"name":"wp","href":"https:\/\/api.w.org\/{rel}","templated":true}]}}