{"id":5025,"date":"2025-10-15T14:10:54","date_gmt":"2025-10-15T14:10:54","guid":{"rendered":"https:\/\/www.brikaelektrik.al\/?post_type=product&#038;p=5025"},"modified":"2025-10-15T14:10:54","modified_gmt":"2025-10-15T14:10:54","slug":"boks-inkaso-tavanor-15w-4om-2-5-inch-ch-215r","status":"publish","type":"product","link":"https:\/\/www.brikaelektrik.al\/al\/produkt\/boks-inkaso-tavanor-15w-4om-2-5-inch-ch-215r\/","title":{"rendered":"BOKS INKASO TAVANOR 15W 4OM 2.5-INCH CH-215R"},"content":{"rendered":"<p><strong>Seria:<\/strong> LUCKY TONE<br \/>\n<strong>Modeli:<\/strong> CH-215R<br \/>\n<strong>Lloji:<\/strong> Boks Inkaso Tavanor \u2013 2.5\u201d \u2013 15W \u2013 4\u03a9<\/p>\n<p><strong>Specifikime teknike:<\/strong><br \/>\n&#8211; Fuqia: 15W<br \/>\n&#8211; Impedanca: 4\u03a9<br \/>\n&#8211; Diametri i altoparlantit: 2.5 inch<br \/>\n&#8211; Diametri i prerjes p\u00ebr montim: ~80 mm<br \/>\n&#8211; Frekuenca e p\u00ebrgjigjes: 100 Hz \u2013 18 kHz<br \/>\n&#8211; Ndjeshm\u00ebria: ~88 dB<br \/>\n&#8211; Ngjyra: E Bardh\u00eb<br \/>\n&#8211; Pesha: ~0.4 kg<br \/>\n&#8211; Materiali i trupit: Plastik\u00eb ABS rezistente<br \/>\n&#8211; Montimi: Inkaso n\u00eb tavan \u2013 sistem fiksimi i thjesht\u00eb dhe i sigurt<\/p>\n<p><strong>Karakteristika t\u00eb ve\u00e7anta:<\/strong><br \/>\n&#8211; Ideal p\u00ebr sisteme t\u00eb brendshme audio n\u00eb sht\u00ebpi, zyra, dyqane ose ambiente t\u00eb vogla<br \/>\n&#8211; Z\u00eb i qart\u00eb dhe i balancuar p\u00ebr p\u00ebrmasa t\u00eb vogla<br \/>\n&#8211; Dizajn kompakt dhe minimalist, p\u00ebrshtatet leht\u00ebsisht me \u00e7do ambient<br \/>\n&#8211; Instalim i thjesht\u00eb n\u00eb tavane gipsi apo t\u00eb varur<\/p>","protected":false},"excerpt":{"rendered":"<p>Seria: LUCKY TONE Modeli: CH-215R Lloji: Boks Inkaso Tavanor \u2013 2.5\u201d \u2013 15W \u2013 4\u03a9 Specifikime teknike: &#8211; Fuqia: 15W &#8211; Impedanca: 4\u03a9 &#8211; Diametri i altoparlantit: 2.5 inch &#8211; Diametri i prerjes p\u00ebr montim: ~80 mm &#8211; Frekuenca e p\u00ebrgjigjes: 100 Hz \u2013 18 kHz &#8211; Ndjeshm\u00ebria: ~88 dB &#8211; Ngjyra: E Bardh\u00eb &#8211; [&hellip;]<\/p>","protected":false},"featured_media":5026,"comment_status":"open","ping_status":"closed","template":"","meta":{"_acf_changed":false},"product_brand":[],"product_cat":[108,50],"product_tag":[],"class_list":{"0":"post-5025","1":"product","2":"type-product","3":"status-publish","4":"has-post-thumbnail","6":"product_cat-bokse-tavanor","7":"product_cat-sisteme-audio","9":"first","10":"instock","11":"shipping-taxable","12":"product-type-simple"},"acf":[],"_links":{"self":[{"href":"https:\/\/www.brikaelektrik.al\/al\/wp-json\/wp\/v2\/product\/5025","targetHints":{"allow":["GET"]}}],"collection":[{"href":"https:\/\/www.brikaelektrik.al\/al\/wp-json\/wp\/v2\/product"}],"about":[{"href":"https:\/\/www.brikaelektrik.al\/al\/wp-json\/wp\/v2\/types\/product"}],"replies":[{"embeddable":true,"href":"https:\/\/www.brikaelektrik.al\/al\/wp-json\/wp\/v2\/comments?post=5025"}],"wp:featuredmedia":[{"embeddable":true,"href":"https:\/\/www.brikaelektrik.al\/al\/wp-json\/wp\/v2\/media\/5026"}],"wp:attachment":[{"href":"https:\/\/www.brikaelektrik.al\/al\/wp-json\/wp\/v2\/media?parent=5025"}],"wp:term":[{"taxonomy":"product_brand","embeddable":true,"href":"https:\/\/www.brikaelektrik.al\/al\/wp-json\/wp\/v2\/product_brand?post=5025"},{"taxonomy":"product_cat","embeddable":true,"href":"https:\/\/www.brikaelektrik.al\/al\/wp-json\/wp\/v2\/product_cat?post=5025"},{"taxonomy":"product_tag","embeddable":true,"href":"https:\/\/www.brikaelektrik.al\/al\/wp-json\/wp\/v2\/product_tag?post=5025"}],"curies":[{"name":"wp","href":"https:\/\/api.w.org\/{rel}","templated":true}]}}