{"id":5027,"date":"2025-10-15T14:13:30","date_gmt":"2025-10-15T14:13:30","guid":{"rendered":"https:\/\/www.brikaelektrik.al\/?post_type=product&#038;p=5027"},"modified":"2025-10-15T14:13:30","modified_gmt":"2025-10-15T14:13:30","slug":"boks-muzike-me-varje-i-bardhe-8-ich-20w-hg-820p","status":"publish","type":"product","link":"https:\/\/www.brikaelektrik.al\/al\/produkt\/boks-muzike-me-varje-i-bardhe-8-ich-20w-hg-820p\/","title":{"rendered":"BOKS MUZIKE ME VARJE I BARDHE 8-ICH 20W  HG-820P"},"content":{"rendered":"<p><strong>Seria:<\/strong> LUCKY TONE<br \/>\n<strong>Modeli:<\/strong> HG-820P<br \/>\n<strong>Lloji<\/strong>: Boks Muzike me Varje \u2013 8\u201d \u2013 20W \u2013 Ngjyra e Bardh\u00eb<\/p>\n<p><strong>Specifikime teknike:<\/strong><br \/>\n&#8211; Fuqia: 20W<br \/>\n&#8211; Tensioni: 100V<br \/>\n&#8211; Diametri i altoparlantit: 8 inch<br \/>\n&#8211; Ndjeshm\u00ebria: ~90 dB<br \/>\n&#8211; Frekuenca e p\u00ebrgjigjes: 90 Hz \u2013 16 kHz<br \/>\n&#8211; Pesha: ~1.8 kg<br \/>\n&#8211; Materiali i trupit: Plastik\u00eb ABS me rezistenc\u00eb t\u00eb lart\u00eb<br \/>\n&#8211; Ngjyra: E Bardh\u00eb<br \/>\n&#8211; Montimi: Me varje \u2013 ideal p\u00ebr tavane t\u00eb larta apo ambiente t\u00eb hapura<\/p>\n<p><strong>Karakteristika t\u00eb ve\u00e7anta:<\/strong><br \/>\n&#8211; E p\u00ebrshtatshme p\u00ebr salla konference, qendra tregtare, restorante, ambiente publike<br \/>\n&#8211; Dizajn i rrumbullak\u00ebt dhe elegant, integrim i leht\u00eb me \u00e7do stil ambienti<br \/>\n&#8211; Z\u00eb i past\u00ebr dhe shp\u00ebrndarje e mir\u00eb e tingullit n\u00eb hap\u00ebsira t\u00eb m\u00ebdha<br \/>\n&#8211; P\u00ebrfshin aksesore p\u00ebr montim me varje<\/p>\n<p>&nbsp;<\/p>","protected":false},"excerpt":{"rendered":"<p>Seria: LUCKY TONE Modeli: HG-820P Lloji: Boks Muzike me Varje \u2013 8\u201d \u2013 20W \u2013 Ngjyra e Bardh\u00eb Specifikime teknike: &#8211; Fuqia: 20W &#8211; Tensioni: 100V &#8211; Diametri i altoparlantit: 8 inch &#8211; Ndjeshm\u00ebria: ~90 dB &#8211; Frekuenca e p\u00ebrgjigjes: 90 Hz \u2013 16 kHz &#8211; Pesha: ~1.8 kg &#8211; Materiali i trupit: Plastik\u00eb ABS [&hellip;]<\/p>","protected":false},"featured_media":5028,"comment_status":"open","ping_status":"closed","template":"","meta":{"_acf_changed":false},"product_brand":[],"product_cat":[108,50],"product_tag":[],"class_list":{"0":"post-5027","1":"product","2":"type-product","3":"status-publish","4":"has-post-thumbnail","6":"product_cat-bokse-tavanor","7":"product_cat-sisteme-audio","9":"first","10":"instock","11":"shipping-taxable","12":"product-type-simple"},"acf":[],"_links":{"self":[{"href":"https:\/\/www.brikaelektrik.al\/al\/wp-json\/wp\/v2\/product\/5027","targetHints":{"allow":["GET"]}}],"collection":[{"href":"https:\/\/www.brikaelektrik.al\/al\/wp-json\/wp\/v2\/product"}],"about":[{"href":"https:\/\/www.brikaelektrik.al\/al\/wp-json\/wp\/v2\/types\/product"}],"replies":[{"embeddable":true,"href":"https:\/\/www.brikaelektrik.al\/al\/wp-json\/wp\/v2\/comments?post=5027"}],"wp:featuredmedia":[{"embeddable":true,"href":"https:\/\/www.brikaelektrik.al\/al\/wp-json\/wp\/v2\/media\/5028"}],"wp:attachment":[{"href":"https:\/\/www.brikaelektrik.al\/al\/wp-json\/wp\/v2\/media?parent=5027"}],"wp:term":[{"taxonomy":"product_brand","embeddable":true,"href":"https:\/\/www.brikaelektrik.al\/al\/wp-json\/wp\/v2\/product_brand?post=5027"},{"taxonomy":"product_cat","embeddable":true,"href":"https:\/\/www.brikaelektrik.al\/al\/wp-json\/wp\/v2\/product_cat?post=5027"},{"taxonomy":"product_tag","embeddable":true,"href":"https:\/\/www.brikaelektrik.al\/al\/wp-json\/wp\/v2\/product_tag?post=5027"}],"curies":[{"name":"wp","href":"https:\/\/api.w.org\/{rel}","templated":true}]}}