{"id":5029,"date":"2025-10-15T14:19:29","date_gmt":"2025-10-15T14:19:29","guid":{"rendered":"https:\/\/www.brikaelektrik.al\/?post_type=product&#038;p=5029"},"modified":"2025-11-01T11:07:30","modified_gmt":"2025-11-01T11:07:30","slug":"boks-muzike-me-bluetooth-tavanor-20w-basstrebble-ch-320b","status":"publish","type":"product","link":"https:\/\/www.brikaelektrik.al\/al\/produkt\/boks-muzike-me-bluetooth-tavanor-20w-basstrebble-ch-320b\/","title":{"rendered":"BOKS MUZIKE ME BLUETOOTH TAVANOR 20W BASS+TREBBLE CH-320B"},"content":{"rendered":"<p><strong>Seria:<\/strong> LUCKY TONE<br \/>\n<strong>Lloji:<\/strong> Boks Muzike Tavanor me Bluetooth 6.5&#8243; \u2013 CH-320B<\/p>\n<p><strong>Specifikime teknike:<\/strong><br \/>\n&#8211; Fuqia: 20W<br \/>\n&#8211; Lidhja: Bluetooth p\u00ebr lidhje t\u00eb shpejt\u00eb me pajisje mobile<br \/>\n&#8211; Diametri i altoparlantit: 6.5 inch<br \/>\n&#8211; Frekuencat: Bass + Treble t\u00eb balancuar p\u00ebr audio cil\u00ebsore<br \/>\n&#8211; I p\u00ebrshtatsh\u00ebm p\u00ebr: Sht\u00ebpi, ambiente komerciale, zyra, hotele<br \/>\n&#8211; Kontroll i leht\u00eb: P\u00ebrmes telefonit ose pajisjes Bluetooth<br \/>\n&#8211; Instalim: Inkaso n\u00eb tavan \u2013 dizajn elegant dhe i fshehur<\/p>\n<p><strong>Karakteristika t\u00eb ve\u00e7anta:<\/strong><br \/>\nPesha: 1.2 kg<br \/>\nMateriali i korniz\u00ebs: Plastik\u00eb e fort\u00eb ABS<br \/>\nNgjyra: E bardh\u00eb<br \/>\nMontimi: I p\u00ebrshtatsh\u00ebm p\u00ebr tavane gipsi apo druri<\/p>\n<p>&nbsp;<\/p>","protected":false},"excerpt":{"rendered":"<p>Seria: LUCKY TONE Lloji: Boks Muzike Tavanor me Bluetooth 6.5&#8243; \u2013 CH-320B Specifikime teknike: &#8211; Fuqia: 20W &#8211; Lidhja: Bluetooth p\u00ebr lidhje t\u00eb shpejt\u00eb me pajisje mobile &#8211; Diametri i altoparlantit: 6.5 inch &#8211; Frekuencat: Bass + Treble t\u00eb balancuar p\u00ebr audio cil\u00ebsore &#8211; I p\u00ebrshtatsh\u00ebm p\u00ebr: Sht\u00ebpi, ambiente komerciale, zyra, hotele &#8211; Kontroll i [&hellip;]<\/p>","protected":false},"featured_media":5030,"comment_status":"open","ping_status":"closed","template":"","meta":{"_acf_changed":false},"product_brand":[],"product_cat":[108,50],"product_tag":[],"class_list":{"0":"post-5029","1":"product","2":"type-product","3":"status-publish","4":"has-post-thumbnail","6":"product_cat-bokse-tavanor","7":"product_cat-sisteme-audio","9":"first","10":"instock","11":"shipping-taxable","12":"product-type-simple"},"acf":[],"_links":{"self":[{"href":"https:\/\/www.brikaelektrik.al\/al\/wp-json\/wp\/v2\/product\/5029","targetHints":{"allow":["GET"]}}],"collection":[{"href":"https:\/\/www.brikaelektrik.al\/al\/wp-json\/wp\/v2\/product"}],"about":[{"href":"https:\/\/www.brikaelektrik.al\/al\/wp-json\/wp\/v2\/types\/product"}],"replies":[{"embeddable":true,"href":"https:\/\/www.brikaelektrik.al\/al\/wp-json\/wp\/v2\/comments?post=5029"}],"wp:featuredmedia":[{"embeddable":true,"href":"https:\/\/www.brikaelektrik.al\/al\/wp-json\/wp\/v2\/media\/5030"}],"wp:attachment":[{"href":"https:\/\/www.brikaelektrik.al\/al\/wp-json\/wp\/v2\/media?parent=5029"}],"wp:term":[{"taxonomy":"product_brand","embeddable":true,"href":"https:\/\/www.brikaelektrik.al\/al\/wp-json\/wp\/v2\/product_brand?post=5029"},{"taxonomy":"product_cat","embeddable":true,"href":"https:\/\/www.brikaelektrik.al\/al\/wp-json\/wp\/v2\/product_cat?post=5029"},{"taxonomy":"product_tag","embeddable":true,"href":"https:\/\/www.brikaelektrik.al\/al\/wp-json\/wp\/v2\/product_tag?post=5029"}],"curies":[{"name":"wp","href":"https:\/\/api.w.org\/{rel}","templated":true}]}}