{"id":5033,"date":"2025-10-15T14:22:43","date_gmt":"2025-10-15T14:22:43","guid":{"rendered":"https:\/\/www.brikaelektrik.al\/?post_type=product&#038;p=5033"},"modified":"2025-11-01T11:07:07","modified_gmt":"2025-11-01T11:07:07","slug":"boks-amplifikator-6-zona-mixer-amplifier-240w-with-zone-volume-control-add-mplayer","status":"publish","type":"product","link":"https:\/\/www.brikaelektrik.al\/al\/produkt\/boks-amplifikator-6-zona-mixer-amplifier-240w-with-zone-volume-control-add-mplayer\/","title":{"rendered":"BOKS AMPLIFIKATOR 6 ZONA+ Mixer Amplifier 240W with Zone volume control  Add Mplayer"},"content":{"rendered":"<p><strong>Seria:<\/strong> LUCKY TONE<br \/>\n<strong>Modeli:<\/strong> Mpro-240+ MPlayer C<br \/>\n<strong>Lloji:<\/strong>\u00a0AMPLIFIKATOR ME MIXER DHE KONTROLL ZONE \u2013 6 ZONA | 240W<\/p>\n<p><strong>Specifikime teknike:<\/strong><br \/>\n&#8211; Fuqia totale: 240W RMS<br \/>\n&#8211; Numri i zonave: 6 zona t\u00eb ndara me kontroll t\u00eb volumit individual p\u00ebr secil\u00ebn<br \/>\n&#8211; Funksione shtes\u00eb:<br \/>\n&#8211; Mixer i integruar p\u00ebr p\u00ebrzierje t\u00eb burimeve audio<br \/>\n&#8211; Mb\u00ebshtet\u00ebs p\u00ebr Mplayer (lexim MP3 nga USB\/SD)<br \/>\n&#8211; Ekran LCD p\u00ebr kontroll t\u00eb leht\u00eb<br \/>\n&#8211; Hyje audio: RCA, Mic XLR, AUX<br \/>\n&#8211; Dalje p\u00ebr altoparlant\u00eb 100V dhe 4~16\u03a9<br \/>\n&#8211; Kontrolli i z\u00ebrit: Bass, treble dhe master volume<br \/>\n&#8211; P\u00ebrfshin: Mikrofon paging dhe funksion t\u00eb alarmit<br \/>\n&#8211; P\u00ebrdorim i rekomanduar:<br \/>\n&#8211; Shkolla, zyra, qendra tregtare, hotele, restorante<br \/>\n&#8211; I p\u00ebrshtatsh\u00ebm p\u00ebr sistemet e shp\u00ebrndarjes s\u00eb z\u00ebrit n\u00eb disa zona nj\u00ebkoh\u00ebsisht<br \/>\n&#8211; Montimi: Desktop ose rack 19\u201d<br \/>\n&#8211; Tension furnizimi: AC 220-240V \/ 50-60Hz<\/p>","protected":false},"excerpt":{"rendered":"<p>Seria: LUCKY TONE Modeli: Mpro-240+ MPlayer C Lloji:\u00a0AMPLIFIKATOR ME MIXER DHE KONTROLL ZONE \u2013 6 ZONA | 240W Specifikime teknike: &#8211; Fuqia totale: 240W RMS &#8211; Numri i zonave: 6 zona t\u00eb ndara me kontroll t\u00eb volumit individual p\u00ebr secil\u00ebn &#8211; Funksione shtes\u00eb: &#8211; Mixer i integruar p\u00ebr p\u00ebrzierje t\u00eb burimeve audio &#8211; Mb\u00ebshtet\u00ebs p\u00ebr [&hellip;]<\/p>","protected":false},"featured_media":5034,"comment_status":"open","ping_status":"closed","template":"","meta":{"_acf_changed":false},"product_brand":[],"product_cat":[107,50],"product_tag":[],"class_list":{"0":"post-5033","1":"product","2":"type-product","3":"status-publish","4":"has-post-thumbnail","6":"product_cat-bokse-outdoor","7":"product_cat-sisteme-audio","9":"first","10":"instock","11":"shipping-taxable","12":"product-type-simple"},"acf":[],"_links":{"self":[{"href":"https:\/\/www.brikaelektrik.al\/al\/wp-json\/wp\/v2\/product\/5033","targetHints":{"allow":["GET"]}}],"collection":[{"href":"https:\/\/www.brikaelektrik.al\/al\/wp-json\/wp\/v2\/product"}],"about":[{"href":"https:\/\/www.brikaelektrik.al\/al\/wp-json\/wp\/v2\/types\/product"}],"replies":[{"embeddable":true,"href":"https:\/\/www.brikaelektrik.al\/al\/wp-json\/wp\/v2\/comments?post=5033"}],"wp:featuredmedia":[{"embeddable":true,"href":"https:\/\/www.brikaelektrik.al\/al\/wp-json\/wp\/v2\/media\/5034"}],"wp:attachment":[{"href":"https:\/\/www.brikaelektrik.al\/al\/wp-json\/wp\/v2\/media?parent=5033"}],"wp:term":[{"taxonomy":"product_brand","embeddable":true,"href":"https:\/\/www.brikaelektrik.al\/al\/wp-json\/wp\/v2\/product_brand?post=5033"},{"taxonomy":"product_cat","embeddable":true,"href":"https:\/\/www.brikaelektrik.al\/al\/wp-json\/wp\/v2\/product_cat?post=5033"},{"taxonomy":"product_tag","embeddable":true,"href":"https:\/\/www.brikaelektrik.al\/al\/wp-json\/wp\/v2\/product_tag?post=5033"}],"curies":[{"name":"wp","href":"https:\/\/api.w.org\/{rel}","templated":true}]}}