{"id":5040,"date":"2025-11-06T11:29:49","date_gmt":"2025-11-06T11:29:49","guid":{"rendered":"https:\/\/www.brikaelektrik.al\/?post_type=product&#038;p=5040"},"modified":"2025-11-06T11:29:49","modified_gmt":"2025-11-06T11:29:49","slug":"kontroller-volumi-86x86-30w-24v-dc-vb-30at","status":"publish","type":"product","link":"https:\/\/www.brikaelektrik.al\/al\/produkt\/kontroller-volumi-86x86-30w-24v-dc-vb-30at\/","title":{"rendered":"KONTROLLER VOLUMI 86X86 30W 24V DC VB-30AT"},"content":{"rendered":"<p><strong>Seria:<\/strong> LUCKY TONE<br \/>\n<strong>Lloji:<\/strong> Kontroller Volumi p\u00ebr Montim n\u00eb Mur \u2013 86&#215;86 mm<\/p>\n<p>&#8211; Fuqia maksimale: 30W<br \/>\n&#8211; Tensioni i pun\u00ebs: 24V DC<br \/>\n&#8211; P\u00ebrmasat: 86 x 86 mm<br \/>\n&#8211; Lloji i instalimit: Montim n\u00eb mur (standard evropian)<br \/>\n&#8211; Kontroll manual i volumit me rrotullim t\u00eb but\u00eb dhe preciz<br \/>\n&#8211; P\u00ebrputhshm\u00ebri me sisteme audio t\u00eb fuqis\u00eb s\u00eb ul\u00ebt dhe me tension 24V DC<br \/>\n&#8211; I p\u00ebrshtatsh\u00ebm p\u00ebr ambiente si sht\u00ebpi, zyra, dyqane, korridore, etj.<\/p>\n<p><strong>Ngjyra:<\/strong> E bardh\u00eb<br \/>\n<strong>Materiali i panelit:<\/strong> Plastik\u00eb rezistente ndaj goditjeve<br \/>\n<strong>Montimi:<\/strong> Inkaso n\u00eb kuti standarde murale 86&#215;86 mm<\/p>","protected":false},"excerpt":{"rendered":"<p>Seria: LUCKY TONE Lloji: Kontroller Volumi p\u00ebr Montim n\u00eb Mur \u2013 86&#215;86 mm &#8211; Fuqia maksimale: 30W &#8211; Tensioni i pun\u00ebs: 24V DC &#8211; P\u00ebrmasat: 86 x 86 mm &#8211; Lloji i instalimit: Montim n\u00eb mur (standard evropian) &#8211; Kontroll manual i volumit me rrotullim t\u00eb but\u00eb dhe preciz &#8211; P\u00ebrputhshm\u00ebri me sisteme audio t\u00eb [&hellip;]<\/p>","protected":false},"featured_media":5041,"comment_status":"open","ping_status":"closed","template":"","meta":{"_acf_changed":false},"product_brand":[],"product_cat":[104,50],"product_tag":[],"class_list":{"0":"post-5040","1":"product","2":"type-product","3":"status-publish","4":"has-post-thumbnail","6":"product_cat-controller-zeri","7":"product_cat-sisteme-audio","9":"first","10":"instock","11":"shipping-taxable","12":"product-type-simple"},"acf":[],"_links":{"self":[{"href":"https:\/\/www.brikaelektrik.al\/al\/wp-json\/wp\/v2\/product\/5040","targetHints":{"allow":["GET"]}}],"collection":[{"href":"https:\/\/www.brikaelektrik.al\/al\/wp-json\/wp\/v2\/product"}],"about":[{"href":"https:\/\/www.brikaelektrik.al\/al\/wp-json\/wp\/v2\/types\/product"}],"replies":[{"embeddable":true,"href":"https:\/\/www.brikaelektrik.al\/al\/wp-json\/wp\/v2\/comments?post=5040"}],"wp:featuredmedia":[{"embeddable":true,"href":"https:\/\/www.brikaelektrik.al\/al\/wp-json\/wp\/v2\/media\/5041"}],"wp:attachment":[{"href":"https:\/\/www.brikaelektrik.al\/al\/wp-json\/wp\/v2\/media?parent=5040"}],"wp:term":[{"taxonomy":"product_brand","embeddable":true,"href":"https:\/\/www.brikaelektrik.al\/al\/wp-json\/wp\/v2\/product_brand?post=5040"},{"taxonomy":"product_cat","embeddable":true,"href":"https:\/\/www.brikaelektrik.al\/al\/wp-json\/wp\/v2\/product_cat?post=5040"},{"taxonomy":"product_tag","embeddable":true,"href":"https:\/\/www.brikaelektrik.al\/al\/wp-json\/wp\/v2\/product_tag?post=5040"}],"curies":[{"name":"wp","href":"https:\/\/api.w.org\/{rel}","templated":true}]}}