{"id":5045,"date":"2025-11-06T14:36:59","date_gmt":"2025-11-06T14:36:59","guid":{"rendered":"https:\/\/www.brikaelektrik.al\/?post_type=product&#038;p=5045"},"modified":"2025-11-06T14:41:20","modified_gmt":"2025-11-06T14:41:20","slug":"amplifikator-mural-225w-me-bluetooth-usb-tf-aux-kontroll-volumi-me-ekran-2","status":"publish","type":"product","link":"https:\/\/www.brikaelektrik.al\/al\/produkt\/amplifikator-mural-225w-me-bluetooth-usb-tf-aux-kontroll-volumi-me-ekran-2\/","title":{"rendered":"AMPLIFIKATOR MURAL 2*25W ME BLUETOOTH USB\/TF AUX KONTROLL VOLUMI ME EKRAN"},"content":{"rendered":"<p><strong>Seria:<\/strong> Lucky Tone<br \/>\n<strong>Modeli:<\/strong> BA\u2011225VR<br \/>\n<strong>Lloji:<\/strong> Amplifikator Mural 2 \u00d7 25 W me Bluetooth, USB\/TF, AUX, Kontroll Volumi me Ekran<\/p>\n<p><strong>Karakteristikat kryesore:<\/strong><br \/>\n&#8211; Dalje audio: 2 \u00d7 25 W, p\u00ebr dy kanale t\u00eb pavarura (2\u2011zone)<br \/>\n&#8211; Lidhje: Bluetooth, port\u00eb USB, port\u00eb TF Card, hyrje AUX<br \/>\n&#8211; Kontroll volumi dhe menaxhim i input\u2011eve p\u00ebrmes menys\u00eb me ekran t\u00eb treguar<br \/>\n&#8211; Dizajn p\u00ebr montim n\u00eb mur, p\u00ebr instalim elegant dhe i kuruar<br \/>\n&#8211; I p\u00ebrshtatsh\u00ebm p\u00ebr ambientet rezidenciale ose komerciale ku k\u00ebrkohet sistem audio i ndar\u00eb n\u00eb zona<\/p>\n<p><strong>P\u00ebrdorim i rekomanduar:<\/strong><br \/>\nAmbiente si sht\u00ebpi, zyra, hotele, bare ose \u00e7do ambient ku duhen dy kanale t\u00eb ve\u00e7anta audio me kontroll t\u00eb leht\u00eb.<\/p>","protected":false},"excerpt":{"rendered":"<p>Seria: Lucky Tone Modeli: BA\u2011225VR Lloji: Amplifikator Mural 2 \u00d7 25 W me Bluetooth, USB\/TF, AUX, Kontroll Volumi me Ekran Karakteristikat kryesore: &#8211; Dalje audio: 2 \u00d7 25 W, p\u00ebr dy kanale t\u00eb pavarura (2\u2011zone) &#8211; Lidhje: Bluetooth, port\u00eb USB, port\u00eb TF Card, hyrje AUX &#8211; Kontroll volumi dhe menaxhim i input\u2011eve p\u00ebrmes menys\u00eb me [&hellip;]<\/p>","protected":false},"featured_media":5046,"comment_status":"open","ping_status":"closed","template":"","meta":{"_acf_changed":false},"product_brand":[],"product_cat":[104,50],"product_tag":[],"class_list":{"0":"post-5045","1":"product","2":"type-product","3":"status-publish","4":"has-post-thumbnail","6":"product_cat-controller-zeri","7":"product_cat-sisteme-audio","9":"first","10":"instock","11":"shipping-taxable","12":"product-type-simple"},"acf":[],"_links":{"self":[{"href":"https:\/\/www.brikaelektrik.al\/al\/wp-json\/wp\/v2\/product\/5045","targetHints":{"allow":["GET"]}}],"collection":[{"href":"https:\/\/www.brikaelektrik.al\/al\/wp-json\/wp\/v2\/product"}],"about":[{"href":"https:\/\/www.brikaelektrik.al\/al\/wp-json\/wp\/v2\/types\/product"}],"replies":[{"embeddable":true,"href":"https:\/\/www.brikaelektrik.al\/al\/wp-json\/wp\/v2\/comments?post=5045"}],"wp:featuredmedia":[{"embeddable":true,"href":"https:\/\/www.brikaelektrik.al\/al\/wp-json\/wp\/v2\/media\/5046"}],"wp:attachment":[{"href":"https:\/\/www.brikaelektrik.al\/al\/wp-json\/wp\/v2\/media?parent=5045"}],"wp:term":[{"taxonomy":"product_brand","embeddable":true,"href":"https:\/\/www.brikaelektrik.al\/al\/wp-json\/wp\/v2\/product_brand?post=5045"},{"taxonomy":"product_cat","embeddable":true,"href":"https:\/\/www.brikaelektrik.al\/al\/wp-json\/wp\/v2\/product_cat?post=5045"},{"taxonomy":"product_tag","embeddable":true,"href":"https:\/\/www.brikaelektrik.al\/al\/wp-json\/wp\/v2\/product_tag?post=5045"}],"curies":[{"name":"wp","href":"https:\/\/api.w.org\/{rel}","templated":true}]}}