{"id":5060,"date":"2025-11-11T08:27:40","date_gmt":"2025-11-11T08:27:40","guid":{"rendered":"https:\/\/www.brikaelektrik.al\/?post_type=product&#038;p=5060"},"modified":"2025-11-11T08:37:30","modified_gmt":"2025-11-11T08:37:30","slug":"mono-solar-panel-545w-2279x1134x35mm","status":"publish","type":"product","link":"https:\/\/www.brikaelektrik.al\/al\/produkt\/mono-solar-panel-545w-2279x1134x35mm\/","title":{"rendered":"MONO SOLAR PANEL 545W 2279X1134X35MM"},"content":{"rendered":"<p><strong>Seria:<\/strong> VITAC Mono<br \/>\n<strong>Modeli:<\/strong> Panel Diellor Monokristalor 545W<\/p>\n<p><strong>P\u00ebrshkrimi:<br \/>\n<\/strong>Paneli VITAC Monokristalor 545W \u00ebsht\u00eb i\u00a0p\u00ebrshtatsh\u00ebm p\u00ebr sisteme solare rezidenciale, komerciale dhe industriale. Ideale p\u00ebr instalime n\u00eb \u00e7ati, struktura metalike apo tok\u00eb.\u00a0<strong><br \/>\n<\/strong><\/p>\n<p><strong>Specifikime teknike kryesore:<br \/>\n<\/strong>&#8211; Fuqia Maksimale (Pmax): 545W<br \/>\n&#8211; Lloji i qeliz\u00ebs: Monokristalor<br \/>\n&#8211; Madh\u00ebsia: 2279 x 1134 x 35 mm<br \/>\n&#8211; Tensioni n\u00eb Pmax (Vmp): ~41V<br \/>\n&#8211; Rryma n\u00eb Pmax (Imp): ~13.3A<br \/>\n&#8211; Tensioni i qarkut t\u00eb hapur (Voc): ~49V<br \/>\n&#8211; Rryma e shkurt\u00ebr (Isc): ~13.8A<br \/>\n&#8211; Efikasiteti i modulit: deri n\u00eb 21%<br \/>\n&#8211; Temperatura e funksionimit: -40\u00b0C deri +85\u00b0C<br \/>\n&#8211; Kutia e lidhjes: IP68 \u2013 rezistente ndaj ujit dhe pluhurit<br \/>\n&#8211; Garancia e produktit: 12 vite<br \/>\n&#8211; Garancia e performanc\u00ebs: deri n\u00eb 25 vite<\/p>\n<p><strong>Karakteristika t\u00eb ve\u00e7anta:<br \/>\n<\/strong>&#8211; Qeliza monokristalore me efikasitet t\u00eb lart\u00eb p\u00ebr prodhim maksimal t\u00eb energjis\u00eb<br \/>\n&#8211; Xham i kalitur anti-reflektues p\u00ebr mbrojtje nga kushtet atmosferike<br \/>\n&#8211; Korniz\u00eb alumini e anodizuar \u2013 rezistente ndaj korrozionit<br \/>\n&#8211; I p\u00ebrshtatsh\u00ebm p\u00ebr sisteme solare rezidenciale, komerciale dhe industriale<br \/>\n&#8211; Ideal p\u00ebr instalim n\u00eb \u00e7ati, struktura metalike apo sip\u00ebrfaqe tok\u00ebsore<\/p>","protected":false},"excerpt":{"rendered":"<p>Seria: VITAC Mono Modeli: Panel Diellor Monokristalor 545W P\u00ebrshkrimi: Paneli VITAC Monokristalor 545W \u00ebsht\u00eb i\u00a0p\u00ebrshtatsh\u00ebm p\u00ebr sisteme solare rezidenciale, komerciale dhe industriale. Ideale p\u00ebr instalime n\u00eb \u00e7ati, struktura metalike apo tok\u00eb.\u00a0 Specifikime teknike kryesore: &#8211; Fuqia Maksimale (Pmax): 545W &#8211; Lloji i qeliz\u00ebs: Monokristalor &#8211; Madh\u00ebsia: 2279 x 1134 x 35 mm &#8211; Tensioni n\u00eb [&hellip;]<\/p>","protected":false},"featured_media":5062,"comment_status":"open","ping_status":"closed","template":"","meta":{"_acf_changed":false},"product_brand":[],"product_cat":[115,53],"product_tag":[],"class_list":{"0":"post-5060","1":"product","2":"type-product","3":"status-publish","4":"has-post-thumbnail","6":"product_cat-panele-solare","7":"product_cat-panele-fotovoltaike","9":"first","10":"instock","11":"shipping-taxable","12":"product-type-simple"},"acf":[],"_links":{"self":[{"href":"https:\/\/www.brikaelektrik.al\/al\/wp-json\/wp\/v2\/product\/5060","targetHints":{"allow":["GET"]}}],"collection":[{"href":"https:\/\/www.brikaelektrik.al\/al\/wp-json\/wp\/v2\/product"}],"about":[{"href":"https:\/\/www.brikaelektrik.al\/al\/wp-json\/wp\/v2\/types\/product"}],"replies":[{"embeddable":true,"href":"https:\/\/www.brikaelektrik.al\/al\/wp-json\/wp\/v2\/comments?post=5060"}],"wp:featuredmedia":[{"embeddable":true,"href":"https:\/\/www.brikaelektrik.al\/al\/wp-json\/wp\/v2\/media\/5062"}],"wp:attachment":[{"href":"https:\/\/www.brikaelektrik.al\/al\/wp-json\/wp\/v2\/media?parent=5060"}],"wp:term":[{"taxonomy":"product_brand","embeddable":true,"href":"https:\/\/www.brikaelektrik.al\/al\/wp-json\/wp\/v2\/product_brand?post=5060"},{"taxonomy":"product_cat","embeddable":true,"href":"https:\/\/www.brikaelektrik.al\/al\/wp-json\/wp\/v2\/product_cat?post=5060"},{"taxonomy":"product_tag","embeddable":true,"href":"https:\/\/www.brikaelektrik.al\/al\/wp-json\/wp\/v2\/product_tag?post=5060"}],"curies":[{"name":"wp","href":"https:\/\/api.w.org\/{rel}","templated":true}]}}