{"id":5067,"date":"2025-11-11T11:53:45","date_gmt":"2025-11-11T11:53:45","guid":{"rendered":"https:\/\/www.brikaelektrik.al\/?post_type=product&#038;p=5067"},"modified":"2025-11-11T11:53:45","modified_gmt":"2025-11-11T11:53:45","slug":"sahat-3fazor-3x100a-in-out-per-solar","status":"publish","type":"product","link":"https:\/\/www.brikaelektrik.al\/al\/produkt\/sahat-3fazor-3x100a-in-out-per-solar\/","title":{"rendered":"SAHAT 3FAZOR  3X100A IN-OUT PER SOLAR"},"content":{"rendered":"<p><strong>Seria:<\/strong> VITAC Energy Monitoring<br \/>\n<strong>Modeli:<\/strong> 3F-INOUT-100A<\/p>\n<p><strong>P\u00ebrshkrimi:<\/strong><br \/>\nSahat elektrik 3-fazor me lidhje direkte IN-OUT, i projektuar p\u00ebr sistemet solare fotovoltaike. Siguron matje t\u00eb sakt\u00eb t\u00eb konsumit dhe prodhimit t\u00eb energjis\u00eb, i p\u00ebrshtatsh\u00ebm p\u00ebr p\u00ebrdorim n\u00eb instalime industriale dhe rezidenciale.<\/p>\n<p><strong>Specifikime teknike kryesore:<\/strong><br \/>\n&#8211; Lloji: Sahat elektrik 3-fazor<br \/>\n&#8211; Kapaciteti: 3 x 100A<br \/>\n&#8211; Lidhja: IN-OUT direkte (pa transformator\u00eb)<br \/>\n&#8211; Frekuenca: 50\/60 Hz<br \/>\n&#8211; Tensioni nominal: 3&#215;230\/400V<br \/>\n&#8211; Montimi: N\u00eb panel elektrik (DIN rail)<br \/>\n&#8211; Aplikimi: P\u00ebr sisteme fotovoltaike dhe rrjete t\u00eb zakonshme elektrike<\/p>\n<p><strong>Karakteristika t\u00eb ve\u00e7anta:<\/strong><br \/>\n&#8211; Matje precize e energjis\u00eb hyr\u00ebse dhe dal\u00ebse<br \/>\n&#8211; I p\u00ebrshtatsh\u00ebm p\u00ebr instalime pa nevoj\u00eb p\u00ebr transformator\u00eb rryme<br \/>\n&#8211; I besuesh\u00ebm p\u00ebr p\u00ebrdorim n\u00eb kushte intensive<br \/>\n&#8211; Ideal p\u00ebr integrim n\u00eb sisteme monitorimi energjie solare<br \/>\n&#8211; Strukture kompakte p\u00ebr instalim t\u00eb leht\u00eb n\u00eb panele.<\/p>","protected":false},"excerpt":{"rendered":"<p>Seria: VITAC Energy Monitoring Modeli: 3F-INOUT-100A P\u00ebrshkrimi: Sahat elektrik 3-fazor me lidhje direkte IN-OUT, i projektuar p\u00ebr sistemet solare fotovoltaike. Siguron matje t\u00eb sakt\u00eb t\u00eb konsumit dhe prodhimit t\u00eb energjis\u00eb, i p\u00ebrshtatsh\u00ebm p\u00ebr p\u00ebrdorim n\u00eb instalime industriale dhe rezidenciale. Specifikime teknike kryesore: &#8211; Lloji: Sahat elektrik 3-fazor &#8211; Kapaciteti: 3 x 100A &#8211; Lidhja: IN-OUT [&hellip;]<\/p>","protected":false},"featured_media":5068,"comment_status":"open","ping_status":"closed","template":"","meta":{"_acf_changed":false},"product_brand":[],"product_cat":[113,53],"product_tag":[],"class_list":{"0":"post-5067","1":"product","2":"type-product","3":"status-publish","4":"has-post-thumbnail","6":"product_cat-aksesore-per-panelet","7":"product_cat-panele-fotovoltaike","9":"first","10":"instock","11":"shipping-taxable","12":"product-type-simple"},"acf":[],"_links":{"self":[{"href":"https:\/\/www.brikaelektrik.al\/al\/wp-json\/wp\/v2\/product\/5067","targetHints":{"allow":["GET"]}}],"collection":[{"href":"https:\/\/www.brikaelektrik.al\/al\/wp-json\/wp\/v2\/product"}],"about":[{"href":"https:\/\/www.brikaelektrik.al\/al\/wp-json\/wp\/v2\/types\/product"}],"replies":[{"embeddable":true,"href":"https:\/\/www.brikaelektrik.al\/al\/wp-json\/wp\/v2\/comments?post=5067"}],"wp:featuredmedia":[{"embeddable":true,"href":"https:\/\/www.brikaelektrik.al\/al\/wp-json\/wp\/v2\/media\/5068"}],"wp:attachment":[{"href":"https:\/\/www.brikaelektrik.al\/al\/wp-json\/wp\/v2\/media?parent=5067"}],"wp:term":[{"taxonomy":"product_brand","embeddable":true,"href":"https:\/\/www.brikaelektrik.al\/al\/wp-json\/wp\/v2\/product_brand?post=5067"},{"taxonomy":"product_cat","embeddable":true,"href":"https:\/\/www.brikaelektrik.al\/al\/wp-json\/wp\/v2\/product_cat?post=5067"},{"taxonomy":"product_tag","embeddable":true,"href":"https:\/\/www.brikaelektrik.al\/al\/wp-json\/wp\/v2\/product_tag?post=5067"}],"curies":[{"name":"wp","href":"https:\/\/api.w.org\/{rel}","templated":true}]}}