{"id":5072,"date":"2025-11-11T12:05:23","date_gmt":"2025-11-11T12:05:23","guid":{"rendered":"https:\/\/www.brikaelektrik.al\/?post_type=product&#038;p=5072"},"modified":"2025-11-11T12:05:23","modified_gmt":"2025-11-11T12:05:23","slug":"transformator-rryme-200a-per-sahat-3fazor-per-solar-panel","status":"publish","type":"product","link":"https:\/\/www.brikaelektrik.al\/al\/produkt\/transformator-rryme-200a-per-sahat-3fazor-per-solar-panel\/","title":{"rendered":"TRANSFORMATOR RRYME 200A PER SAHAT 3FAZOR PER SOLAR PANEL"},"content":{"rendered":"<p><strong>Seria:<\/strong> VITAC<br \/>\n<strong>Modeli:<\/strong> Transformator Rryme 200A<\/p>\n<p><strong>P\u00ebrshkrimi:<\/strong><br \/>\nTransformator rryme 200A, i dedikuar p\u00ebr p\u00ebrdorim me sahatin trefazor p\u00ebr sistemet fotovoltaike (solar). Siguron matje t\u00eb sakt\u00eb t\u00eb konsumit t\u00eb energjis\u00eb elektrike n\u00eb sisteme t\u00eb m\u00ebdha.<\/p>\n<p><strong>Specifikime teknike kryesore:<\/strong><br \/>\n&#8211; Rryma maksimale: 200A<br \/>\n&#8211; P\u00ebrdorimi: P\u00ebr sahat 3 fazor<br \/>\n&#8211; Lidhje: IN\/OUT p\u00ebr integrim t\u00eb leht\u00eb<br \/>\n&#8211; Montimi: I p\u00ebrshtatsh\u00ebm p\u00ebr kabinete elektrike<\/p>\n<p><strong>Karakteristika t\u00eb ve\u00e7anta:<\/strong><br \/>\n&#8211; I p\u00ebrshtatsh\u00ebm p\u00ebr sisteme solare<br \/>\n&#8211; Dizajnim kompakt dhe efikas<br \/>\n&#8211; Siguron matje t\u00eb sakt\u00eb t\u00eb energjis\u00eb p\u00ebr monitorim dhe kontroll t\u00eb konsumit<br \/>\n&#8211; I certifikuar p\u00ebr siguri dhe performanc\u00eb t\u00eb lart\u00eb<\/p>","protected":false},"excerpt":{"rendered":"<p>Seria: VITAC Modeli: Transformator Rryme 200A P\u00ebrshkrimi: Transformator rryme 200A, i dedikuar p\u00ebr p\u00ebrdorim me sahatin trefazor p\u00ebr sistemet fotovoltaike (solar). Siguron matje t\u00eb sakt\u00eb t\u00eb konsumit t\u00eb energjis\u00eb elektrike n\u00eb sisteme t\u00eb m\u00ebdha. Specifikime teknike kryesore: &#8211; Rryma maksimale: 200A &#8211; P\u00ebrdorimi: P\u00ebr sahat 3 fazor &#8211; Lidhje: IN\/OUT p\u00ebr integrim t\u00eb leht\u00eb &#8211; [&hellip;]<\/p>","protected":false},"featured_media":5073,"comment_status":"open","ping_status":"closed","template":"","meta":{"_acf_changed":false},"product_brand":[],"product_cat":[113,53],"product_tag":[],"class_list":{"0":"post-5072","1":"product","2":"type-product","3":"status-publish","4":"has-post-thumbnail","6":"product_cat-aksesore-per-panelet","7":"product_cat-panele-fotovoltaike","9":"first","10":"instock","11":"shipping-taxable","12":"product-type-simple"},"acf":[],"_links":{"self":[{"href":"https:\/\/www.brikaelektrik.al\/al\/wp-json\/wp\/v2\/product\/5072","targetHints":{"allow":["GET"]}}],"collection":[{"href":"https:\/\/www.brikaelektrik.al\/al\/wp-json\/wp\/v2\/product"}],"about":[{"href":"https:\/\/www.brikaelektrik.al\/al\/wp-json\/wp\/v2\/types\/product"}],"replies":[{"embeddable":true,"href":"https:\/\/www.brikaelektrik.al\/al\/wp-json\/wp\/v2\/comments?post=5072"}],"wp:featuredmedia":[{"embeddable":true,"href":"https:\/\/www.brikaelektrik.al\/al\/wp-json\/wp\/v2\/media\/5073"}],"wp:attachment":[{"href":"https:\/\/www.brikaelektrik.al\/al\/wp-json\/wp\/v2\/media?parent=5072"}],"wp:term":[{"taxonomy":"product_brand","embeddable":true,"href":"https:\/\/www.brikaelektrik.al\/al\/wp-json\/wp\/v2\/product_brand?post=5072"},{"taxonomy":"product_cat","embeddable":true,"href":"https:\/\/www.brikaelektrik.al\/al\/wp-json\/wp\/v2\/product_cat?post=5072"},{"taxonomy":"product_tag","embeddable":true,"href":"https:\/\/www.brikaelektrik.al\/al\/wp-json\/wp\/v2\/product_tag?post=5072"}],"curies":[{"name":"wp","href":"https:\/\/api.w.org\/{rel}","templated":true}]}}