{"id":5077,"date":"2025-11-11T12:20:50","date_gmt":"2025-11-11T12:20:50","guid":{"rendered":"https:\/\/www.brikaelektrik.al\/?post_type=product&#038;p=5077"},"modified":"2025-11-11T12:20:50","modified_gmt":"2025-11-11T12:20:50","slug":"tel-fotovoltaik-solar-1x6-mm-i-kuq-h1z2z2-k","status":"publish","type":"product","link":"https:\/\/www.brikaelektrik.al\/al\/produkt\/tel-fotovoltaik-solar-1x6-mm-i-kuq-h1z2z2-k\/","title":{"rendered":"TEL FOTOVOLTAIK SOLAR 1X6 MM I KUQ H1Z2Z2-K"},"content":{"rendered":"<p><strong>Seria:<\/strong> BORSAN<br \/>\n<strong>Modeli:<\/strong> H1Z2Z2-K<br \/>\n<strong>P\u00ebrshkrimi:<\/strong><br \/>\nTel fotovoltaik solar 1&#215;6 mm\u00b2 n\u00eb ngjyr\u00eb t\u00eb kuqe, i dizajnuar p\u00ebr aplikime n\u00eb sisteme fotovoltaike (PV). Ofron performanc\u00eb t\u00eb lart\u00eb dhe jet\u00ebgjat\u00ebsi n\u00eb kushte t\u00eb jashtme dhe t\u00eb v\u00ebshtira atmosferike.<\/p>\n<p><strong>Specifikime teknike kryesore:<\/strong><br \/>\n&#8211; P\u00ebr\u00e7ues: Bak\u00ebr i kallajosur (tinned copper)<br \/>\n&#8211; Prerja: 1&#215;6 mm\u00b2<br \/>\n&#8211; Izolimi: XLPO (kryq\u00ebsisht i lidhur)<br \/>\n&#8211; Mbrojtja e jashtme: XLPO<br \/>\n&#8211; Tensioni i pun\u00ebs: 1.0\/1.0 kV AC \u2013 1.5 kV DC<br \/>\n&#8211; Temperatura e pun\u00ebs: -40\u00b0C deri n\u00eb +90\u00b0C<br \/>\n&#8211; Ngjyra: E kuqe<\/p>\n<p><strong>Karakteristika t\u00eb ve\u00e7anta:<\/strong><br \/>\n&#8211; Rezistenc\u00eb e lart\u00eb ndaj UV, ozonit dhe lag\u00ebshtir\u00ebs<br \/>\n&#8211; I p\u00ebrshtatsh\u00ebm p\u00ebr p\u00ebrdorim t\u00eb jasht\u00ebm dhe n\u00eb ambiente me kushte t\u00eb v\u00ebshtira<br \/>\n&#8211; Certifikim sipas standardeve EN50618 dhe T\u00dcV<br \/>\n&#8211; Fleksibilitet dhe leht\u00ebsi n\u00eb instalim<br \/>\n&#8211; Jet\u00ebgjat\u00ebsi &gt;25 vite n\u00eb kushte normale pune<\/p>","protected":false},"excerpt":{"rendered":"<p>Seria: BORSAN Modeli: H1Z2Z2-K P\u00ebrshkrimi: Tel fotovoltaik solar 1&#215;6 mm\u00b2 n\u00eb ngjyr\u00eb t\u00eb kuqe, i dizajnuar p\u00ebr aplikime n\u00eb sisteme fotovoltaike (PV). Ofron performanc\u00eb t\u00eb lart\u00eb dhe jet\u00ebgjat\u00ebsi n\u00eb kushte t\u00eb jashtme dhe t\u00eb v\u00ebshtira atmosferike. Specifikime teknike kryesore: &#8211; P\u00ebr\u00e7ues: Bak\u00ebr i kallajosur (tinned copper) &#8211; Prerja: 1&#215;6 mm\u00b2 &#8211; Izolimi: XLPO (kryq\u00ebsisht i [&hellip;]<\/p>","protected":false},"featured_media":5078,"comment_status":"open","ping_status":"closed","template":"","meta":{"_acf_changed":false},"product_brand":[],"product_cat":[113,53],"product_tag":[],"class_list":{"0":"post-5077","1":"product","2":"type-product","3":"status-publish","4":"has-post-thumbnail","6":"product_cat-aksesore-per-panelet","7":"product_cat-panele-fotovoltaike","9":"first","10":"instock","11":"shipping-taxable","12":"product-type-simple"},"acf":[],"_links":{"self":[{"href":"https:\/\/www.brikaelektrik.al\/al\/wp-json\/wp\/v2\/product\/5077","targetHints":{"allow":["GET"]}}],"collection":[{"href":"https:\/\/www.brikaelektrik.al\/al\/wp-json\/wp\/v2\/product"}],"about":[{"href":"https:\/\/www.brikaelektrik.al\/al\/wp-json\/wp\/v2\/types\/product"}],"replies":[{"embeddable":true,"href":"https:\/\/www.brikaelektrik.al\/al\/wp-json\/wp\/v2\/comments?post=5077"}],"wp:featuredmedia":[{"embeddable":true,"href":"https:\/\/www.brikaelektrik.al\/al\/wp-json\/wp\/v2\/media\/5078"}],"wp:attachment":[{"href":"https:\/\/www.brikaelektrik.al\/al\/wp-json\/wp\/v2\/media?parent=5077"}],"wp:term":[{"taxonomy":"product_brand","embeddable":true,"href":"https:\/\/www.brikaelektrik.al\/al\/wp-json\/wp\/v2\/product_brand?post=5077"},{"taxonomy":"product_cat","embeddable":true,"href":"https:\/\/www.brikaelektrik.al\/al\/wp-json\/wp\/v2\/product_cat?post=5077"},{"taxonomy":"product_tag","embeddable":true,"href":"https:\/\/www.brikaelektrik.al\/al\/wp-json\/wp\/v2\/product_tag?post=5077"}],"curies":[{"name":"wp","href":"https:\/\/api.w.org\/{rel}","templated":true}]}}