{"id":5079,"date":"2025-11-11T12:25:02","date_gmt":"2025-11-11T12:25:02","guid":{"rendered":"https:\/\/www.brikaelektrik.al\/?post_type=product&#038;p=5079"},"modified":"2025-11-11T12:25:02","modified_gmt":"2025-11-11T12:25:02","slug":"borsan-tel-fotovoltaik-solar-1x6-mm-i-zi-h1z2z2-k","status":"publish","type":"product","link":"https:\/\/www.brikaelektrik.al\/al\/produkt\/borsan-tel-fotovoltaik-solar-1x6-mm-i-zi-h1z2z2-k\/","title":{"rendered":"BORSAN-TEL FOTOVOLTAIK SOLAR 1X6 MM I ZI H1Z2Z2-K"},"content":{"rendered":"<p><strong>Seria:<\/strong> BORSAN<br \/>\n<strong>Modeli:<\/strong> L512-1212-1123<\/p>\n<p><strong>P\u00ebrshkrimi:<\/strong><br \/>\nTel fotovoltaik solar 1&#215;6 mm\u00b2 i zi, i p\u00ebrshtatsh\u00ebm p\u00ebr p\u00ebrdorim n\u00eb sistemet solare, me izolim t\u00eb lart\u00eb dhe rezistenc\u00eb ndaj kushteve t\u00eb jashtme.<\/p>\n<p><strong>Specifikime teknike kryesore:<\/strong><br \/>\n&#8211; Seksioni p\u00ebr\u00e7ues: 1&#215;6 mm\u00b2<br \/>\n&#8211; Ngjyra: E zez\u00eb<br \/>\n&#8211; Lloji: H1Z2Z2-K<br \/>\n&#8211; Voltazhi: Deri n\u00eb 1.5 kV DC<br \/>\n&#8211; Izolim: Elektrik me performanc\u00eb t\u00eb lart\u00eb<br \/>\n&#8211; Material p\u00ebr\u00e7ues: Bak\u00ebr i kallajosur<br \/>\n&#8211; Temperatura e funksionimit: -40\u00b0C deri +90\u00b0C<br \/>\n&#8211; Izolim dhe mb\u00ebshtjellje: Material halogjen-free (pa tym dhe pa gazra toksik\u00eb)<\/p>\n<p><strong>Karakteristika t\u00eb ve\u00e7anta:<\/strong><br \/>\n&#8211; Certifikuar p\u00ebr p\u00ebrdorim n\u00eb sisteme fotovoltaike<br \/>\n&#8211; Rezistenc\u00eb e lart\u00eb ndaj rrezatimit UV dhe ozonit<br \/>\n&#8211; Rezistenc\u00eb ndaj kushteve atmosferike ekstreme<br \/>\n&#8211; Fleksibilitet i lart\u00eb p\u00ebr instalim t\u00eb leht\u00eb<br \/>\n&#8211; Jet\u00ebgjat\u00ebsi e gjat\u00eb n\u00eb ambiente t\u00eb jashtme dhe\u00a0t\u00eb\u00a0brendshme<\/p>","protected":false},"excerpt":{"rendered":"<p>Seria: BORSAN Modeli: L512-1212-1123 P\u00ebrshkrimi: Tel fotovoltaik solar 1&#215;6 mm\u00b2 i zi, i p\u00ebrshtatsh\u00ebm p\u00ebr p\u00ebrdorim n\u00eb sistemet solare, me izolim t\u00eb lart\u00eb dhe rezistenc\u00eb ndaj kushteve t\u00eb jashtme. Specifikime teknike kryesore: &#8211; Seksioni p\u00ebr\u00e7ues: 1&#215;6 mm\u00b2 &#8211; Ngjyra: E zez\u00eb &#8211; Lloji: H1Z2Z2-K &#8211; Voltazhi: Deri n\u00eb 1.5 kV DC &#8211; Izolim: Elektrik me [&hellip;]<\/p>","protected":false},"featured_media":5080,"comment_status":"open","ping_status":"closed","template":"","meta":{"_acf_changed":false},"product_brand":[],"product_cat":[113,53],"product_tag":[],"class_list":{"0":"post-5079","1":"product","2":"type-product","3":"status-publish","4":"has-post-thumbnail","6":"product_cat-aksesore-per-panelet","7":"product_cat-panele-fotovoltaike","9":"first","10":"instock","11":"shipping-taxable","12":"product-type-simple"},"acf":[],"_links":{"self":[{"href":"https:\/\/www.brikaelektrik.al\/al\/wp-json\/wp\/v2\/product\/5079","targetHints":{"allow":["GET"]}}],"collection":[{"href":"https:\/\/www.brikaelektrik.al\/al\/wp-json\/wp\/v2\/product"}],"about":[{"href":"https:\/\/www.brikaelektrik.al\/al\/wp-json\/wp\/v2\/types\/product"}],"replies":[{"embeddable":true,"href":"https:\/\/www.brikaelektrik.al\/al\/wp-json\/wp\/v2\/comments?post=5079"}],"wp:featuredmedia":[{"embeddable":true,"href":"https:\/\/www.brikaelektrik.al\/al\/wp-json\/wp\/v2\/media\/5080"}],"wp:attachment":[{"href":"https:\/\/www.brikaelektrik.al\/al\/wp-json\/wp\/v2\/media?parent=5079"}],"wp:term":[{"taxonomy":"product_brand","embeddable":true,"href":"https:\/\/www.brikaelektrik.al\/al\/wp-json\/wp\/v2\/product_brand?post=5079"},{"taxonomy":"product_cat","embeddable":true,"href":"https:\/\/www.brikaelektrik.al\/al\/wp-json\/wp\/v2\/product_cat?post=5079"},{"taxonomy":"product_tag","embeddable":true,"href":"https:\/\/www.brikaelektrik.al\/al\/wp-json\/wp\/v2\/product_tag?post=5079"}],"curies":[{"name":"wp","href":"https:\/\/api.w.org\/{rel}","templated":true}]}}