{"id":5081,"date":"2025-11-11T14:55:08","date_gmt":"2025-11-11T14:55:08","guid":{"rendered":"https:\/\/www.brikaelektrik.al\/?post_type=product&#038;p=5081"},"modified":"2025-11-11T14:55:08","modified_gmt":"2025-11-11T14:55:08","slug":"inverter-5kw-on-grid-monofaze-ip66-10years-warranty","status":"publish","type":"product","link":"https:\/\/www.brikaelektrik.al\/al\/produkt\/inverter-5kw-on-grid-monofaze-ip66-10years-warranty\/","title":{"rendered":"INVERTER  5KW ON GRID MONOFAZE IP66 (10YEARS WARRANTY)"},"content":{"rendered":"<p><strong>Seria:<\/strong> VITAC<br \/>\n<strong>Modeli:<\/strong> Inverter 5KW On Grid Monofaz\u00eb IP66<\/p>\n<p><strong>P\u00ebrshkrimi:<\/strong><br \/>\nInverteri VITAC 5KW On Grid Monofaz\u00eb \u00ebsht\u00eb nj\u00eb zgjidhje ideale p\u00ebr sistemet fotovoltaike rezidenciale dhe komerciale t\u00eb vogla. Me efikasitet t\u00eb lart\u00eb, mbrojtje IP66 ndaj kushteve atmosferike dhe nj\u00eb garanci prej 10 vitesh, ky inverter siguron performanc\u00eb t\u00eb q\u00ebndrueshme dhe jet\u00ebgjat\u00ebsi t\u00eb lart\u00eb n\u00eb \u00e7do instalim.<\/p>\n<p><strong>Specifikime teknike kryesore:<\/strong><br \/>\n&#8211; Fuqia maksimale: 5KW<br \/>\n&#8211; Lloji: On Grid (i lidhur n\u00eb rrjet)<br \/>\n&#8211; Faza: Monofaz\u00eb<br \/>\n&#8211; Efikasitet maksimal: &gt;97%<br \/>\n&#8211; Tensioni i hyrjes: 120V \u2013 600V DC<br \/>\n&#8211; Mbrojtja: IP66 \u2013 rezistent ndaj ujit dhe pluhurit<br \/>\n&#8211; Ekran: LCD p\u00ebr monitorim t\u00eb leht\u00eb<br \/>\n&#8211; Lidhje: WiFi \/ RS485 (n\u00eb var\u00ebsi t\u00eb modelit)<\/p>","protected":false},"excerpt":{"rendered":"<p>Seria: VITAC Modeli: Inverter 5KW On Grid Monofaz\u00eb IP66 P\u00ebrshkrimi: Inverteri VITAC 5KW On Grid Monofaz\u00eb \u00ebsht\u00eb nj\u00eb zgjidhje ideale p\u00ebr sistemet fotovoltaike rezidenciale dhe komerciale t\u00eb vogla. Me efikasitet t\u00eb lart\u00eb, mbrojtje IP66 ndaj kushteve atmosferike dhe nj\u00eb garanci prej 10 vitesh, ky inverter siguron performanc\u00eb t\u00eb q\u00ebndrueshme dhe jet\u00ebgjat\u00ebsi t\u00eb lart\u00eb n\u00eb \u00e7do [&hellip;]<\/p>","protected":false},"featured_media":5082,"comment_status":"open","ping_status":"closed","template":"","meta":{"_acf_changed":false},"product_brand":[],"product_cat":[114,53],"product_tag":[],"class_list":{"0":"post-5081","1":"product","2":"type-product","3":"status-publish","4":"has-post-thumbnail","6":"product_cat-inverter-on-off-grid","7":"product_cat-panele-fotovoltaike","9":"first","10":"instock","11":"shipping-taxable","12":"product-type-simple"},"acf":[],"_links":{"self":[{"href":"https:\/\/www.brikaelektrik.al\/al\/wp-json\/wp\/v2\/product\/5081","targetHints":{"allow":["GET"]}}],"collection":[{"href":"https:\/\/www.brikaelektrik.al\/al\/wp-json\/wp\/v2\/product"}],"about":[{"href":"https:\/\/www.brikaelektrik.al\/al\/wp-json\/wp\/v2\/types\/product"}],"replies":[{"embeddable":true,"href":"https:\/\/www.brikaelektrik.al\/al\/wp-json\/wp\/v2\/comments?post=5081"}],"wp:featuredmedia":[{"embeddable":true,"href":"https:\/\/www.brikaelektrik.al\/al\/wp-json\/wp\/v2\/media\/5082"}],"wp:attachment":[{"href":"https:\/\/www.brikaelektrik.al\/al\/wp-json\/wp\/v2\/media?parent=5081"}],"wp:term":[{"taxonomy":"product_brand","embeddable":true,"href":"https:\/\/www.brikaelektrik.al\/al\/wp-json\/wp\/v2\/product_brand?post=5081"},{"taxonomy":"product_cat","embeddable":true,"href":"https:\/\/www.brikaelektrik.al\/al\/wp-json\/wp\/v2\/product_cat?post=5081"},{"taxonomy":"product_tag","embeddable":true,"href":"https:\/\/www.brikaelektrik.al\/al\/wp-json\/wp\/v2\/product_tag?post=5081"}],"curies":[{"name":"wp","href":"https:\/\/api.w.org\/{rel}","templated":true}]}}