{"id":5083,"date":"2025-11-11T14:59:44","date_gmt":"2025-11-11T14:59:44","guid":{"rendered":"https:\/\/www.brikaelektrik.al\/?post_type=product&#038;p=5083"},"modified":"2025-11-11T14:59:44","modified_gmt":"2025-11-11T14:59:44","slug":"inverter-8kw-on-grid-monofaze-ip66-10years-warranty","status":"publish","type":"product","link":"https:\/\/www.brikaelektrik.al\/al\/produkt\/inverter-8kw-on-grid-monofaze-ip66-10years-warranty\/","title":{"rendered":"INVERTER  8KW ON GRID MONOFAZE IP66 (10YEARS WARRANTY)"},"content":{"rendered":"<p><strong>Seria:<\/strong> VITAC<br \/>\n<strong>Modeli:<\/strong> Inverter 8KW On Grid Monofaz\u00eb IP66<\/p>\n<p><strong>P\u00ebrshkrimi:<\/strong><br \/>\nInverteri VITAC 8KW On Grid Monofaz\u00eb \u00ebsht\u00eb projektuar p\u00ebr performanc\u00eb t\u00eb lart\u00eb dhe jet\u00ebgjat\u00ebsi n\u00eb sistemet fotovoltaike p\u00ebr p\u00ebrdorim rezidencial apo komercial. Me dizajn t\u00eb q\u00ebndruesh\u00ebm IP66 dhe efikasitet t\u00eb avancuar, ky inverter garanton funksionim t\u00eb besuesh\u00ebm dhe kontroll t\u00eb zgjuar t\u00eb energjis\u00eb. Vjen me 10 vite garanci p\u00ebr qet\u00ebsi afatgjat\u00eb.<\/p>\n<p><strong>Specifikime teknike kryesore:<\/strong><br \/>\n&#8211; Fuqia nominale: 8KW<br \/>\n&#8211; Lloji: On Grid (i lidhur n\u00eb rrjet)<br \/>\n&#8211; Faza: Monofaz\u00eb<br \/>\n&#8211; Efikasitet maksimal: &gt;97%<br \/>\n&#8211; Tensioni hyr\u00ebs: 120V \u2013 600V DC<br \/>\n&#8211; Ekran: LCD p\u00ebr monitorim t\u00eb leht\u00eb<br \/>\n&#8211; Mbrojtje: IP66 \u2013 i p\u00ebrshtatsh\u00ebm p\u00ebr ambiente t\u00eb jashtme<br \/>\n&#8211; Komunikimi: RS485 \/ WiFi (opsional)<\/p>","protected":false},"excerpt":{"rendered":"<p>Seria: VITAC Modeli: Inverter 8KW On Grid Monofaz\u00eb IP66 P\u00ebrshkrimi: Inverteri VITAC 8KW On Grid Monofaz\u00eb \u00ebsht\u00eb projektuar p\u00ebr performanc\u00eb t\u00eb lart\u00eb dhe jet\u00ebgjat\u00ebsi n\u00eb sistemet fotovoltaike p\u00ebr p\u00ebrdorim rezidencial apo komercial. Me dizajn t\u00eb q\u00ebndruesh\u00ebm IP66 dhe efikasitet t\u00eb avancuar, ky inverter garanton funksionim t\u00eb besuesh\u00ebm dhe kontroll t\u00eb zgjuar t\u00eb energjis\u00eb. Vjen me [&hellip;]<\/p>","protected":false},"featured_media":5084,"comment_status":"open","ping_status":"closed","template":"","meta":{"_acf_changed":false},"product_brand":[],"product_cat":[114,53],"product_tag":[],"class_list":{"0":"post-5083","1":"product","2":"type-product","3":"status-publish","4":"has-post-thumbnail","6":"product_cat-inverter-on-off-grid","7":"product_cat-panele-fotovoltaike","9":"first","10":"instock","11":"shipping-taxable","12":"product-type-simple"},"acf":[],"_links":{"self":[{"href":"https:\/\/www.brikaelektrik.al\/al\/wp-json\/wp\/v2\/product\/5083","targetHints":{"allow":["GET"]}}],"collection":[{"href":"https:\/\/www.brikaelektrik.al\/al\/wp-json\/wp\/v2\/product"}],"about":[{"href":"https:\/\/www.brikaelektrik.al\/al\/wp-json\/wp\/v2\/types\/product"}],"replies":[{"embeddable":true,"href":"https:\/\/www.brikaelektrik.al\/al\/wp-json\/wp\/v2\/comments?post=5083"}],"wp:featuredmedia":[{"embeddable":true,"href":"https:\/\/www.brikaelektrik.al\/al\/wp-json\/wp\/v2\/media\/5084"}],"wp:attachment":[{"href":"https:\/\/www.brikaelektrik.al\/al\/wp-json\/wp\/v2\/media?parent=5083"}],"wp:term":[{"taxonomy":"product_brand","embeddable":true,"href":"https:\/\/www.brikaelektrik.al\/al\/wp-json\/wp\/v2\/product_brand?post=5083"},{"taxonomy":"product_cat","embeddable":true,"href":"https:\/\/www.brikaelektrik.al\/al\/wp-json\/wp\/v2\/product_cat?post=5083"},{"taxonomy":"product_tag","embeddable":true,"href":"https:\/\/www.brikaelektrik.al\/al\/wp-json\/wp\/v2\/product_tag?post=5083"}],"curies":[{"name":"wp","href":"https:\/\/api.w.org\/{rel}","templated":true}]}}