{"id":5085,"date":"2025-11-11T15:04:22","date_gmt":"2025-11-11T15:04:22","guid":{"rendered":"https:\/\/www.brikaelektrik.al\/?post_type=product&#038;p=5085"},"modified":"2025-11-16T04:34:25","modified_gmt":"2025-11-16T04:34:25","slug":"vitac-inverter-3kw-on-grid-monofaze-ip66-10years-warranty","status":"publish","type":"product","link":"https:\/\/www.brikaelektrik.al\/al\/produkt\/vitac-inverter-3kw-on-grid-monofaze-ip66-10years-warranty\/","title":{"rendered":"VITAC-INVERTER  3KW ON GRID MONOFAZE IP66 (10YEARS WARRANTY)"},"content":{"rendered":"<p><strong>Seria:<\/strong> VITAC<br \/>\n<strong>Modeli:<\/strong> Inverter 3KW On Grid Monofaz\u00eb IP66<\/p>\n<p><strong>P\u00ebrshkrimi:<\/strong><br \/>\nInverteri VITAC 3KW On Grid Monofaz\u00eb \u00ebsht\u00eb zgjidhje ideale p\u00ebr sistemet fotovoltaike n\u00eb sht\u00ebpi apo biznese t\u00eb vogla. Me dizajn kompakt, mbrojtje IP66 dhe efikasitet t\u00eb lart\u00eb, ky pajisje siguron prodhim optimal energjie dhe funksionim t\u00eb sigurt n\u00eb \u00e7do kusht atmosferik. Garancia 10-vje\u00e7are e b\u00ebn at\u00eb nj\u00eb investim t\u00eb q\u00ebndruesh\u00ebm.<\/p>\n<p><strong>Specifikime teknike kryesore:<\/strong><br \/>\n&#8211; Fuqia nominale: 3KW<br \/>\n&#8211; Lloji: On Grid (i lidhur me rrjetin elektrik)<br \/>\n&#8211; Faza: Monofaz\u00eb<br \/>\n&#8211; Tensioni hyr\u00ebs: 120V \u2013 600V DC<br \/>\n&#8211; Efikasitet maksimal: &gt;97%<br \/>\n&#8211; Ekran: LCD p\u00ebr informacion n\u00eb koh\u00eb reale<br \/>\n&#8211; Mbrojtje: IP66 \u2013 rezistenc\u00eb ndaj ujit dhe pluhurit<br \/>\n&#8211; Komunikim: RS485 \/ WiFi (opsional)<\/p>","protected":false},"excerpt":{"rendered":"<p>Seria: VITAC Modeli: Inverter 3KW On Grid Monofaz\u00eb IP66 P\u00ebrshkrimi: Inverteri VITAC 3KW On Grid Monofaz\u00eb \u00ebsht\u00eb zgjidhje ideale p\u00ebr sistemet fotovoltaike n\u00eb sht\u00ebpi apo biznese t\u00eb vogla. Me dizajn kompakt, mbrojtje IP66 dhe efikasitet t\u00eb lart\u00eb, ky pajisje siguron prodhim optimal energjie dhe funksionim t\u00eb sigurt n\u00eb \u00e7do kusht atmosferik. Garancia 10-vje\u00e7are e b\u00ebn [&hellip;]<\/p>","protected":false},"featured_media":5086,"comment_status":"open","ping_status":"closed","template":"","meta":{"_acf_changed":false},"product_brand":[],"product_cat":[114,53],"product_tag":[],"class_list":{"0":"post-5085","1":"product","2":"type-product","3":"status-publish","4":"has-post-thumbnail","6":"product_cat-inverter-on-off-grid","7":"product_cat-panele-fotovoltaike","9":"first","10":"instock","11":"shipping-taxable","12":"product-type-simple"},"acf":[],"_links":{"self":[{"href":"https:\/\/www.brikaelektrik.al\/al\/wp-json\/wp\/v2\/product\/5085","targetHints":{"allow":["GET"]}}],"collection":[{"href":"https:\/\/www.brikaelektrik.al\/al\/wp-json\/wp\/v2\/product"}],"about":[{"href":"https:\/\/www.brikaelektrik.al\/al\/wp-json\/wp\/v2\/types\/product"}],"replies":[{"embeddable":true,"href":"https:\/\/www.brikaelektrik.al\/al\/wp-json\/wp\/v2\/comments?post=5085"}],"wp:featuredmedia":[{"embeddable":true,"href":"https:\/\/www.brikaelektrik.al\/al\/wp-json\/wp\/v2\/media\/5086"}],"wp:attachment":[{"href":"https:\/\/www.brikaelektrik.al\/al\/wp-json\/wp\/v2\/media?parent=5085"}],"wp:term":[{"taxonomy":"product_brand","embeddable":true,"href":"https:\/\/www.brikaelektrik.al\/al\/wp-json\/wp\/v2\/product_brand?post=5085"},{"taxonomy":"product_cat","embeddable":true,"href":"https:\/\/www.brikaelektrik.al\/al\/wp-json\/wp\/v2\/product_cat?post=5085"},{"taxonomy":"product_tag","embeddable":true,"href":"https:\/\/www.brikaelektrik.al\/al\/wp-json\/wp\/v2\/product_tag?post=5085"}],"curies":[{"name":"wp","href":"https:\/\/api.w.org\/{rel}","templated":true}]}}