{"id":5087,"date":"2025-11-11T15:08:28","date_gmt":"2025-11-11T15:08:28","guid":{"rendered":"https:\/\/www.brikaelektrik.al\/?post_type=product&#038;p=5087"},"modified":"2025-11-16T04:34:07","modified_gmt":"2025-11-16T04:34:07","slug":"inverter-60kw-on-grid-solar-3-fazor-with-wifi-dongle","status":"publish","type":"product","link":"https:\/\/www.brikaelektrik.al\/al\/produkt\/inverter-60kw-on-grid-solar-3-fazor-with-wifi-dongle\/","title":{"rendered":"INVERTER 60kW On Grid Solar 3 FAZOR with Wifi Dongle"},"content":{"rendered":"<p><strong>Seria:<\/strong> VITAC<br \/>\n<strong>Modeli:<\/strong> Inverter 60KW On Grid Solar 3 Fazor<\/p>\n<p><strong>P\u00ebrshkrimi:<\/strong><br \/>\nInverteri VITAC 60KW On Grid 3-Fazor \u00ebsht\u00eb nj\u00eb zgjidhje industriale p\u00ebr sisteme t\u00eb m\u00ebdha fotovoltaike, duke ofruar performanc\u00eb t\u00eb lart\u00eb, mbik\u00ebqyrje t\u00eb avancuar dhe efikasitet maksimal. I pajisur me WiFi Dongle p\u00ebr monitorim n\u00eb distanc\u00eb dhe mbrojtje IP66 p\u00ebr q\u00ebndrueshm\u00ebri n\u00eb kushte ekstreme.<\/p>\n<p><strong>Specifikime teknike kryesore:<\/strong><br \/>\n&#8211; Fuqia nominale: 60KW<br \/>\n&#8211; Lloji: On Grid \u2013 i lidhur me rrjetin elektrik<br \/>\n&#8211; Faza: 3-Fazor<br \/>\n&#8211; Tensioni hyr\u00ebs: deri n\u00eb 1100V DC<br \/>\n&#8211; Efikasitet maksimal: &gt;98.6%<br \/>\n&#8211; Sistemi i ftohjes: Natyral + ventilator i brendsh\u00ebm<br \/>\n&#8211; Ekran: LCD \/ LED<br \/>\n&#8211; Mbrojtje: IP66<br \/>\n&#8211; Komunikim: RS485 \/ WiFi Dongle p\u00ebr monitorim<\/p>","protected":false},"excerpt":{"rendered":"<p>Seria: VITAC Modeli: Inverter 60KW On Grid Solar 3 Fazor P\u00ebrshkrimi: Inverteri VITAC 60KW On Grid 3-Fazor \u00ebsht\u00eb nj\u00eb zgjidhje industriale p\u00ebr sisteme t\u00eb m\u00ebdha fotovoltaike, duke ofruar performanc\u00eb t\u00eb lart\u00eb, mbik\u00ebqyrje t\u00eb avancuar dhe efikasitet maksimal. I pajisur me WiFi Dongle p\u00ebr monitorim n\u00eb distanc\u00eb dhe mbrojtje IP66 p\u00ebr q\u00ebndrueshm\u00ebri n\u00eb kushte ekstreme. Specifikime [&hellip;]<\/p>","protected":false},"featured_media":5088,"comment_status":"open","ping_status":"closed","template":"","meta":{"_acf_changed":false},"product_brand":[],"product_cat":[114,53],"product_tag":[],"class_list":{"0":"post-5087","1":"product","2":"type-product","3":"status-publish","4":"has-post-thumbnail","6":"product_cat-inverter-on-off-grid","7":"product_cat-panele-fotovoltaike","9":"first","10":"instock","11":"shipping-taxable","12":"product-type-simple"},"acf":[],"_links":{"self":[{"href":"https:\/\/www.brikaelektrik.al\/al\/wp-json\/wp\/v2\/product\/5087","targetHints":{"allow":["GET"]}}],"collection":[{"href":"https:\/\/www.brikaelektrik.al\/al\/wp-json\/wp\/v2\/product"}],"about":[{"href":"https:\/\/www.brikaelektrik.al\/al\/wp-json\/wp\/v2\/types\/product"}],"replies":[{"embeddable":true,"href":"https:\/\/www.brikaelektrik.al\/al\/wp-json\/wp\/v2\/comments?post=5087"}],"wp:featuredmedia":[{"embeddable":true,"href":"https:\/\/www.brikaelektrik.al\/al\/wp-json\/wp\/v2\/media\/5088"}],"wp:attachment":[{"href":"https:\/\/www.brikaelektrik.al\/al\/wp-json\/wp\/v2\/media?parent=5087"}],"wp:term":[{"taxonomy":"product_brand","embeddable":true,"href":"https:\/\/www.brikaelektrik.al\/al\/wp-json\/wp\/v2\/product_brand?post=5087"},{"taxonomy":"product_cat","embeddable":true,"href":"https:\/\/www.brikaelektrik.al\/al\/wp-json\/wp\/v2\/product_cat?post=5087"},{"taxonomy":"product_tag","embeddable":true,"href":"https:\/\/www.brikaelektrik.al\/al\/wp-json\/wp\/v2\/product_tag?post=5087"}],"curies":[{"name":"wp","href":"https:\/\/api.w.org\/{rel}","templated":true}]}}