{"id":5089,"date":"2025-11-11T15:13:54","date_gmt":"2025-11-11T15:13:54","guid":{"rendered":"https:\/\/www.brikaelektrik.al\/?post_type=product&#038;p=5089"},"modified":"2025-11-11T15:13:54","modified_gmt":"2025-11-11T15:13:54","slug":"inverter-10kw-on-grid-monofaze-ip66-10years-warranty","status":"publish","type":"product","link":"https:\/\/www.brikaelektrik.al\/al\/produkt\/inverter-10kw-on-grid-monofaze-ip66-10years-warranty\/","title":{"rendered":"INVERTER  10KW ON GRID MONOFAZE IP66 (10YEARS WARRANTY)"},"content":{"rendered":"<p><strong>Seria:<\/strong> VITAC<br \/>\n<strong>Modeli:<\/strong> Inverter 10KW On Grid Monofaz\u00eb<\/p>\n<p><strong>P\u00ebrshkrimi:<\/strong><br \/>\nInverteri VITAC 10KW On Grid Monofaz\u00eb \u00ebsht\u00eb zgjidhje efikase p\u00ebr sistemet solare rezidenciale dhe komerciale t\u00eb mesme. Me mbrojtje IP66 dhe efikasitet t\u00eb lart\u00eb, ky inverter ofron performanc\u00eb t\u00eb q\u00ebndrueshme dhe jet\u00ebgjat\u00ebsi t\u00eb lart\u00eb, i pajisur me ekran dhe mund\u00ebsi monitorimi me WiFi Dongle.<\/p>\n<p><strong>Specifikime teknike kryesore:<\/strong><br \/>\n&#8211; Fuqia nominale: 10KW<br \/>\n&#8211; Lloji: On Grid \u2013 i lidhur me rrjetin elektrik<br \/>\n&#8211; Faza: Monofaz\u00eb<br \/>\n&#8211; Tensioni hyr\u00ebs maksimal: deri n\u00eb 1100V DC<br \/>\n&#8211; Efikasitet maksimal: &gt;98.2%<br \/>\n&#8211; Ekran: LCD\/LED p\u00ebr status dhe konfigurime<br \/>\n&#8211; Mbrojtje: IP66 p\u00ebr p\u00ebrdorim t\u00eb jasht\u00ebm<br \/>\n&#8211; Komunikim: RS485 \/ WiFi opsional<\/p>","protected":false},"excerpt":{"rendered":"<p>Seria: VITAC Modeli: Inverter 10KW On Grid Monofaz\u00eb P\u00ebrshkrimi: Inverteri VITAC 10KW On Grid Monofaz\u00eb \u00ebsht\u00eb zgjidhje efikase p\u00ebr sistemet solare rezidenciale dhe komerciale t\u00eb mesme. Me mbrojtje IP66 dhe efikasitet t\u00eb lart\u00eb, ky inverter ofron performanc\u00eb t\u00eb q\u00ebndrueshme dhe jet\u00ebgjat\u00ebsi t\u00eb lart\u00eb, i pajisur me ekran dhe mund\u00ebsi monitorimi me WiFi Dongle. Specifikime teknike [&hellip;]<\/p>","protected":false},"featured_media":5090,"comment_status":"open","ping_status":"closed","template":"","meta":{"_acf_changed":false},"product_brand":[],"product_cat":[114,53],"product_tag":[],"class_list":{"0":"post-5089","1":"product","2":"type-product","3":"status-publish","4":"has-post-thumbnail","6":"product_cat-inverter-on-off-grid","7":"product_cat-panele-fotovoltaike","9":"first","10":"instock","11":"shipping-taxable","12":"product-type-simple"},"acf":[],"_links":{"self":[{"href":"https:\/\/www.brikaelektrik.al\/al\/wp-json\/wp\/v2\/product\/5089","targetHints":{"allow":["GET"]}}],"collection":[{"href":"https:\/\/www.brikaelektrik.al\/al\/wp-json\/wp\/v2\/product"}],"about":[{"href":"https:\/\/www.brikaelektrik.al\/al\/wp-json\/wp\/v2\/types\/product"}],"replies":[{"embeddable":true,"href":"https:\/\/www.brikaelektrik.al\/al\/wp-json\/wp\/v2\/comments?post=5089"}],"wp:featuredmedia":[{"embeddable":true,"href":"https:\/\/www.brikaelektrik.al\/al\/wp-json\/wp\/v2\/media\/5090"}],"wp:attachment":[{"href":"https:\/\/www.brikaelektrik.al\/al\/wp-json\/wp\/v2\/media?parent=5089"}],"wp:term":[{"taxonomy":"product_brand","embeddable":true,"href":"https:\/\/www.brikaelektrik.al\/al\/wp-json\/wp\/v2\/product_brand?post=5089"},{"taxonomy":"product_cat","embeddable":true,"href":"https:\/\/www.brikaelektrik.al\/al\/wp-json\/wp\/v2\/product_cat?post=5089"},{"taxonomy":"product_tag","embeddable":true,"href":"https:\/\/www.brikaelektrik.al\/al\/wp-json\/wp\/v2\/product_tag?post=5089"}],"curies":[{"name":"wp","href":"https:\/\/api.w.org\/{rel}","templated":true}]}}